{"id":9109,"date":"2016-06-03T13:42:43","date_gmt":"2016-06-03T11:42:43","guid":{"rendered":"http:\/\/www.translationstreet.pl\/?page_id=9109"},"modified":"2019-04-04T17:07:13","modified_gmt":"2019-04-04T15:07:13","slug":"traduzioni-di-testi","status":"publish","type":"page","link":"https:\/\/www.translationstreet.pl\/it\/traduzioni-di-testi\/","title":{"rendered":"Traduzioni di testi"},"content":{"rendered":"\r\n<section class=\"sh-section sh-section-7eb85dac7b08863b23056b2350e1ee8d fw-main-row arrow-left-right sh-section-visibility-everywhere\">\r\n\t\r\n\t\r\n\t<div class=\"sh-section-container container section-justify-height\">\r\n\t\t<div class=\"fw-row\">\n\t\r\n<div class=\"sh-column sh-column-e5c78df53a75ef7454e2e9a5a17b9b87 fw-col-xs-12\" >\r\n\r\n\t\r\n\t<div class=\"sh-column-wrapper\">\r\n\t\t\r\n<div class=\"sh-heading  \" id=\"heading-8b61777b462d219f82a13c8ba4d63dd9\">\r\n\t<div class=\"sh-element-margin\">\r\n\r\n\t\t\r\n\t\t\t<h1 class=\"sh-heading-content size-xxxl text-left\">\r\n\t\t\t\tTraduzioni di testi\t\t\t<\/h1>\r\n\r\n\t\t\r\n\t<\/div>\r\n<\/div>\r\n\t<\/div>\r\n\r\n\r\n\t\t\r\n\r\n<\/div>\r\n<\/div>\n\n<div class=\"fw-row\">\n\t\r\n<div class=\"sh-column sh-column-0b5864603f42cbec045699e2fdaf12c7 fw-col-xs-12 fw-col-sm-6\" >\r\n\r\n\t\r\n\t<div class=\"sh-column-wrapper\">\r\n\t\t\r\n<div id=\"text-block-a5334f12f5c095fabbfbd0561407eac8\" class=\"sh-text-block uslugi-list\">\r\n\t<ul><li>traduzioni standard e asseverate<\/li><li>traduzioni tecniche<\/li><li>traduzioni finanziarie e legali<\/li><li>traduzioni IT<\/li><li>traduzioni mediche<\/li><li>traduzioni di marketing<\/li><\/ul><\/div>\r\n\t<\/div>\r\n\r\n\r\n\t\t\r\n\r\n<\/div>\r\n\r\n<div class=\"sh-column sh-column-08f2d0f93da3ea2f172dbd60a4a113da fw-col-xs-12 fw-col-sm-6\" >\r\n\r\n\t\r\n\t<div class=\"sh-column-wrapper\">\r\n\t\t\r\n<div id=\"text-block-3486c8bbc7f480625092ad2902a78c7c\" class=\"sh-text-block\">\r\n\t<p><strong>Realizziamo traduzioni di testi in tutte le lingue del mondo<\/strong> e le adattiamo alle necessit\u00e0 dei Clienti.<\/p><p>La <strong>traduzione giurata (asseverata)<\/strong> \u00e8 un documento avente valore legale. \u00c8 provvisto del timbro e della firma dell\u2019interprete giurato (iscritto alla lista tenuta dal Ministro della Giustizia). Questo tipo di traduzione \u00e8 richiesto, ad esempio, nel caso di attestati, diplomi, atti notarili, documenti rilasciati da uffici statali, carte di circolazione, fatture, contratti da esibire in sede giudiziale. Ove necessario, ti segnaleremo la necessit\u00e0 di effettuare una traduzione giurata. In diversi casi potr\u00e0 bastare una traduzione standard di ottima qualit\u00e0.<\/p><p>Le <strong>traduzioni scritte<\/strong> vengono sempre eseguite da veri maestri in questa difficile arte, nonch\u00e9 specialisti nel settore di riferimento. Collaboriamo con filologi, madrelingua, avvocati, ingegneri, esperti in scienze biologiche e tanti altri profili professionali. Ti faremo pervenire una traduzione eccellente sia a livello di contenuti che a livello linguistico. Le nostre traduzioni rispecchiano sempre fedelmente l\u2019originale, anche per quanto concerne il loro formato.<\/p><p>La <strong>traduzione tecnica<\/strong> \u00e8 una forma particolare di traduzione specialistica. Ci avvaliamo della collaborazione di ingegneri attivi in settori quali: aviazione, trasporti, energie, chimica. Questi professionisti conoscono alla perfezione la lingua straniera, compreso il vocabolario specifico della materia trattata. Pertanto, la tua traduzione sar\u00e0 impeccabile dal punto di vista dei contenuti. Su richiesta, possiamo richiedere la verifica del testo tradotto a un filologo, che provveder\u00e0 a rendere pi\u00f9 fluida e piacevole la lingua utilizzata. Ogni documento viene elaborato nel rispetto di norme restrittive.<\/p><p><strong>Perch\u00e9 siamo Translation Street. Traduzioni Sicure.<\/strong><\/p><\/div>\r\n\t<\/div>\r\n\r\n\r\n\t\t\r\n\r\n<\/div>\r\n<\/div>\n\n<div class=\"fw-row\">\n\t\r\n<div class=\"sh-column sh-column-cd975ff18cc86efa54c8f3b626a823be fw-col-xs-12 fw-col-sm-6 arrow-left\" >\r\n\r\n\t\r\n\t<div class=\"sh-column-wrapper\">\r\n\t\t\r\n<div id=\"button-c8c250798498486595fbb00c3ad5e51a\" class=\"sh-button-container  sh-button-style-3\">\r\n\t<div class=\"sh-element-margin\">\r\n\t\t<a href=\"https:\/\/www.translationstreet.pl\/dtp\/\" target=\"_self\" class=\"sh-button sh-button-xlarge sh-button-icon-left\">\r\n\r\n\t\t\t\t\t\t\t<span class=\"sh-button-icon\">\r\n\t\t\t\t\t<i class=\"ti-angle-left\"><\/i>\r\n\t\t\t\t<\/span>\r\n\t\t\t\r\n\t\t\t\r\n\t\t\t\r\n\t\t<\/a>\r\n\t\t\t<\/div>\r\n<\/div>\r\n\t<\/div>\r\n\r\n\r\n\t\t\r\n\r\n<\/div>\r\n\r\n<div class=\"sh-column sh-column-4db900a214a485680d87f7bf9d12b2e6 fw-col-xs-12 fw-col-sm-6 arrow-right\" >\r\n\r\n\t\r\n\t<div class=\"sh-column-wrapper\">\r\n\t\t\r\n<div id=\"button-420a629085b535e5610eaa43082563c3\" class=\"sh-button-container  sh-button-style-3\">\r\n\t<div class=\"sh-element-margin\">\r\n\t\t<a href=\"https:\/\/www.translationstreet.pl\/tlumaczenia-ustne\/\" target=\"_self\" class=\"sh-button sh-button-xlarge sh-button-icon-right\">\r\n\r\n\t\t\t\t\t\t\t<span class=\"sh-button-icon\">\r\n\t\t\t\t\t<i class=\"ti-angle-right\"><\/i>\r\n\t\t\t\t<\/span>\r\n\t\t\t\r\n\t\t\t\r\n\t\t\t\r\n\t\t<\/a>\r\n\t\t\t<\/div>\r\n<\/div>\r\n\t<\/div>\r\n\r\n\r\n\t\t\r\n\r\n<\/div>\r\n<\/div>\n\n\t<\/div>\r\n<\/section>\r\n\n","protected":false},"excerpt":{"rendered":"<p>Traduzioni di testi traduzioni standard e asseveratetraduzioni tecnichetraduzioni finanziarie e legalitraduzioni ITtraduzioni medichetraduzioni di marketing Realizziamo traduzioni di testi in tutte le lingue del mondo e le adattiamo alle necessit\u00e0 dei Clienti.La traduzione giurata (asseverata) \u00e8 un documento avente valore legale. \u00c8 provvisto del timbro&#8230;<\/p>\n","protected":false},"author":1,"featured_media":0,"parent":0,"menu_order":0,"comment_status":"closed","ping_status":"closed","template":"","meta":{"_acf_changed":false,"footnotes":""},"class_list":["post-9109","page","type-page","status-publish","hentry"],"acf":[],"yoast_head":"<!-- This site is optimized with the Yoast SEO plugin v27.3 - https:\/\/yoast.com\/product\/yoast-seo-wordpress\/ -->\n<title>Traduzioni di testi - Translation Street Krak\u00f3w<\/title>\n<meta name=\"description\" content=\"Traduzioni di testi traduzioni standard e asseveratetraduzioni tecnichetraduzioni finanziarie e legalitraduzioni ITtraduzioni medichetraduzioni di\" \/>\n<meta name=\"robots\" content=\"index, follow, max-snippet:-1, max-image-preview:large, max-video-preview:-1\" \/>\n<link rel=\"canonical\" href=\"https:\/\/www.translationstreet.pl\/it\/traduzioni-di-testi\/\" \/>\n<meta property=\"og:locale\" content=\"it_IT\" \/>\n<meta property=\"og:type\" content=\"article\" \/>\n<meta property=\"og:title\" content=\"Traduzioni di testi - Translation Street Krak\u00f3w\" \/>\n<meta property=\"og:description\" content=\"Traduzioni di testi traduzioni standard e asseveratetraduzioni tecnichetraduzioni finanziarie e legalitraduzioni ITtraduzioni medichetraduzioni di\" \/>\n<meta property=\"og:url\" content=\"https:\/\/www.translationstreet.pl\/it\/traduzioni-di-testi\/\" \/>\n<meta property=\"og:site_name\" content=\"Translation Street Krak\u00f3w\" \/>\n<meta property=\"article:modified_time\" content=\"2019-04-04T15:07:13+00:00\" \/>\n<meta name=\"twitter:card\" content=\"summary_large_image\" \/>\n<meta name=\"twitter:label1\" content=\"Tempo di lettura stimato\" \/>\n\t<meta name=\"twitter:data1\" content=\"1 minuto\" \/>\n<script type=\"application\/ld+json\" class=\"yoast-schema-graph\">{\"@context\":\"https:\\\/\\\/schema.org\",\"@graph\":[{\"@type\":\"WebPage\",\"@id\":\"https:\\\/\\\/www.translationstreet.pl\\\/it\\\/traduzioni-di-testi\\\/\",\"url\":\"https:\\\/\\\/www.translationstreet.pl\\\/it\\\/traduzioni-di-testi\\\/\",\"name\":\"Traduzioni di testi - Translation Street Krak\u00f3w\",\"isPartOf\":{\"@id\":\"https:\\\/\\\/www.translationstreet.pl\\\/it\\\/#website\"},\"datePublished\":\"2016-06-03T11:42:43+00:00\",\"dateModified\":\"2019-04-04T15:07:13+00:00\",\"description\":\"Traduzioni di testi traduzioni standard e asseveratetraduzioni tecnichetraduzioni finanziarie e legalitraduzioni ITtraduzioni medichetraduzioni di\",\"breadcrumb\":{\"@id\":\"https:\\\/\\\/www.translationstreet.pl\\\/it\\\/traduzioni-di-testi\\\/#breadcrumb\"},\"inLanguage\":\"it-IT\",\"potentialAction\":[{\"@type\":\"ReadAction\",\"target\":[\"https:\\\/\\\/www.translationstreet.pl\\\/it\\\/traduzioni-di-testi\\\/\"]}]},{\"@type\":\"BreadcrumbList\",\"@id\":\"https:\\\/\\\/www.translationstreet.pl\\\/it\\\/traduzioni-di-testi\\\/#breadcrumb\",\"itemListElement\":[{\"@type\":\"ListItem\",\"position\":1,\"name\":\"Strona g\u0142\u00f3wna\",\"item\":\"https:\\\/\\\/www.translationstreet.pl\\\/it\\\/\"},{\"@type\":\"ListItem\",\"position\":2,\"name\":\"Traduzioni di testi\"}]},{\"@type\":\"WebSite\",\"@id\":\"https:\\\/\\\/www.translationstreet.pl\\\/it\\\/#website\",\"url\":\"https:\\\/\\\/www.translationstreet.pl\\\/it\\\/\",\"name\":\"Translation Street Krak\u00f3w\",\"description\":\"Przygotowujemy profesjonalne t\u0142umaczenia pisemne we wszystkich j\u0119zykach \u015bwiata i dostosowujemy ich rodzaj do potrzeb klient\u00f3w.  Translation Street. Terminowo. S\u0142owo.\",\"publisher\":{\"@id\":\"https:\\\/\\\/www.translationstreet.pl\\\/it\\\/#organization\"},\"potentialAction\":[{\"@type\":\"SearchAction\",\"target\":{\"@type\":\"EntryPoint\",\"urlTemplate\":\"https:\\\/\\\/www.translationstreet.pl\\\/it\\\/?s={search_term_string}\"},\"query-input\":{\"@type\":\"PropertyValueSpecification\",\"valueRequired\":true,\"valueName\":\"search_term_string\"}}],\"inLanguage\":\"it-IT\"},{\"@type\":\"Organization\",\"@id\":\"https:\\\/\\\/www.translationstreet.pl\\\/it\\\/#organization\",\"name\":\"Translation Street Krak\u00f3w\",\"url\":\"https:\\\/\\\/www.translationstreet.pl\\\/it\\\/\",\"logo\":{\"@type\":\"ImageObject\",\"inLanguage\":\"it-IT\",\"@id\":\"https:\\\/\\\/www.translationstreet.pl\\\/it\\\/#\\\/schema\\\/logo\\\/image\\\/\",\"url\":\"https:\\\/\\\/www.translationstreet.pl\\\/wp-content\\\/uploads\\\/2016\\\/11\\\/logoColor2.png\",\"contentUrl\":\"https:\\\/\\\/www.translationstreet.pl\\\/wp-content\\\/uploads\\\/2016\\\/11\\\/logoColor2.png\",\"width\":409,\"height\":46,\"caption\":\"Translation Street Krak\u00f3w\"},\"image\":{\"@id\":\"https:\\\/\\\/www.translationstreet.pl\\\/it\\\/#\\\/schema\\\/logo\\\/image\\\/\"}}]}<\/script>\n<!-- \/ Yoast SEO plugin. -->","yoast_head_json":{"title":"Traduzioni di testi - Translation Street Krak\u00f3w","description":"Traduzioni di testi traduzioni standard e asseveratetraduzioni tecnichetraduzioni finanziarie e legalitraduzioni ITtraduzioni medichetraduzioni di","robots":{"index":"index","follow":"follow","max-snippet":"max-snippet:-1","max-image-preview":"max-image-preview:large","max-video-preview":"max-video-preview:-1"},"canonical":"https:\/\/www.translationstreet.pl\/it\/traduzioni-di-testi\/","og_locale":"it_IT","og_type":"article","og_title":"Traduzioni di testi - Translation Street Krak\u00f3w","og_description":"Traduzioni di testi traduzioni standard e asseveratetraduzioni tecnichetraduzioni finanziarie e legalitraduzioni ITtraduzioni medichetraduzioni di","og_url":"https:\/\/www.translationstreet.pl\/it\/traduzioni-di-testi\/","og_site_name":"Translation Street Krak\u00f3w","article_modified_time":"2019-04-04T15:07:13+00:00","twitter_card":"summary_large_image","twitter_misc":{"Tempo di lettura stimato":"1 minuto"},"schema":{"@context":"https:\/\/schema.org","@graph":[{"@type":"WebPage","@id":"https:\/\/www.translationstreet.pl\/it\/traduzioni-di-testi\/","url":"https:\/\/www.translationstreet.pl\/it\/traduzioni-di-testi\/","name":"Traduzioni di testi - Translation Street Krak\u00f3w","isPartOf":{"@id":"https:\/\/www.translationstreet.pl\/it\/#website"},"datePublished":"2016-06-03T11:42:43+00:00","dateModified":"2019-04-04T15:07:13+00:00","description":"Traduzioni di testi traduzioni standard e asseveratetraduzioni tecnichetraduzioni finanziarie e legalitraduzioni ITtraduzioni medichetraduzioni di","breadcrumb":{"@id":"https:\/\/www.translationstreet.pl\/it\/traduzioni-di-testi\/#breadcrumb"},"inLanguage":"it-IT","potentialAction":[{"@type":"ReadAction","target":["https:\/\/www.translationstreet.pl\/it\/traduzioni-di-testi\/"]}]},{"@type":"BreadcrumbList","@id":"https:\/\/www.translationstreet.pl\/it\/traduzioni-di-testi\/#breadcrumb","itemListElement":[{"@type":"ListItem","position":1,"name":"Strona g\u0142\u00f3wna","item":"https:\/\/www.translationstreet.pl\/it\/"},{"@type":"ListItem","position":2,"name":"Traduzioni di testi"}]},{"@type":"WebSite","@id":"https:\/\/www.translationstreet.pl\/it\/#website","url":"https:\/\/www.translationstreet.pl\/it\/","name":"Translation Street Krak\u00f3w","description":"Przygotowujemy profesjonalne t\u0142umaczenia pisemne we wszystkich j\u0119zykach \u015bwiata i dostosowujemy ich rodzaj do potrzeb klient\u00f3w.  Translation Street. Terminowo. S\u0142owo.","publisher":{"@id":"https:\/\/www.translationstreet.pl\/it\/#organization"},"potentialAction":[{"@type":"SearchAction","target":{"@type":"EntryPoint","urlTemplate":"https:\/\/www.translationstreet.pl\/it\/?s={search_term_string}"},"query-input":{"@type":"PropertyValueSpecification","valueRequired":true,"valueName":"search_term_string"}}],"inLanguage":"it-IT"},{"@type":"Organization","@id":"https:\/\/www.translationstreet.pl\/it\/#organization","name":"Translation Street Krak\u00f3w","url":"https:\/\/www.translationstreet.pl\/it\/","logo":{"@type":"ImageObject","inLanguage":"it-IT","@id":"https:\/\/www.translationstreet.pl\/it\/#\/schema\/logo\/image\/","url":"https:\/\/www.translationstreet.pl\/wp-content\/uploads\/2016\/11\/logoColor2.png","contentUrl":"https:\/\/www.translationstreet.pl\/wp-content\/uploads\/2016\/11\/logoColor2.png","width":409,"height":46,"caption":"Translation Street Krak\u00f3w"},"image":{"@id":"https:\/\/www.translationstreet.pl\/it\/#\/schema\/logo\/image\/"}}]}},"_links":{"self":[{"href":"https:\/\/www.translationstreet.pl\/it\/wp-json\/wp\/v2\/pages\/9109","targetHints":{"allow":["GET"]}}],"collection":[{"href":"https:\/\/www.translationstreet.pl\/it\/wp-json\/wp\/v2\/pages"}],"about":[{"href":"https:\/\/www.translationstreet.pl\/it\/wp-json\/wp\/v2\/types\/page"}],"author":[{"embeddable":true,"href":"https:\/\/www.translationstreet.pl\/it\/wp-json\/wp\/v2\/users\/1"}],"replies":[{"embeddable":true,"href":"https:\/\/www.translationstreet.pl\/it\/wp-json\/wp\/v2\/comments?post=9109"}],"version-history":[{"count":7,"href":"https:\/\/www.translationstreet.pl\/it\/wp-json\/wp\/v2\/pages\/9109\/revisions"}],"predecessor-version":[{"id":9366,"href":"https:\/\/www.translationstreet.pl\/it\/wp-json\/wp\/v2\/pages\/9109\/revisions\/9366"}],"wp:attachment":[{"href":"https:\/\/www.translationstreet.pl\/it\/wp-json\/wp\/v2\/media?parent=9109"}],"curies":[{"name":"wp","href":"https:\/\/api.w.org\/{rel}","templated":true}]}}