{"id":9059,"date":"2016-10-31T11:07:06","date_gmt":"2016-10-31T10:07:06","guid":{"rendered":"http:\/\/www.translationstreet.pl\/?page_id=9059\/"},"modified":"2019-12-16T14:26:31","modified_gmt":"2019-12-16T13:26:31","slug":"services-it","status":"publish","type":"page","link":"https:\/\/www.translationstreet.pl\/it\/services-it\/","title":{"rendered":"IT"},"content":{"rendered":"\r\n<section class=\"sh-section sh-section-7eb85dac7b08863b23056b2350e1ee8d fw-main-row arrow-left-right sh-section-visibility-everywhere\">\r\n\t\r\n\t\r\n\t<div class=\"sh-section-container container section-justify-height\">\r\n\t\t<div class=\"fw-row\">\n\t\r\n<div class=\"sh-column sh-column-e5c78df53a75ef7454e2e9a5a17b9b87 fw-col-xs-12\" >\r\n\r\n\t\r\n\t<div class=\"sh-column-wrapper\">\r\n\t\t\r\n<div class=\"sh-heading  \" id=\"heading-8b61777b462d219f82a13c8ba4d63dd9\">\r\n\t<div class=\"sh-element-margin\">\r\n\r\n\t\t\r\n\t\t\t<h1 class=\"sh-heading-content size-xxxl text-left\">\r\n\t\t\t\tIT\t\t\t<\/h1>\r\n\r\n\t\t\r\n\t<\/div>\r\n<\/div>\r\n\t<\/div>\r\n\r\n\r\n\t\t\r\n\r\n<\/div>\r\n<\/div>\n\n<div class=\"fw-row\">\n\t\r\n<div class=\"sh-column sh-column-0b5864603f42cbec045699e2fdaf12c7 fw-col-xs-12 fw-col-sm-6\" >\r\n\r\n\t\r\n\t<div class=\"sh-column-wrapper\">\r\n\t\t\t<\/div>\r\n\r\n\r\n\t\t\r\n\r\n<\/div>\r\n\r\n<div class=\"sh-column sh-column-08f2d0f93da3ea2f172dbd60a4a113da fw-col-xs-12 fw-col-sm-6\" >\r\n\r\n\t\r\n\t<div class=\"sh-column-wrapper\">\r\n\t\t\r\n<div id=\"text-block-3486c8bbc7f480625092ad2902a78c7c\" class=\"sh-text-block\">\r\n\t<p>Le attrezzature intelligenti hanno reso pi\u00f9 semplice la nostra vita. Grazie al continuo flusso di informazioni, il mondo \u00e8 a portata di mano. Le applicazioni ci aiutano nella vita quotidiana. In un certo senso, anche noi contribuiamo a questo progresso generale.<\/p><p>Quando parcheggi la tua auto grazie alla mappa virtuale, utilizzi le nostre traduzioni. Abbiamo tradotto le istruzioni elaborate dai produttori di applicazioni per smartphone... ma anche quelle della principale azienda concorrente.<\/p><p><strong>Abbiamo lavorato per il proprietario del principale browser mondiale,<\/strong><\/p><p>nato in un garage californiano.<\/p><p>Abbiamo tradotto per un\u2019importante impresa del settore della telefonia cellulare, che partendo da un piccolo paese scandinavo ha conquistato tutti i continenti. \u00a0Sentiamo di essere parte degli straordinari successi di queste aziende e siamo fieri del nostro contributo al raggiungimento del celebre obiettivo denominato \u201cconnecting people\u201d.<\/p><p>Il team dei nostri traduttori \u00e8 costituito, in buona parte, da professionisti giovani e attivi, che non possono immaginare il mondo senza tecnologie moderne. Per questo motivo, non vi sono dubbi sul fatto che<\/p><p><strong>i testi a noi commissionati saranno tradotti con passione, da persone esperte, con l'utilizzo del linguaggio professionale adeguato.<\/strong><\/p><p>Anche nel caso dell\u2019interpretariato, nel corso di conferenze o pannelli di discussione basati sul \"brainstorming\", possiamo garantirti la massima precisione e un'atmosfera creativa. Cos\u00ec come le tecnologie IT, anche noi non conosciamo confini.<\/p><p><strong>Non poniamo limiti alle nostre lingue di lavoro.<\/strong><\/p><p>Abbiamo tradotto persino in lingua swahili! Nella nostra attivit\u00e0 siamo perfetti come un algoritmo e viaggiamo alla velocit\u00e0 della luce. Se sei una startup puoi affidarci senza esitazione la tua idea \u2013 tutti i nostri interpreti e redattori sono vincolati da contratti di riservatezza. E se desideri prendere accordi con l'investitore a tempo di record, puoi ordinarci la traduzione del progetto. Perch\u00e9 Translation Street significa traduzioni. Traduzioni sicure.<\/p><\/div>\r\n\t<\/div>\r\n\r\n\r\n\t\t\r\n\r\n<\/div>\r\n<\/div>\n\n<div class=\"fw-row\">\n\t\r\n<div class=\"sh-column sh-column-cd975ff18cc86efa54c8f3b626a823be fw-col-xs-12 fw-col-sm-6 arrow-left\" >\r\n\r\n\t\r\n\t<div class=\"sh-column-wrapper\">\r\n\t\t\r\n<div id=\"button-c8c250798498486595fbb00c3ad5e51a\" class=\"sh-button-container  sh-button-style-3\">\r\n\t<div class=\"sh-element-margin\">\r\n\t\t<a href=\"https:\/\/www.translationstreet.pl\/finanse\/\" target=\"_self\" class=\"sh-button sh-button-xlarge sh-button-icon-left\">\r\n\r\n\t\t\t\t\t\t\t<span class=\"sh-button-icon\">\r\n\t\t\t\t\t<i class=\"ti-angle-left\"><\/i>\r\n\t\t\t\t<\/span>\r\n\t\t\t\r\n\t\t\t\r\n\t\t\t\r\n\t\t<\/a>\r\n\t\t\t<\/div>\r\n<\/div>\r\n\t<\/div>\r\n\r\n\r\n\t\t\r\n\r\n<\/div>\r\n\r\n<div class=\"sh-column sh-column-4db900a214a485680d87f7bf9d12b2e6 fw-col-xs-12 fw-col-sm-6 arrow-right\" >\r\n\r\n\t\r\n\t<div class=\"sh-column-wrapper\">\r\n\t\t\r\n<div id=\"button-420a629085b535e5610eaa43082563c3\" class=\"sh-button-container  sh-button-style-3\">\r\n\t<div class=\"sh-element-margin\">\r\n\t\t<a href=\"https:\/\/www.translationstreet.pl\/medycyna\/\" target=\"_self\" class=\"sh-button sh-button-xlarge sh-button-icon-right\">\r\n\r\n\t\t\t\t\t\t\t<span class=\"sh-button-icon\">\r\n\t\t\t\t\t<i class=\"ti-angle-right\"><\/i>\r\n\t\t\t\t<\/span>\r\n\t\t\t\r\n\t\t\t\r\n\t\t\t\r\n\t\t<\/a>\r\n\t\t\t<\/div>\r\n<\/div>\r\n\t<\/div>\r\n\r\n\r\n\t\t\r\n\r\n<\/div>\r\n<\/div>\n\n\t<\/div>\r\n<\/section>\r\n\n","protected":false},"excerpt":{"rendered":"<p>IT Le attrezzature intelligenti hanno reso pi\u00f9 semplice la nostra vita. Grazie al continuo flusso di informazioni, il mondo \u00e8 a portata di mano. Le applicazioni ci aiutano nella vita quotidiana. In un certo senso, anche noi contribuiamo a questo progresso generale.Quando parcheggi la tua&#8230;<\/p>\n","protected":false},"author":2,"featured_media":0,"parent":0,"menu_order":0,"comment_status":"closed","ping_status":"closed","template":"","meta":{"_acf_changed":false,"footnotes":""},"class_list":["post-9059","page","type-page","status-publish","hentry"],"acf":[],"yoast_head":"<!-- This site is optimized with the Yoast SEO plugin v27.3 - https:\/\/yoast.com\/product\/yoast-seo-wordpress\/ -->\n<title>IT - Translation Street Krak\u00f3w<\/title>\n<meta name=\"description\" content=\"IT Le attrezzature intelligenti hanno reso pi\u00f9 semplice la nostra vita. Grazie al continuo flusso di informazioni, il mondo \u00e8 a portata di mano. Le\" \/>\n<meta name=\"robots\" content=\"index, follow, max-snippet:-1, max-image-preview:large, max-video-preview:-1\" \/>\n<link rel=\"canonical\" href=\"https:\/\/www.translationstreet.pl\/it\/services-it\/\" \/>\n<meta property=\"og:locale\" content=\"it_IT\" \/>\n<meta property=\"og:type\" content=\"article\" \/>\n<meta property=\"og:title\" content=\"IT - Translation Street Krak\u00f3w\" \/>\n<meta property=\"og:description\" content=\"IT Le attrezzature intelligenti hanno reso pi\u00f9 semplice la nostra vita. Grazie al continuo flusso di informazioni, il mondo \u00e8 a portata di mano. Le\" \/>\n<meta property=\"og:url\" content=\"https:\/\/www.translationstreet.pl\/it\/services-it\/\" \/>\n<meta property=\"og:site_name\" content=\"Translation Street Krak\u00f3w\" \/>\n<meta property=\"article:modified_time\" content=\"2019-12-16T13:26:31+00:00\" \/>\n<meta name=\"twitter:card\" content=\"summary_large_image\" \/>\n<meta name=\"twitter:label1\" content=\"Tempo di lettura stimato\" \/>\n\t<meta name=\"twitter:data1\" content=\"1 minuto\" \/>\n<script type=\"application\/ld+json\" class=\"yoast-schema-graph\">{\"@context\":\"https:\\\/\\\/schema.org\",\"@graph\":[{\"@type\":\"WebPage\",\"@id\":\"https:\\\/\\\/www.translationstreet.pl\\\/it\\\/services-it\\\/\",\"url\":\"https:\\\/\\\/www.translationstreet.pl\\\/it\\\/services-it\\\/\",\"name\":\"IT - Translation Street Krak\u00f3w\",\"isPartOf\":{\"@id\":\"https:\\\/\\\/www.translationstreet.pl\\\/it\\\/#website\"},\"datePublished\":\"2016-10-31T10:07:06+00:00\",\"dateModified\":\"2019-12-16T13:26:31+00:00\",\"description\":\"IT Le attrezzature intelligenti hanno reso pi\u00f9 semplice la nostra vita. Grazie al continuo flusso di informazioni, il mondo \u00e8 a portata di mano. Le\",\"breadcrumb\":{\"@id\":\"https:\\\/\\\/www.translationstreet.pl\\\/it\\\/services-it\\\/#breadcrumb\"},\"inLanguage\":\"it-IT\",\"potentialAction\":[{\"@type\":\"ReadAction\",\"target\":[\"https:\\\/\\\/www.translationstreet.pl\\\/it\\\/services-it\\\/\"]}]},{\"@type\":\"BreadcrumbList\",\"@id\":\"https:\\\/\\\/www.translationstreet.pl\\\/it\\\/services-it\\\/#breadcrumb\",\"itemListElement\":[{\"@type\":\"ListItem\",\"position\":1,\"name\":\"Strona g\u0142\u00f3wna\",\"item\":\"https:\\\/\\\/www.translationstreet.pl\\\/it\\\/\"},{\"@type\":\"ListItem\",\"position\":2,\"name\":\"IT\"}]},{\"@type\":\"WebSite\",\"@id\":\"https:\\\/\\\/www.translationstreet.pl\\\/it\\\/#website\",\"url\":\"https:\\\/\\\/www.translationstreet.pl\\\/it\\\/\",\"name\":\"Translation Street Krak\u00f3w\",\"description\":\"Przygotowujemy profesjonalne t\u0142umaczenia pisemne we wszystkich j\u0119zykach \u015bwiata i dostosowujemy ich rodzaj do potrzeb klient\u00f3w.  Translation Street. Terminowo. S\u0142owo.\",\"publisher\":{\"@id\":\"https:\\\/\\\/www.translationstreet.pl\\\/it\\\/#organization\"},\"potentialAction\":[{\"@type\":\"SearchAction\",\"target\":{\"@type\":\"EntryPoint\",\"urlTemplate\":\"https:\\\/\\\/www.translationstreet.pl\\\/it\\\/?s={search_term_string}\"},\"query-input\":{\"@type\":\"PropertyValueSpecification\",\"valueRequired\":true,\"valueName\":\"search_term_string\"}}],\"inLanguage\":\"it-IT\"},{\"@type\":\"Organization\",\"@id\":\"https:\\\/\\\/www.translationstreet.pl\\\/it\\\/#organization\",\"name\":\"Translation Street Krak\u00f3w\",\"url\":\"https:\\\/\\\/www.translationstreet.pl\\\/it\\\/\",\"logo\":{\"@type\":\"ImageObject\",\"inLanguage\":\"it-IT\",\"@id\":\"https:\\\/\\\/www.translationstreet.pl\\\/it\\\/#\\\/schema\\\/logo\\\/image\\\/\",\"url\":\"https:\\\/\\\/www.translationstreet.pl\\\/wp-content\\\/uploads\\\/2016\\\/11\\\/logoColor2.png\",\"contentUrl\":\"https:\\\/\\\/www.translationstreet.pl\\\/wp-content\\\/uploads\\\/2016\\\/11\\\/logoColor2.png\",\"width\":409,\"height\":46,\"caption\":\"Translation Street Krak\u00f3w\"},\"image\":{\"@id\":\"https:\\\/\\\/www.translationstreet.pl\\\/it\\\/#\\\/schema\\\/logo\\\/image\\\/\"}}]}<\/script>\n<!-- \/ Yoast SEO plugin. -->","yoast_head_json":{"title":"IT - Translation Street Krak\u00f3w","description":"IT Le attrezzature intelligenti hanno reso pi\u00f9 semplice la nostra vita. Grazie al continuo flusso di informazioni, il mondo \u00e8 a portata di mano. Le","robots":{"index":"index","follow":"follow","max-snippet":"max-snippet:-1","max-image-preview":"max-image-preview:large","max-video-preview":"max-video-preview:-1"},"canonical":"https:\/\/www.translationstreet.pl\/it\/services-it\/","og_locale":"it_IT","og_type":"article","og_title":"IT - Translation Street Krak\u00f3w","og_description":"IT Le attrezzature intelligenti hanno reso pi\u00f9 semplice la nostra vita. Grazie al continuo flusso di informazioni, il mondo \u00e8 a portata di mano. Le","og_url":"https:\/\/www.translationstreet.pl\/it\/services-it\/","og_site_name":"Translation Street Krak\u00f3w","article_modified_time":"2019-12-16T13:26:31+00:00","twitter_card":"summary_large_image","twitter_misc":{"Tempo di lettura stimato":"1 minuto"},"schema":{"@context":"https:\/\/schema.org","@graph":[{"@type":"WebPage","@id":"https:\/\/www.translationstreet.pl\/it\/services-it\/","url":"https:\/\/www.translationstreet.pl\/it\/services-it\/","name":"IT - Translation Street Krak\u00f3w","isPartOf":{"@id":"https:\/\/www.translationstreet.pl\/it\/#website"},"datePublished":"2016-10-31T10:07:06+00:00","dateModified":"2019-12-16T13:26:31+00:00","description":"IT Le attrezzature intelligenti hanno reso pi\u00f9 semplice la nostra vita. Grazie al continuo flusso di informazioni, il mondo \u00e8 a portata di mano. Le","breadcrumb":{"@id":"https:\/\/www.translationstreet.pl\/it\/services-it\/#breadcrumb"},"inLanguage":"it-IT","potentialAction":[{"@type":"ReadAction","target":["https:\/\/www.translationstreet.pl\/it\/services-it\/"]}]},{"@type":"BreadcrumbList","@id":"https:\/\/www.translationstreet.pl\/it\/services-it\/#breadcrumb","itemListElement":[{"@type":"ListItem","position":1,"name":"Strona g\u0142\u00f3wna","item":"https:\/\/www.translationstreet.pl\/it\/"},{"@type":"ListItem","position":2,"name":"IT"}]},{"@type":"WebSite","@id":"https:\/\/www.translationstreet.pl\/it\/#website","url":"https:\/\/www.translationstreet.pl\/it\/","name":"Translation Street Krak\u00f3w","description":"Przygotowujemy profesjonalne t\u0142umaczenia pisemne we wszystkich j\u0119zykach \u015bwiata i dostosowujemy ich rodzaj do potrzeb klient\u00f3w.  Translation Street. Terminowo. S\u0142owo.","publisher":{"@id":"https:\/\/www.translationstreet.pl\/it\/#organization"},"potentialAction":[{"@type":"SearchAction","target":{"@type":"EntryPoint","urlTemplate":"https:\/\/www.translationstreet.pl\/it\/?s={search_term_string}"},"query-input":{"@type":"PropertyValueSpecification","valueRequired":true,"valueName":"search_term_string"}}],"inLanguage":"it-IT"},{"@type":"Organization","@id":"https:\/\/www.translationstreet.pl\/it\/#organization","name":"Translation Street Krak\u00f3w","url":"https:\/\/www.translationstreet.pl\/it\/","logo":{"@type":"ImageObject","inLanguage":"it-IT","@id":"https:\/\/www.translationstreet.pl\/it\/#\/schema\/logo\/image\/","url":"https:\/\/www.translationstreet.pl\/wp-content\/uploads\/2016\/11\/logoColor2.png","contentUrl":"https:\/\/www.translationstreet.pl\/wp-content\/uploads\/2016\/11\/logoColor2.png","width":409,"height":46,"caption":"Translation Street Krak\u00f3w"},"image":{"@id":"https:\/\/www.translationstreet.pl\/it\/#\/schema\/logo\/image\/"}}]}},"_links":{"self":[{"href":"https:\/\/www.translationstreet.pl\/it\/wp-json\/wp\/v2\/pages\/9059","targetHints":{"allow":["GET"]}}],"collection":[{"href":"https:\/\/www.translationstreet.pl\/it\/wp-json\/wp\/v2\/pages"}],"about":[{"href":"https:\/\/www.translationstreet.pl\/it\/wp-json\/wp\/v2\/types\/page"}],"author":[{"embeddable":true,"href":"https:\/\/www.translationstreet.pl\/it\/wp-json\/wp\/v2\/users\/2"}],"replies":[{"embeddable":true,"href":"https:\/\/www.translationstreet.pl\/it\/wp-json\/wp\/v2\/comments?post=9059"}],"version-history":[{"count":4,"href":"https:\/\/www.translationstreet.pl\/it\/wp-json\/wp\/v2\/pages\/9059\/revisions"}],"predecessor-version":[{"id":9374,"href":"https:\/\/www.translationstreet.pl\/it\/wp-json\/wp\/v2\/pages\/9059\/revisions\/9374"}],"wp:attachment":[{"href":"https:\/\/www.translationstreet.pl\/it\/wp-json\/wp\/v2\/media?parent=9059"}],"curies":[{"name":"wp","href":"https:\/\/api.w.org\/{rel}","templated":true}]}}