{"id":9041,"date":"2016-10-30T10:10:41","date_gmt":"2016-10-30T09:10:41","guid":{"rendered":"http:\/\/www.translationstreet.pl\/?page_id=9041\/"},"modified":"2019-12-16T14:29:06","modified_gmt":"2019-12-16T13:29:06","slug":"dtp","status":"publish","type":"page","link":"https:\/\/www.translationstreet.pl\/it\/dtp\/","title":{"rendered":"DTP"},"content":{"rendered":"\r\n<section class=\"sh-section sh-section-7eb85dac7b08863b23056b2350e1ee8d fw-main-row arrow-left-right sh-section-visibility-everywhere\">\r\n\t\r\n\t\r\n\t<div class=\"sh-section-container container section-justify-height\">\r\n\t\t<div class=\"fw-row\">\n\t\r\n<div class=\"sh-column sh-column-e5c78df53a75ef7454e2e9a5a17b9b87 fw-col-xs-12\" >\r\n\r\n\t\r\n\t<div class=\"sh-column-wrapper\">\r\n\t\t\r\n<div class=\"sh-heading  \" id=\"heading-8b61777b462d219f82a13c8ba4d63dd9\">\r\n\t<div class=\"sh-element-margin\">\r\n\r\n\t\t\r\n\t\t\t<h1 class=\"sh-heading-content size-xxxl text-left\">\r\n\t\t\t\tDTP\t\t\t<\/h1>\r\n\r\n\t\t\r\n\t<\/div>\r\n<\/div>\r\n\t<\/div>\r\n\r\n\r\n\t\t\r\n\r\n<\/div>\r\n<\/div>\n\n<div class=\"fw-row\">\n\t\r\n<div class=\"sh-column sh-column-0b5864603f42cbec045699e2fdaf12c7 fw-col-xs-12 fw-col-sm-6\" >\r\n\r\n\t\r\n\t<div class=\"sh-column-wrapper\">\r\n\t\t\t<\/div>\r\n\r\n\r\n\t\t\r\n\r\n<\/div>\r\n\r\n<div class=\"sh-column sh-column-08f2d0f93da3ea2f172dbd60a4a113da fw-col-xs-12 fw-col-sm-6\" >\r\n\r\n\t\r\n\t<div class=\"sh-column-wrapper\">\r\n\t\t\r\n<div id=\"text-block-3486c8bbc7f480625092ad2902a78c7c\" class=\"sh-text-block\">\r\n\t<p>Il <strong>Desktop Publishing<\/strong> comprende tutte le operazioni finalizzate alla pubblicazione di un testo. Esse comprendono, ad esempio, l'impaginazione, l'elaborazione dei disegni, la correzione, la preparazione per la stampa e l\u2019assegnazione dell\u2019ordine alla tipografia.<\/p><p>Potrai scegliere ciascuna delle opzioni sopraccitate o affidarci l\u2019intera pratica. Nel caso dei materiali contenenti tabelle, grafici e disegni, proponiamo sempre il servizio di impaginazione. Quest\u2019accorgimento, infatti, migliora la leggibilit\u00e0 del testo. Non dovrai stampare la tua pubblicazione, ma riceverai - su richiesta \u2013 un file PDF elaborato nel rispetto dei parametri pi\u00f9 rigorosi. Qualora tu introduca modifiche nel testo, affidaci la sua correzione: troveremo e correggeremo ogni virgola fuori posto. Se ti serve il testo stampato, ma non hai il tempo di preparare il materiale e di chiamare la tipografia, possiamo occuparcene noi. Su richiesta ti forniremo la pubblicazione pronta. Non dovrai fare altro che aspettare con fiducia la versione cartacea del tuo testo.<\/p><p><strong>E ancora una volta riceverai le tue traduzioni. Traduzioni sicure.<\/strong><\/p><\/div>\r\n\t<\/div>\r\n\r\n\r\n\t\t\r\n\r\n<\/div>\r\n<\/div>\n\n<div class=\"fw-row\">\n\t\r\n<div class=\"sh-column sh-column-cd975ff18cc86efa54c8f3b626a823be fw-col-xs-12 fw-col-sm-6 arrow-left\" >\r\n\r\n\t\r\n\t<div class=\"sh-column-wrapper\">\r\n\t\t\r\n<div id=\"button-c8c250798498486595fbb00c3ad5e51a\" class=\"sh-button-container  sh-button-style-3\">\r\n\t<div class=\"sh-element-margin\">\r\n\t\t<a href=\"https:\/\/www.translationstreet.pl\/transkreacja\/\" target=\"_self\" class=\"sh-button sh-button-xlarge sh-button-icon-left\">\r\n\r\n\t\t\t\t\t\t\t<span class=\"sh-button-icon\">\r\n\t\t\t\t\t<i class=\"ti-angle-left\"><\/i>\r\n\t\t\t\t<\/span>\r\n\t\t\t\r\n\t\t\t\r\n\t\t\t\r\n\t\t<\/a>\r\n\t\t\t<\/div>\r\n<\/div>\r\n\t<\/div>\r\n\r\n\r\n\t\t\r\n\r\n<\/div>\r\n\r\n<div class=\"sh-column sh-column-4db900a214a485680d87f7bf9d12b2e6 fw-col-xs-12 fw-col-sm-6 arrow-right\" >\r\n\r\n\t\r\n\t<div class=\"sh-column-wrapper\">\r\n\t\t\r\n<div id=\"button-420a629085b535e5610eaa43082563c3\" class=\"sh-button-container  sh-button-style-3\">\r\n\t<div class=\"sh-element-margin\">\r\n\t\t<a href=\"https:\/\/www.translationstreet.pl\/tlumaczenia-pisemne\/\" target=\"_self\" class=\"sh-button sh-button-xlarge sh-button-icon-right\">\r\n\r\n\t\t\t\t\t\t\t<span class=\"sh-button-icon\">\r\n\t\t\t\t\t<i class=\"ti-angle-right\"><\/i>\r\n\t\t\t\t<\/span>\r\n\t\t\t\r\n\t\t\t\r\n\t\t\t\r\n\t\t<\/a>\r\n\t\t\t<\/div>\r\n<\/div>\r\n\t<\/div>\r\n\r\n\r\n\t\t\r\n\r\n<\/div>\r\n<\/div>\n\n\t<\/div>\r\n<\/section>\r\n\n","protected":false},"excerpt":{"rendered":"<p>DTP Il Desktop Publishing comprende tutte le operazioni finalizzate alla pubblicazione di un testo. Esse comprendono, ad esempio, l&#8217;impaginazione, l&#8217;elaborazione dei disegni, la correzione, la preparazione per la stampa e l\u2019assegnazione dell\u2019ordine alla tipografia.Potrai scegliere ciascuna delle opzioni sopraccitate o affidarci l\u2019intera pratica. Nel caso&#8230;<\/p>\n","protected":false},"author":2,"featured_media":0,"parent":0,"menu_order":0,"comment_status":"closed","ping_status":"closed","template":"","meta":{"_acf_changed":false,"footnotes":""},"class_list":["post-9041","page","type-page","status-publish","hentry"],"acf":[],"yoast_head":"<!-- This site is optimized with the Yoast SEO plugin v27.3 - https:\/\/yoast.com\/product\/yoast-seo-wordpress\/ -->\n<title>Diritto e finanze - Translation Street Krak\u00f3w<\/title>\n<meta name=\"description\" content=\"DTP Il Desktop Publishing comprende tutte le operazioni finalizzate alla pubblicazione di un testo. Esse comprendono, ad esempio, l&#039;impaginazione,\" \/>\n<meta name=\"robots\" content=\"index, follow, max-snippet:-1, max-image-preview:large, max-video-preview:-1\" \/>\n<link rel=\"canonical\" href=\"https:\/\/www.translationstreet.pl\/it\/dtp\/\" \/>\n<meta property=\"og:locale\" content=\"it_IT\" \/>\n<meta property=\"og:type\" content=\"article\" \/>\n<meta property=\"og:title\" content=\"Diritto e finanze - Translation Street Krak\u00f3w\" \/>\n<meta property=\"og:description\" content=\"DTP Il Desktop Publishing comprende tutte le operazioni finalizzate alla pubblicazione di un testo. Esse comprendono, ad esempio, l&#039;impaginazione,\" \/>\n<meta property=\"og:url\" content=\"https:\/\/www.translationstreet.pl\/it\/dtp\/\" \/>\n<meta property=\"og:site_name\" content=\"Translation Street Krak\u00f3w\" \/>\n<meta property=\"article:modified_time\" content=\"2019-12-16T13:29:06+00:00\" \/>\n<meta name=\"twitter:card\" content=\"summary_large_image\" \/>\n<meta name=\"twitter:label1\" content=\"Tempo di lettura stimato\" \/>\n\t<meta name=\"twitter:data1\" content=\"1 minuto\" \/>\n<script type=\"application\/ld+json\" class=\"yoast-schema-graph\">{\"@context\":\"https:\\\/\\\/schema.org\",\"@graph\":[{\"@type\":\"WebPage\",\"@id\":\"https:\\\/\\\/www.translationstreet.pl\\\/it\\\/dtp\\\/\",\"url\":\"https:\\\/\\\/www.translationstreet.pl\\\/it\\\/dtp\\\/\",\"name\":\"Diritto e finanze - Translation Street Krak\u00f3w\",\"isPartOf\":{\"@id\":\"https:\\\/\\\/www.translationstreet.pl\\\/it\\\/#website\"},\"datePublished\":\"2016-10-30T09:10:41+00:00\",\"dateModified\":\"2019-12-16T13:29:06+00:00\",\"description\":\"DTP Il Desktop Publishing comprende tutte le operazioni finalizzate alla pubblicazione di un testo. Esse comprendono, ad esempio, l'impaginazione,\",\"breadcrumb\":{\"@id\":\"https:\\\/\\\/www.translationstreet.pl\\\/it\\\/dtp\\\/#breadcrumb\"},\"inLanguage\":\"it-IT\",\"potentialAction\":[{\"@type\":\"ReadAction\",\"target\":[\"https:\\\/\\\/www.translationstreet.pl\\\/it\\\/dtp\\\/\"]}]},{\"@type\":\"BreadcrumbList\",\"@id\":\"https:\\\/\\\/www.translationstreet.pl\\\/it\\\/dtp\\\/#breadcrumb\",\"itemListElement\":[{\"@type\":\"ListItem\",\"position\":1,\"name\":\"Strona g\u0142\u00f3wna\",\"item\":\"https:\\\/\\\/www.translationstreet.pl\\\/it\\\/\"},{\"@type\":\"ListItem\",\"position\":2,\"name\":\"DTP\"}]},{\"@type\":\"WebSite\",\"@id\":\"https:\\\/\\\/www.translationstreet.pl\\\/it\\\/#website\",\"url\":\"https:\\\/\\\/www.translationstreet.pl\\\/it\\\/\",\"name\":\"Translation Street Krak\u00f3w\",\"description\":\"Przygotowujemy profesjonalne t\u0142umaczenia pisemne we wszystkich j\u0119zykach \u015bwiata i dostosowujemy ich rodzaj do potrzeb klient\u00f3w.  Translation Street. Terminowo. S\u0142owo.\",\"publisher\":{\"@id\":\"https:\\\/\\\/www.translationstreet.pl\\\/it\\\/#organization\"},\"potentialAction\":[{\"@type\":\"SearchAction\",\"target\":{\"@type\":\"EntryPoint\",\"urlTemplate\":\"https:\\\/\\\/www.translationstreet.pl\\\/it\\\/?s={search_term_string}\"},\"query-input\":{\"@type\":\"PropertyValueSpecification\",\"valueRequired\":true,\"valueName\":\"search_term_string\"}}],\"inLanguage\":\"it-IT\"},{\"@type\":\"Organization\",\"@id\":\"https:\\\/\\\/www.translationstreet.pl\\\/it\\\/#organization\",\"name\":\"Translation Street Krak\u00f3w\",\"url\":\"https:\\\/\\\/www.translationstreet.pl\\\/it\\\/\",\"logo\":{\"@type\":\"ImageObject\",\"inLanguage\":\"it-IT\",\"@id\":\"https:\\\/\\\/www.translationstreet.pl\\\/it\\\/#\\\/schema\\\/logo\\\/image\\\/\",\"url\":\"https:\\\/\\\/www.translationstreet.pl\\\/wp-content\\\/uploads\\\/2016\\\/11\\\/logoColor2.png\",\"contentUrl\":\"https:\\\/\\\/www.translationstreet.pl\\\/wp-content\\\/uploads\\\/2016\\\/11\\\/logoColor2.png\",\"width\":409,\"height\":46,\"caption\":\"Translation Street Krak\u00f3w\"},\"image\":{\"@id\":\"https:\\\/\\\/www.translationstreet.pl\\\/it\\\/#\\\/schema\\\/logo\\\/image\\\/\"}}]}<\/script>\n<!-- \/ Yoast SEO plugin. -->","yoast_head_json":{"title":"Diritto e finanze - Translation Street Krak\u00f3w","description":"DTP Il Desktop Publishing comprende tutte le operazioni finalizzate alla pubblicazione di un testo. Esse comprendono, ad esempio, l'impaginazione,","robots":{"index":"index","follow":"follow","max-snippet":"max-snippet:-1","max-image-preview":"max-image-preview:large","max-video-preview":"max-video-preview:-1"},"canonical":"https:\/\/www.translationstreet.pl\/it\/dtp\/","og_locale":"it_IT","og_type":"article","og_title":"Diritto e finanze - Translation Street Krak\u00f3w","og_description":"DTP Il Desktop Publishing comprende tutte le operazioni finalizzate alla pubblicazione di un testo. Esse comprendono, ad esempio, l'impaginazione,","og_url":"https:\/\/www.translationstreet.pl\/it\/dtp\/","og_site_name":"Translation Street Krak\u00f3w","article_modified_time":"2019-12-16T13:29:06+00:00","twitter_card":"summary_large_image","twitter_misc":{"Tempo di lettura stimato":"1 minuto"},"schema":{"@context":"https:\/\/schema.org","@graph":[{"@type":"WebPage","@id":"https:\/\/www.translationstreet.pl\/it\/dtp\/","url":"https:\/\/www.translationstreet.pl\/it\/dtp\/","name":"Diritto e finanze - Translation Street Krak\u00f3w","isPartOf":{"@id":"https:\/\/www.translationstreet.pl\/it\/#website"},"datePublished":"2016-10-30T09:10:41+00:00","dateModified":"2019-12-16T13:29:06+00:00","description":"DTP Il Desktop Publishing comprende tutte le operazioni finalizzate alla pubblicazione di un testo. Esse comprendono, ad esempio, l'impaginazione,","breadcrumb":{"@id":"https:\/\/www.translationstreet.pl\/it\/dtp\/#breadcrumb"},"inLanguage":"it-IT","potentialAction":[{"@type":"ReadAction","target":["https:\/\/www.translationstreet.pl\/it\/dtp\/"]}]},{"@type":"BreadcrumbList","@id":"https:\/\/www.translationstreet.pl\/it\/dtp\/#breadcrumb","itemListElement":[{"@type":"ListItem","position":1,"name":"Strona g\u0142\u00f3wna","item":"https:\/\/www.translationstreet.pl\/it\/"},{"@type":"ListItem","position":2,"name":"DTP"}]},{"@type":"WebSite","@id":"https:\/\/www.translationstreet.pl\/it\/#website","url":"https:\/\/www.translationstreet.pl\/it\/","name":"Translation Street Krak\u00f3w","description":"Przygotowujemy profesjonalne t\u0142umaczenia pisemne we wszystkich j\u0119zykach \u015bwiata i dostosowujemy ich rodzaj do potrzeb klient\u00f3w.  Translation Street. Terminowo. S\u0142owo.","publisher":{"@id":"https:\/\/www.translationstreet.pl\/it\/#organization"},"potentialAction":[{"@type":"SearchAction","target":{"@type":"EntryPoint","urlTemplate":"https:\/\/www.translationstreet.pl\/it\/?s={search_term_string}"},"query-input":{"@type":"PropertyValueSpecification","valueRequired":true,"valueName":"search_term_string"}}],"inLanguage":"it-IT"},{"@type":"Organization","@id":"https:\/\/www.translationstreet.pl\/it\/#organization","name":"Translation Street Krak\u00f3w","url":"https:\/\/www.translationstreet.pl\/it\/","logo":{"@type":"ImageObject","inLanguage":"it-IT","@id":"https:\/\/www.translationstreet.pl\/it\/#\/schema\/logo\/image\/","url":"https:\/\/www.translationstreet.pl\/wp-content\/uploads\/2016\/11\/logoColor2.png","contentUrl":"https:\/\/www.translationstreet.pl\/wp-content\/uploads\/2016\/11\/logoColor2.png","width":409,"height":46,"caption":"Translation Street Krak\u00f3w"},"image":{"@id":"https:\/\/www.translationstreet.pl\/it\/#\/schema\/logo\/image\/"}}]}},"_links":{"self":[{"href":"https:\/\/www.translationstreet.pl\/it\/wp-json\/wp\/v2\/pages\/9041","targetHints":{"allow":["GET"]}}],"collection":[{"href":"https:\/\/www.translationstreet.pl\/it\/wp-json\/wp\/v2\/pages"}],"about":[{"href":"https:\/\/www.translationstreet.pl\/it\/wp-json\/wp\/v2\/types\/page"}],"author":[{"embeddable":true,"href":"https:\/\/www.translationstreet.pl\/it\/wp-json\/wp\/v2\/users\/2"}],"replies":[{"embeddable":true,"href":"https:\/\/www.translationstreet.pl\/it\/wp-json\/wp\/v2\/comments?post=9041"}],"version-history":[{"count":6,"href":"https:\/\/www.translationstreet.pl\/it\/wp-json\/wp\/v2\/pages\/9041\/revisions"}],"predecessor-version":[{"id":9382,"href":"https:\/\/www.translationstreet.pl\/it\/wp-json\/wp\/v2\/pages\/9041\/revisions\/9382"}],"wp:attachment":[{"href":"https:\/\/www.translationstreet.pl\/it\/wp-json\/wp\/v2\/media?parent=9041"}],"curies":[{"name":"wp","href":"https:\/\/api.w.org\/{rel}","templated":true}]}}