{"id":9119,"date":"2016-10-31T11:10:24","date_gmt":"2016-10-31T10:10:24","guid":{"rendered":"http:\/\/www.translationstreet.pl\/?page_id=9119"},"modified":"2019-04-04T17:09:34","modified_gmt":"2019-04-04T15:09:34","slug":"maisons-deditions","status":"publish","type":"page","link":"https:\/\/www.translationstreet.pl\/fr\/maisons-deditions\/","title":{"rendered":"Maisons d\u2019\u00e9ditions"},"content":{"rendered":"\r\n<section class=\"sh-section sh-section-7eb85dac7b08863b23056b2350e1ee8d fw-main-row arrow-left-right sh-section-visibility-everywhere\">\r\n\t\r\n\t\r\n\t<div class=\"sh-section-container container section-justify-height\">\r\n\t\t<div class=\"fw-row\">\n\t\r\n<div class=\"sh-column sh-column-e5c78df53a75ef7454e2e9a5a17b9b87 fw-col-xs-12\" >\r\n\r\n\t\r\n\t<div class=\"sh-column-wrapper\">\r\n\t\t\r\n<div class=\"sh-heading  \" id=\"heading-8b61777b462d219f82a13c8ba4d63dd9\">\r\n\t<div class=\"sh-element-margin\">\r\n\r\n\t\t\r\n\t\t\t<h1 class=\"sh-heading-content size-xxxl text-left\">\r\n\t\t\t\tMaisons d\u2019\u00e9ditions\t\t\t<\/h1>\r\n\r\n\t\t\r\n\t<\/div>\r\n<\/div>\r\n\t<\/div>\r\n\r\n\r\n\t\t\r\n\r\n<\/div>\r\n<\/div>\n\n<div class=\"fw-row\">\n\t\r\n<div class=\"sh-column sh-column-0b5864603f42cbec045699e2fdaf12c7 fw-col-xs-12 fw-col-sm-6\" >\r\n\r\n\t\r\n\t<div class=\"sh-column-wrapper\">\r\n\t\t\t<\/div>\r\n\r\n\r\n\t\t\r\n\r\n<\/div>\r\n\r\n<div class=\"sh-column sh-column-08f2d0f93da3ea2f172dbd60a4a113da fw-col-xs-12 fw-col-sm-6\" >\r\n\r\n\t\r\n\t<div class=\"sh-column-wrapper\">\r\n\t\t\r\n<div id=\"text-block-3486c8bbc7f480625092ad2902a78c7c\" class=\"sh-text-block\">\r\n\t<p>Vous rentrez \u00e0 la maison, la chaleur vous accueille et, avec elle \u2013 votre meilleur ami. L\u2019ami avec lequel vous passez toujours du bon temps, sur la sagesse duquel vous pouvez compter dans chaque situation. Vous tendez votre main vers l\u2019\u00e9tag\u00e8re\u2026 Oui, nous aussi, nous aimons les livres. On dirait que cet amour est r\u00e9ciproque.<\/p><p>\u00c0 nos partenaires \u2013 les \u00e9diteurs \u2013 nous offrons notre passion, notre temps et notre compr\u00e9hension.<\/p><p><strong>Nous proposons les traductions dans des diff\u00e9rentes paires de langues, y compris les langues tr\u00e8s rares.<\/strong><\/p><p><strong>Si vous le souhaitez \u2013 nous assurons la r\u00e9daction, la v\u00e9rification sur le fond, la correction et la composition.<\/strong><\/p><p>Nous voyons chaque virgule superflue \u2013 et nous la corrigeons. Nos sp\u00e9cialistes ont l\u2019exp\u00e9rience du travail pour les g\u00e9ants du secteur de l\u2019\u00e9dition, nous sommes donc qualifi\u00e9s en ce qui concerne la fiabilit\u00e9 et la cr\u00e9ativit\u00e9. Nous pouvons g\u00e9rer un projet d\u2019une mani\u00e8re globale pour chaque client. Nous avons traduit pour les maisons d\u2019\u00e9dition les plus connues, celles dont les dictionnaires sont pr\u00e9sents dans chaque maison et pour les plus petites qui ont d\u00e9cid\u00e9 de pr\u00e9senter aux lecteurs \u00e9trangers la tradition et l\u2019histoire polonaises. Nous coop\u00e9rons r\u00e9guli\u00e8rement avec les \u00e9tablissements culturels nationaux et locaux, avec les \u00e9ditions des \u00e9coles sup\u00e9rieures et des \u00e9coles artistiques et, \u00e9galement avec les mus\u00e9es polonais d\u2019art et d\u2019histoire contemporaine connus.<\/p><p>Nous savons en quoi consiste la force des m\u00e9dias et nous g\u00e9rons volontiers des projets avec les \u00e9diteurs de presse, y compris de l\u2019\u00e9dition sur mesure (custom publishing) et des services en-ligne.<\/p><p><strong>Nous pouvons adapter chaque message aux go\u00fbts et aux habitudes des destinataires dans le pays donn\u00e9,<\/strong><\/p><p>nous sommes en cela aid\u00e9s par nos correcteurs et nos locuteurs natifs.<\/p><p><strong>Nous r\u00e9alisons \u00e9galement les traductions pour l\u2019auto\u00e9dition<\/strong><\/p><p>et nous nous r\u00e9jouissons quand, gr\u00e2ce \u00e0 nous, ils peuvent r\u00e9aliser leurs r\u00eaves d'entrer sur des march\u00e9s internationaux.<\/p><p>Nous abordons chaque projet avec l\u2019amour de la parole et avec le respect des d\u00e9lais. Apr\u00e8s le travail, nous rentrons chez nous et nous tendons notre main vers l\u2019\u00e9tag\u00e8re avec les livres. Car l\u2019amour des mots \u2013 nous l\u2019avons dans le sang. Vous avez notre parole\u00a0!<\/p><\/div>\r\n\t<\/div>\r\n\r\n\r\n\t\t\r\n\r\n<\/div>\r\n<\/div>\n\n<div class=\"fw-row\">\n\t\r\n<div class=\"sh-column sh-column-cd975ff18cc86efa54c8f3b626a823be fw-col-xs-12 fw-col-sm-6 arrow-left\" >\r\n\r\n\t\r\n\t<div class=\"sh-column-wrapper\">\r\n\t\t\r\n<div id=\"button-c8c250798498486595fbb00c3ad5e51a\" class=\"sh-button-container  sh-button-style-3\">\r\n\t<div class=\"sh-element-margin\">\r\n\t\t<a href=\"https:\/\/www.translationstreet.pl\/marketing\/\" target=\"_self\" class=\"sh-button sh-button-xlarge sh-button-icon-left\">\r\n\r\n\t\t\t\t\t\t\t<span class=\"sh-button-icon\">\r\n\t\t\t\t\t<i class=\"ti-angle-left\"><\/i>\r\n\t\t\t\t<\/span>\r\n\t\t\t\r\n\t\t\t\r\n\t\t\t\r\n\t\t<\/a>\r\n\t\t\t<\/div>\r\n<\/div>\r\n\t<\/div>\r\n\r\n\r\n\t\t\r\n\r\n<\/div>\r\n\r\n<div class=\"sh-column sh-column-4db900a214a485680d87f7bf9d12b2e6 fw-col-xs-12 fw-col-sm-6 arrow-right\" >\r\n\r\n\t\r\n\t<div class=\"sh-column-wrapper\">\r\n\t\t\r\n<div id=\"button-420a629085b535e5610eaa43082563c3\" class=\"sh-button-container  sh-button-style-3\">\r\n\t<div class=\"sh-element-margin\">\r\n\t\t<a href=\"https:\/\/www.translationstreet.pl\/przemysl\/\" target=\"_self\" class=\"sh-button sh-button-xlarge sh-button-icon-right\">\r\n\r\n\t\t\t\t\t\t\t<span class=\"sh-button-icon\">\r\n\t\t\t\t\t<i class=\"ti-angle-right\"><\/i>\r\n\t\t\t\t<\/span>\r\n\t\t\t\r\n\t\t\t\r\n\t\t\t\r\n\t\t<\/a>\r\n\t\t\t<\/div>\r\n<\/div>\r\n\t<\/div>\r\n\r\n\r\n\t\t\r\n\r\n<\/div>\r\n<\/div>\n\n\t<\/div>\r\n<\/section>\r\n\n","protected":false},"excerpt":{"rendered":"<p>Maisons d\u2019\u00e9ditions Vous rentrez \u00e0 la maison, la chaleur vous accueille et, avec elle \u2013 votre meilleur ami. L\u2019ami avec lequel vous passez toujours du bon temps, sur la sagesse duquel vous pouvez compter dans chaque situation. Vous tendez votre main vers l\u2019\u00e9tag\u00e8re\u2026 Oui, nous&#8230;<\/p>\n","protected":false},"author":2,"featured_media":0,"parent":0,"menu_order":0,"comment_status":"closed","ping_status":"closed","template":"","meta":{"_acf_changed":false,"footnotes":""},"class_list":["post-9119","page","type-page","status-publish","hentry"],"acf":[],"yoast_head":"<!-- This site is optimized with the Yoast SEO plugin v27.3 - https:\/\/yoast.com\/product\/yoast-seo-wordpress\/ -->\n<title>Maisons d\u2019\u00e9ditions - Translation Street Krak\u00f3w<\/title>\n<meta name=\"description\" content=\"Maisons d\u2019\u00e9ditions Vous rentrez \u00e0 la maison, la chaleur vous accueille et, avec elle \u2013 votre meilleur ami. L\u2019ami avec lequel vous passez toujours du bon\" \/>\n<meta name=\"robots\" content=\"index, follow, max-snippet:-1, max-image-preview:large, max-video-preview:-1\" \/>\n<link rel=\"canonical\" href=\"https:\/\/www.translationstreet.pl\/fr\/maisons-deditions\/\" \/>\n<meta property=\"og:locale\" content=\"fr_FR\" \/>\n<meta property=\"og:type\" content=\"article\" \/>\n<meta property=\"og:title\" content=\"Maisons d\u2019\u00e9ditions - Translation Street Krak\u00f3w\" \/>\n<meta property=\"og:description\" content=\"Maisons d\u2019\u00e9ditions Vous rentrez \u00e0 la maison, la chaleur vous accueille et, avec elle \u2013 votre meilleur ami. L\u2019ami avec lequel vous passez toujours du bon\" \/>\n<meta property=\"og:url\" content=\"https:\/\/www.translationstreet.pl\/fr\/maisons-deditions\/\" \/>\n<meta property=\"og:site_name\" content=\"Translation Street Krak\u00f3w\" \/>\n<meta property=\"article:modified_time\" content=\"2019-04-04T15:09:34+00:00\" \/>\n<meta name=\"twitter:card\" content=\"summary_large_image\" \/>\n<meta name=\"twitter:label1\" content=\"Dur\u00e9e de lecture estim\u00e9e\" \/>\n\t<meta name=\"twitter:data1\" content=\"2 minutes\" \/>\n<script type=\"application\/ld+json\" class=\"yoast-schema-graph\">{\"@context\":\"https:\\\/\\\/schema.org\",\"@graph\":[{\"@type\":\"WebPage\",\"@id\":\"https:\\\/\\\/www.translationstreet.pl\\\/fr\\\/maisons-deditions\\\/\",\"url\":\"https:\\\/\\\/www.translationstreet.pl\\\/fr\\\/maisons-deditions\\\/\",\"name\":\"Maisons d\u2019\u00e9ditions - Translation Street Krak\u00f3w\",\"isPartOf\":{\"@id\":\"https:\\\/\\\/www.translationstreet.pl\\\/fr\\\/#website\"},\"datePublished\":\"2016-10-31T10:10:24+00:00\",\"dateModified\":\"2019-04-04T15:09:34+00:00\",\"description\":\"Maisons d\u2019\u00e9ditions Vous rentrez \u00e0 la maison, la chaleur vous accueille et, avec elle \u2013 votre meilleur ami. L\u2019ami avec lequel vous passez toujours du bon\",\"breadcrumb\":{\"@id\":\"https:\\\/\\\/www.translationstreet.pl\\\/fr\\\/maisons-deditions\\\/#breadcrumb\"},\"inLanguage\":\"fr-FR\",\"potentialAction\":[{\"@type\":\"ReadAction\",\"target\":[\"https:\\\/\\\/www.translationstreet.pl\\\/fr\\\/maisons-deditions\\\/\"]}]},{\"@type\":\"BreadcrumbList\",\"@id\":\"https:\\\/\\\/www.translationstreet.pl\\\/fr\\\/maisons-deditions\\\/#breadcrumb\",\"itemListElement\":[{\"@type\":\"ListItem\",\"position\":1,\"name\":\"Strona g\u0142\u00f3wna\",\"item\":\"https:\\\/\\\/www.translationstreet.pl\\\/fr\\\/\"},{\"@type\":\"ListItem\",\"position\":2,\"name\":\"Maisons d\u2019\u00e9ditions\"}]},{\"@type\":\"WebSite\",\"@id\":\"https:\\\/\\\/www.translationstreet.pl\\\/fr\\\/#website\",\"url\":\"https:\\\/\\\/www.translationstreet.pl\\\/fr\\\/\",\"name\":\"Translation Street Krak\u00f3w\",\"description\":\"Przygotowujemy profesjonalne t\u0142umaczenia pisemne we wszystkich j\u0119zykach \u015bwiata i dostosowujemy ich rodzaj do potrzeb klient\u00f3w.  Translation Street. Terminowo. S\u0142owo.\",\"publisher\":{\"@id\":\"https:\\\/\\\/www.translationstreet.pl\\\/fr\\\/#organization\"},\"potentialAction\":[{\"@type\":\"SearchAction\",\"target\":{\"@type\":\"EntryPoint\",\"urlTemplate\":\"https:\\\/\\\/www.translationstreet.pl\\\/fr\\\/?s={search_term_string}\"},\"query-input\":{\"@type\":\"PropertyValueSpecification\",\"valueRequired\":true,\"valueName\":\"search_term_string\"}}],\"inLanguage\":\"fr-FR\"},{\"@type\":\"Organization\",\"@id\":\"https:\\\/\\\/www.translationstreet.pl\\\/fr\\\/#organization\",\"name\":\"Translation Street Krak\u00f3w\",\"url\":\"https:\\\/\\\/www.translationstreet.pl\\\/fr\\\/\",\"logo\":{\"@type\":\"ImageObject\",\"inLanguage\":\"fr-FR\",\"@id\":\"https:\\\/\\\/www.translationstreet.pl\\\/fr\\\/#\\\/schema\\\/logo\\\/image\\\/\",\"url\":\"https:\\\/\\\/www.translationstreet.pl\\\/wp-content\\\/uploads\\\/2016\\\/11\\\/logoColor2.png\",\"contentUrl\":\"https:\\\/\\\/www.translationstreet.pl\\\/wp-content\\\/uploads\\\/2016\\\/11\\\/logoColor2.png\",\"width\":409,\"height\":46,\"caption\":\"Translation Street Krak\u00f3w\"},\"image\":{\"@id\":\"https:\\\/\\\/www.translationstreet.pl\\\/fr\\\/#\\\/schema\\\/logo\\\/image\\\/\"}}]}<\/script>\n<!-- \/ Yoast SEO plugin. -->","yoast_head_json":{"title":"Maisons d\u2019\u00e9ditions - Translation Street Krak\u00f3w","description":"Maisons d\u2019\u00e9ditions Vous rentrez \u00e0 la maison, la chaleur vous accueille et, avec elle \u2013 votre meilleur ami. L\u2019ami avec lequel vous passez toujours du bon","robots":{"index":"index","follow":"follow","max-snippet":"max-snippet:-1","max-image-preview":"max-image-preview:large","max-video-preview":"max-video-preview:-1"},"canonical":"https:\/\/www.translationstreet.pl\/fr\/maisons-deditions\/","og_locale":"fr_FR","og_type":"article","og_title":"Maisons d\u2019\u00e9ditions - Translation Street Krak\u00f3w","og_description":"Maisons d\u2019\u00e9ditions Vous rentrez \u00e0 la maison, la chaleur vous accueille et, avec elle \u2013 votre meilleur ami. L\u2019ami avec lequel vous passez toujours du bon","og_url":"https:\/\/www.translationstreet.pl\/fr\/maisons-deditions\/","og_site_name":"Translation Street Krak\u00f3w","article_modified_time":"2019-04-04T15:09:34+00:00","twitter_card":"summary_large_image","twitter_misc":{"Dur\u00e9e de lecture estim\u00e9e":"2 minutes"},"schema":{"@context":"https:\/\/schema.org","@graph":[{"@type":"WebPage","@id":"https:\/\/www.translationstreet.pl\/fr\/maisons-deditions\/","url":"https:\/\/www.translationstreet.pl\/fr\/maisons-deditions\/","name":"Maisons d\u2019\u00e9ditions - Translation Street Krak\u00f3w","isPartOf":{"@id":"https:\/\/www.translationstreet.pl\/fr\/#website"},"datePublished":"2016-10-31T10:10:24+00:00","dateModified":"2019-04-04T15:09:34+00:00","description":"Maisons d\u2019\u00e9ditions Vous rentrez \u00e0 la maison, la chaleur vous accueille et, avec elle \u2013 votre meilleur ami. L\u2019ami avec lequel vous passez toujours du bon","breadcrumb":{"@id":"https:\/\/www.translationstreet.pl\/fr\/maisons-deditions\/#breadcrumb"},"inLanguage":"fr-FR","potentialAction":[{"@type":"ReadAction","target":["https:\/\/www.translationstreet.pl\/fr\/maisons-deditions\/"]}]},{"@type":"BreadcrumbList","@id":"https:\/\/www.translationstreet.pl\/fr\/maisons-deditions\/#breadcrumb","itemListElement":[{"@type":"ListItem","position":1,"name":"Strona g\u0142\u00f3wna","item":"https:\/\/www.translationstreet.pl\/fr\/"},{"@type":"ListItem","position":2,"name":"Maisons d\u2019\u00e9ditions"}]},{"@type":"WebSite","@id":"https:\/\/www.translationstreet.pl\/fr\/#website","url":"https:\/\/www.translationstreet.pl\/fr\/","name":"Translation Street Krak\u00f3w","description":"Przygotowujemy profesjonalne t\u0142umaczenia pisemne we wszystkich j\u0119zykach \u015bwiata i dostosowujemy ich rodzaj do potrzeb klient\u00f3w.  Translation Street. Terminowo. S\u0142owo.","publisher":{"@id":"https:\/\/www.translationstreet.pl\/fr\/#organization"},"potentialAction":[{"@type":"SearchAction","target":{"@type":"EntryPoint","urlTemplate":"https:\/\/www.translationstreet.pl\/fr\/?s={search_term_string}"},"query-input":{"@type":"PropertyValueSpecification","valueRequired":true,"valueName":"search_term_string"}}],"inLanguage":"fr-FR"},{"@type":"Organization","@id":"https:\/\/www.translationstreet.pl\/fr\/#organization","name":"Translation Street Krak\u00f3w","url":"https:\/\/www.translationstreet.pl\/fr\/","logo":{"@type":"ImageObject","inLanguage":"fr-FR","@id":"https:\/\/www.translationstreet.pl\/fr\/#\/schema\/logo\/image\/","url":"https:\/\/www.translationstreet.pl\/wp-content\/uploads\/2016\/11\/logoColor2.png","contentUrl":"https:\/\/www.translationstreet.pl\/wp-content\/uploads\/2016\/11\/logoColor2.png","width":409,"height":46,"caption":"Translation Street Krak\u00f3w"},"image":{"@id":"https:\/\/www.translationstreet.pl\/fr\/#\/schema\/logo\/image\/"}}]}},"_links":{"self":[{"href":"https:\/\/www.translationstreet.pl\/fr\/wp-json\/wp\/v2\/pages\/9119","targetHints":{"allow":["GET"]}}],"collection":[{"href":"https:\/\/www.translationstreet.pl\/fr\/wp-json\/wp\/v2\/pages"}],"about":[{"href":"https:\/\/www.translationstreet.pl\/fr\/wp-json\/wp\/v2\/types\/page"}],"author":[{"embeddable":true,"href":"https:\/\/www.translationstreet.pl\/fr\/wp-json\/wp\/v2\/users\/2"}],"replies":[{"embeddable":true,"href":"https:\/\/www.translationstreet.pl\/fr\/wp-json\/wp\/v2\/comments?post=9119"}],"version-history":[{"count":7,"href":"https:\/\/www.translationstreet.pl\/fr\/wp-json\/wp\/v2\/pages\/9119\/revisions"}],"predecessor-version":[{"id":9330,"href":"https:\/\/www.translationstreet.pl\/fr\/wp-json\/wp\/v2\/pages\/9119\/revisions\/9330"}],"wp:attachment":[{"href":"https:\/\/www.translationstreet.pl\/fr\/wp-json\/wp\/v2\/media?parent=9119"}],"curies":[{"name":"wp","href":"https:\/\/api.w.org\/{rel}","templated":true}]}}