{"id":9099,"date":"2016-05-23T17:21:39","date_gmt":"2016-05-23T14:21:39","guid":{"rendered":"http:\/\/www.translationstreet.pl\/?page_id=9099"},"modified":"2019-12-16T14:31:47","modified_gmt":"2019-12-16T13:31:47","slug":"industrie","status":"publish","type":"page","link":"https:\/\/www.translationstreet.pl\/fr\/industrie\/","title":{"rendered":"Industrie"},"content":{"rendered":"\r\n<section class=\"sh-section sh-section-7eb85dac7b08863b23056b2350e1ee8d fw-main-row arrow-left-right sh-section-visibility-everywhere\">\r\n\t\r\n\t\r\n\t<div class=\"sh-section-container container section-justify-height\">\r\n\t\t<div class=\"fw-row\">\n\t\r\n<div class=\"sh-column sh-column-e5c78df53a75ef7454e2e9a5a17b9b87 fw-col-xs-12\" >\r\n\r\n\t\r\n\t<div class=\"sh-column-wrapper\">\r\n\t\t\r\n<div class=\"sh-heading  \" id=\"heading-8b61777b462d219f82a13c8ba4d63dd9\">\r\n\t<div class=\"sh-element-margin\">\r\n\r\n\t\t\r\n\t\t\t<h1 class=\"sh-heading-content size-xxxl text-left\">\r\n\t\t\t\tIndustrie\t\t\t<\/h1>\r\n\r\n\t\t\r\n\t<\/div>\r\n<\/div>\r\n\t<\/div>\r\n\r\n\r\n\t\t\r\n\r\n<\/div>\r\n<\/div>\n\n<div class=\"fw-row\">\n\t\r\n<div class=\"sh-column sh-column-0b5864603f42cbec045699e2fdaf12c7 fw-col-xs-12 fw-col-sm-6\" >\r\n\r\n\t\r\n\t<div class=\"sh-column-wrapper\">\r\n\t\t\t<\/div>\r\n\r\n\r\n\t\t\r\n\r\n<\/div>\r\n\r\n<div class=\"sh-column sh-column-08f2d0f93da3ea2f172dbd60a4a113da fw-col-xs-12 fw-col-sm-6\" >\r\n\r\n\t\r\n\t<div class=\"sh-column-wrapper\">\r\n\t\t\r\n<div id=\"text-block-3486c8bbc7f480625092ad2902a78c7c\" class=\"sh-text-block\">\r\n\t<p>Regardez autours de vous. Nous sommes entour\u00e9s de mots qui cr\u00e9ent la nouvelle r\u00e9alit\u00e9. Les innovations changent le monde et nous y avons notre part \u2013 nous assurons les traductions de qualit\u00e9 pour que le d\u00e9veloppement n\u2019ait pas de limites.<\/p><p><strong>Depuis des ann\u00e9es nous soutenons l\u2019industrie avec nos traductions.<\/strong><\/p><p>Nous avons un groupe de traducteurs techniques sp\u00e9cialis\u00e9s qui savent utiliser le langage sp\u00e9cifique de votre domaine d\u2019activit\u00e9 \u2013 ind\u00e9pendamment de l\u2019entreprise que vous repr\u00e9sentez. Nous travaillons dans les diff\u00e9rentes paires linguistiques gr\u00e2ce \u00e0 quoi le monde entier aura la chance de conna\u00eetre vos produits. Nous sommes extr\u00eamement pr\u00e9cis et invariablement ponctuels. Chacun de nos traducteurs a sign\u00e9 la clause de confidentialit\u00e9, vous pouvez donc \u00eatre s\u00fbr que les d\u00e9tails de vos projets sont en s\u00e9curit\u00e9.<\/p><p><strong>Nous coop\u00e9rons avec le secteur a\u00e9ronautique,<\/strong><\/p><p>avec les principaux fabricants de wagons, de v\u00e9hicules de transport urbain et de poids-lourds.<\/p><p><strong>Nous avons pr\u00e9par\u00e9 les traductions pour les g\u00e9ants<\/strong><\/p><p>du march\u00e9 de la cog\u00e9n\u00e9ration et de l\u2019extraction et de la transformation du p\u00e9trole. Nous avons coop\u00e9r\u00e9 avec les centres qui s\u2019occupent de la recherche nucl\u00e9aire et avec les \u00e9coles polytechniques o\u00f9 se pr\u00e9pare l\u2019avenir de l\u2019industrie. Nous avons traduit les manuels en plusieurs volumes d\u2019utilisation des avions militaires. Nous coop\u00e9rons avec les principaux fabricants polonais de wagons et d\u2019autobus \u00e9lectriques et, gr\u00e2ce \u00e0 notre soutien au niveau des traductions, leurs projets sont tr\u00e8s bien connus et exploit\u00e9s en Europe de l\u2019Ouest.<\/p><p>La confiance de nos clients apporte ses fruits. Nous sommes fiers de voir les entreprises avec qui nous coop\u00e9rons, gagner de nouveaux march\u00e9s.<\/p><p><strong>Le monde change gr\u00e2ce \u00e0 l\u2019industrie. Le monde change aussi gr\u00e2ce \u00e0 nos traductions.<\/strong><\/p><\/div>\r\n\t<\/div>\r\n\r\n\r\n\t\t\r\n\r\n<\/div>\r\n<\/div>\n\n<div class=\"fw-row\">\n\t\r\n<div class=\"sh-column sh-column-cd975ff18cc86efa54c8f3b626a823be fw-col-xs-12 fw-col-sm-6 arrow-left\" >\r\n\r\n\t\r\n\t<div class=\"sh-column-wrapper\">\r\n\t\t\r\n<div id=\"button-c8c250798498486595fbb00c3ad5e51a\" class=\"sh-button-container  sh-button-style-3\">\r\n\t<div class=\"sh-element-margin\">\r\n\t\t<a href=\"https:\/\/www.translationstreet.pl\/wydawnictwa\/\" target=\"_self\" class=\"sh-button sh-button-xlarge sh-button-icon-left\">\r\n\r\n\t\t\t\t\t\t\t<span class=\"sh-button-icon\">\r\n\t\t\t\t\t<i class=\"ti-angle-left\"><\/i>\r\n\t\t\t\t<\/span>\r\n\t\t\t\r\n\t\t\t\r\n\t\t\t\r\n\t\t<\/a>\r\n\t\t\t<\/div>\r\n<\/div>\r\n\t<\/div>\r\n\r\n\r\n\t\t\r\n\r\n<\/div>\r\n\r\n<div class=\"sh-column sh-column-4db900a214a485680d87f7bf9d12b2e6 fw-col-xs-12 fw-col-sm-6 arrow-right\" >\r\n\r\n\t\r\n\t<div class=\"sh-column-wrapper\">\r\n\t\t\r\n<div id=\"button-420a629085b535e5610eaa43082563c3\" class=\"sh-button-container  sh-button-style-3\">\r\n\t<div class=\"sh-element-margin\">\r\n\t\t<a href=\"https:\/\/www.translationstreet.pl\/finanse\/\" target=\"_self\" class=\"sh-button sh-button-xlarge sh-button-icon-right\">\r\n\r\n\t\t\t\t\t\t\t<span class=\"sh-button-icon\">\r\n\t\t\t\t\t<i class=\"ti-angle-right\"><\/i>\r\n\t\t\t\t<\/span>\r\n\t\t\t\r\n\t\t\t\r\n\t\t\t\r\n\t\t<\/a>\r\n\t\t\t<\/div>\r\n<\/div>\r\n\t<\/div>\r\n\r\n\r\n\t\t\r\n\r\n<\/div>\r\n<\/div>\n\n\t<\/div>\r\n<\/section>\r\n\n","protected":false},"excerpt":{"rendered":"<p>Industrie Regardez autours de vous. Nous sommes entour\u00e9s de mots qui cr\u00e9ent la nouvelle r\u00e9alit\u00e9. Les innovations changent le monde et nous y avons notre part \u2013 nous assurons les traductions de qualit\u00e9 pour que le d\u00e9veloppement n\u2019ait pas de limites.Depuis des ann\u00e9es nous soutenons&#8230;<\/p>\n","protected":false},"author":1,"featured_media":0,"parent":0,"menu_order":0,"comment_status":"closed","ping_status":"closed","template":"","meta":{"_acf_changed":false,"footnotes":""},"class_list":["post-9099","page","type-page","status-publish","hentry"],"acf":[],"yoast_head":"<!-- This site is optimized with the Yoast SEO plugin v27.3 - https:\/\/yoast.com\/product\/yoast-seo-wordpress\/ -->\n<title>Industrie - Translation Street Krak\u00f3w<\/title>\n<meta name=\"description\" content=\"Industrie Regardez autours de vous. Nous sommes entour\u00e9s de mots qui cr\u00e9ent la nouvelle r\u00e9alit\u00e9. Les innovations changent le monde et nous y avons notre\" \/>\n<meta name=\"robots\" content=\"index, follow, max-snippet:-1, max-image-preview:large, max-video-preview:-1\" \/>\n<link rel=\"canonical\" href=\"https:\/\/www.translationstreet.pl\/fr\/industrie\/\" \/>\n<meta property=\"og:locale\" content=\"fr_FR\" \/>\n<meta property=\"og:type\" content=\"article\" \/>\n<meta property=\"og:title\" content=\"Industrie - Translation Street Krak\u00f3w\" \/>\n<meta property=\"og:description\" content=\"Industrie Regardez autours de vous. Nous sommes entour\u00e9s de mots qui cr\u00e9ent la nouvelle r\u00e9alit\u00e9. Les innovations changent le monde et nous y avons notre\" \/>\n<meta property=\"og:url\" content=\"https:\/\/www.translationstreet.pl\/fr\/industrie\/\" \/>\n<meta property=\"og:site_name\" content=\"Translation Street Krak\u00f3w\" \/>\n<meta property=\"article:modified_time\" content=\"2019-12-16T13:31:47+00:00\" \/>\n<meta name=\"twitter:card\" content=\"summary_large_image\" \/>\n<meta name=\"twitter:label1\" content=\"Dur\u00e9e de lecture estim\u00e9e\" \/>\n\t<meta name=\"twitter:data1\" content=\"2 minutes\" \/>\n<script type=\"application\/ld+json\" class=\"yoast-schema-graph\">{\"@context\":\"https:\\\/\\\/schema.org\",\"@graph\":[{\"@type\":\"WebPage\",\"@id\":\"https:\\\/\\\/www.translationstreet.pl\\\/fr\\\/industrie\\\/\",\"url\":\"https:\\\/\\\/www.translationstreet.pl\\\/fr\\\/industrie\\\/\",\"name\":\"Industrie - Translation Street Krak\u00f3w\",\"isPartOf\":{\"@id\":\"https:\\\/\\\/www.translationstreet.pl\\\/fr\\\/#website\"},\"datePublished\":\"2016-05-23T14:21:39+00:00\",\"dateModified\":\"2019-12-16T13:31:47+00:00\",\"description\":\"Industrie Regardez autours de vous. Nous sommes entour\u00e9s de mots qui cr\u00e9ent la nouvelle r\u00e9alit\u00e9. Les innovations changent le monde et nous y avons notre\",\"breadcrumb\":{\"@id\":\"https:\\\/\\\/www.translationstreet.pl\\\/fr\\\/industrie\\\/#breadcrumb\"},\"inLanguage\":\"fr-FR\",\"potentialAction\":[{\"@type\":\"ReadAction\",\"target\":[\"https:\\\/\\\/www.translationstreet.pl\\\/fr\\\/industrie\\\/\"]}]},{\"@type\":\"BreadcrumbList\",\"@id\":\"https:\\\/\\\/www.translationstreet.pl\\\/fr\\\/industrie\\\/#breadcrumb\",\"itemListElement\":[{\"@type\":\"ListItem\",\"position\":1,\"name\":\"Strona g\u0142\u00f3wna\",\"item\":\"https:\\\/\\\/www.translationstreet.pl\\\/fr\\\/\"},{\"@type\":\"ListItem\",\"position\":2,\"name\":\"Industrie\"}]},{\"@type\":\"WebSite\",\"@id\":\"https:\\\/\\\/www.translationstreet.pl\\\/fr\\\/#website\",\"url\":\"https:\\\/\\\/www.translationstreet.pl\\\/fr\\\/\",\"name\":\"Translation Street Krak\u00f3w\",\"description\":\"Przygotowujemy profesjonalne t\u0142umaczenia pisemne we wszystkich j\u0119zykach \u015bwiata i dostosowujemy ich rodzaj do potrzeb klient\u00f3w.  Translation Street. Terminowo. S\u0142owo.\",\"publisher\":{\"@id\":\"https:\\\/\\\/www.translationstreet.pl\\\/fr\\\/#organization\"},\"potentialAction\":[{\"@type\":\"SearchAction\",\"target\":{\"@type\":\"EntryPoint\",\"urlTemplate\":\"https:\\\/\\\/www.translationstreet.pl\\\/fr\\\/?s={search_term_string}\"},\"query-input\":{\"@type\":\"PropertyValueSpecification\",\"valueRequired\":true,\"valueName\":\"search_term_string\"}}],\"inLanguage\":\"fr-FR\"},{\"@type\":\"Organization\",\"@id\":\"https:\\\/\\\/www.translationstreet.pl\\\/fr\\\/#organization\",\"name\":\"Translation Street Krak\u00f3w\",\"url\":\"https:\\\/\\\/www.translationstreet.pl\\\/fr\\\/\",\"logo\":{\"@type\":\"ImageObject\",\"inLanguage\":\"fr-FR\",\"@id\":\"https:\\\/\\\/www.translationstreet.pl\\\/fr\\\/#\\\/schema\\\/logo\\\/image\\\/\",\"url\":\"https:\\\/\\\/www.translationstreet.pl\\\/wp-content\\\/uploads\\\/2016\\\/11\\\/logoColor2.png\",\"contentUrl\":\"https:\\\/\\\/www.translationstreet.pl\\\/wp-content\\\/uploads\\\/2016\\\/11\\\/logoColor2.png\",\"width\":409,\"height\":46,\"caption\":\"Translation Street Krak\u00f3w\"},\"image\":{\"@id\":\"https:\\\/\\\/www.translationstreet.pl\\\/fr\\\/#\\\/schema\\\/logo\\\/image\\\/\"}}]}<\/script>\n<!-- \/ Yoast SEO plugin. -->","yoast_head_json":{"title":"Industrie - Translation Street Krak\u00f3w","description":"Industrie Regardez autours de vous. Nous sommes entour\u00e9s de mots qui cr\u00e9ent la nouvelle r\u00e9alit\u00e9. Les innovations changent le monde et nous y avons notre","robots":{"index":"index","follow":"follow","max-snippet":"max-snippet:-1","max-image-preview":"max-image-preview:large","max-video-preview":"max-video-preview:-1"},"canonical":"https:\/\/www.translationstreet.pl\/fr\/industrie\/","og_locale":"fr_FR","og_type":"article","og_title":"Industrie - Translation Street Krak\u00f3w","og_description":"Industrie Regardez autours de vous. Nous sommes entour\u00e9s de mots qui cr\u00e9ent la nouvelle r\u00e9alit\u00e9. Les innovations changent le monde et nous y avons notre","og_url":"https:\/\/www.translationstreet.pl\/fr\/industrie\/","og_site_name":"Translation Street Krak\u00f3w","article_modified_time":"2019-12-16T13:31:47+00:00","twitter_card":"summary_large_image","twitter_misc":{"Dur\u00e9e de lecture estim\u00e9e":"2 minutes"},"schema":{"@context":"https:\/\/schema.org","@graph":[{"@type":"WebPage","@id":"https:\/\/www.translationstreet.pl\/fr\/industrie\/","url":"https:\/\/www.translationstreet.pl\/fr\/industrie\/","name":"Industrie - Translation Street Krak\u00f3w","isPartOf":{"@id":"https:\/\/www.translationstreet.pl\/fr\/#website"},"datePublished":"2016-05-23T14:21:39+00:00","dateModified":"2019-12-16T13:31:47+00:00","description":"Industrie Regardez autours de vous. Nous sommes entour\u00e9s de mots qui cr\u00e9ent la nouvelle r\u00e9alit\u00e9. Les innovations changent le monde et nous y avons notre","breadcrumb":{"@id":"https:\/\/www.translationstreet.pl\/fr\/industrie\/#breadcrumb"},"inLanguage":"fr-FR","potentialAction":[{"@type":"ReadAction","target":["https:\/\/www.translationstreet.pl\/fr\/industrie\/"]}]},{"@type":"BreadcrumbList","@id":"https:\/\/www.translationstreet.pl\/fr\/industrie\/#breadcrumb","itemListElement":[{"@type":"ListItem","position":1,"name":"Strona g\u0142\u00f3wna","item":"https:\/\/www.translationstreet.pl\/fr\/"},{"@type":"ListItem","position":2,"name":"Industrie"}]},{"@type":"WebSite","@id":"https:\/\/www.translationstreet.pl\/fr\/#website","url":"https:\/\/www.translationstreet.pl\/fr\/","name":"Translation Street Krak\u00f3w","description":"Przygotowujemy profesjonalne t\u0142umaczenia pisemne we wszystkich j\u0119zykach \u015bwiata i dostosowujemy ich rodzaj do potrzeb klient\u00f3w.  Translation Street. Terminowo. S\u0142owo.","publisher":{"@id":"https:\/\/www.translationstreet.pl\/fr\/#organization"},"potentialAction":[{"@type":"SearchAction","target":{"@type":"EntryPoint","urlTemplate":"https:\/\/www.translationstreet.pl\/fr\/?s={search_term_string}"},"query-input":{"@type":"PropertyValueSpecification","valueRequired":true,"valueName":"search_term_string"}}],"inLanguage":"fr-FR"},{"@type":"Organization","@id":"https:\/\/www.translationstreet.pl\/fr\/#organization","name":"Translation Street Krak\u00f3w","url":"https:\/\/www.translationstreet.pl\/fr\/","logo":{"@type":"ImageObject","inLanguage":"fr-FR","@id":"https:\/\/www.translationstreet.pl\/fr\/#\/schema\/logo\/image\/","url":"https:\/\/www.translationstreet.pl\/wp-content\/uploads\/2016\/11\/logoColor2.png","contentUrl":"https:\/\/www.translationstreet.pl\/wp-content\/uploads\/2016\/11\/logoColor2.png","width":409,"height":46,"caption":"Translation Street Krak\u00f3w"},"image":{"@id":"https:\/\/www.translationstreet.pl\/fr\/#\/schema\/logo\/image\/"}}]}},"_links":{"self":[{"href":"https:\/\/www.translationstreet.pl\/fr\/wp-json\/wp\/v2\/pages\/9099","targetHints":{"allow":["GET"]}}],"collection":[{"href":"https:\/\/www.translationstreet.pl\/fr\/wp-json\/wp\/v2\/pages"}],"about":[{"href":"https:\/\/www.translationstreet.pl\/fr\/wp-json\/wp\/v2\/types\/page"}],"author":[{"embeddable":true,"href":"https:\/\/www.translationstreet.pl\/fr\/wp-json\/wp\/v2\/users\/1"}],"replies":[{"embeddable":true,"href":"https:\/\/www.translationstreet.pl\/fr\/wp-json\/wp\/v2\/comments?post=9099"}],"version-history":[{"count":13,"href":"https:\/\/www.translationstreet.pl\/fr\/wp-json\/wp\/v2\/pages\/9099\/revisions"}],"predecessor-version":[{"id":9342,"href":"https:\/\/www.translationstreet.pl\/fr\/wp-json\/wp\/v2\/pages\/9099\/revisions\/9342"}],"wp:attachment":[{"href":"https:\/\/www.translationstreet.pl\/fr\/wp-json\/wp\/v2\/media?parent=9099"}],"curies":[{"name":"wp","href":"https:\/\/api.w.org\/{rel}","templated":true}]}}