{"id":9081,"date":"2016-02-04T23:02:06","date_gmt":"2016-02-04T21:02:06","guid":{"rendered":"http:\/\/www.translationstreet.pl\/?page_id=9081"},"modified":"2021-01-14T13:01:33","modified_gmt":"2021-01-14T12:01:33","slug":"contact","status":"publish","type":"page","link":"https:\/\/www.translationstreet.pl\/fr\/contact\/","title":{"rendered":"Contact"},"content":{"rendered":"<p>\r\n<section class=\"sh-section sh-section-85d0cb12cc54ffd64ac1b060000f329d fw-main-row kontakt-boxes sh-section-visibility-everywhere\">\r\n\t\r\n\t\r\n\t<div class=\"sh-section-container container-fluid section-justify-height\">\r\n\t\t<div class=\"fw-row\">\n\t\r\n<div class=\"sh-column sh-column-df9deb5ae02fd474bfc97ba0449308d8 fw-col-xs-12 fw-col-sm-3\" >\r\n\r\n\t\r\n\t<div class=\"sh-column-wrapper\">\r\n\t\t\r\n<div class=\"sh-iconbox sh-iconbox-style12 sh-iconbox-left improved-responsiveness\" id=\"iconbox-83297cd42d23b518613307de66691518\">\r\n\t\r\n\t\t\t\t\t<div class=\"sh-iconbox-icon\">\r\n\t\t\t\t<div class=\"sh-iconbox-icon-shape sh-iconbox-circle\">\r\n\t\t\t\t\t<i class=\"sh-iconbox-hover fa fa-envelope-o\"><\/i>\r\n\r\n\t\t\t\t\t\t\t\t\t<\/div>\r\n\t\t\t<\/div>\r\n\t\t\r\n\t\t<div class=\"sh-iconbox-aside\">\r\n\t\t\t<div class=\"sh-iconbox-title\">\r\n\t\t\t\t\t\t\t\t\t<h3>E-mail<\/h3>\r\n\t\t\t\t\t\t\t<\/div>\r\n\t\t\t<div class=\"sh-iconbox-seperator\"><\/div>\r\n\t\t\t<div class=\"sh-iconbox-content\">\r\n\t\t\t\t<p><a href=\"mailto:biuro@translationstreet.pl\" title=\"e-mial\" style=\"color:#fff;\">biuro@translationstreet.pl<\/a><\/p>\t\t\t<\/div>\r\n\t\t<\/div>\r\n\r\n\t<\/div>\r\n\t<\/div>\r\n\r\n\r\n\t\t\r\n\r\n<\/div>\r\n\r\n<div class=\"sh-column sh-column-f100daa3440b2aa6e1633d63d3cb96c4 fw-col-xs-12 fw-col-sm-3\" >\r\n\r\n\t\r\n\t<div class=\"sh-column-wrapper\">\r\n\t\t\r\n<div class=\"sh-iconbox sh-iconbox-style12 sh-iconbox-left improved-responsiveness\" id=\"iconbox-edbe581ae5ca3fc21ddf4a353512f4f4\">\r\n\t\r\n\t\t\t\t\t<div class=\"sh-iconbox-icon\">\r\n\t\t\t\t<div class=\"sh-iconbox-icon-shape sh-iconbox-circle\">\r\n\t\t\t\t\t<i class=\"sh-iconbox-hover icon-phone\"><\/i>\r\n\r\n\t\t\t\t\t\t\t\t\t<\/div>\r\n\t\t\t<\/div>\r\n\t\t\r\n\t\t<div class=\"sh-iconbox-aside\">\r\n\t\t\t<div class=\"sh-iconbox-title\">\r\n\t\t\t\t\t\t\t\t\t<h3>T\u00e9l\u00e9phone<\/h3>\r\n\t\t\t\t\t\t\t<\/div>\r\n\t\t\t<div class=\"sh-iconbox-seperator\"><\/div>\r\n\t\t\t<div class=\"sh-iconbox-content\">\r\n\t\t\t\t<p><a id=\"tel_num_contact\" class=\"header-contacts-details\" style=\"display: none; color: #fff;\" title=\"Zadzwo\u0144\" href=\"tel:+48123626000\">(+48) 12 362 60 00<\/a><a id=\"tel_but_contact\" class=\"btn btn-default\" style=\"height: 22px; padding-top: 0px; color: black !important;\" onclick=\"document.getElementById('tel_num_contact').style.display = 'inline'; document.getElementById('tel_but_contact').style.display = 'none';\">Voir le num\u00e9ro de t\u00e9l\u00e9phone<\/a><\/p>\t\t\t<\/div>\r\n\t\t<\/div>\r\n\r\n\t<\/div>\r\n\t<\/div>\r\n\r\n\r\n\t\t\r\n\r\n<\/div>\r\n\r\n<div class=\"sh-column sh-column-7161600e9bd30466f4d129999e6905ff fw-col-xs-12 fw-col-sm-3\" >\r\n\r\n\t\r\n\t<div class=\"sh-column-wrapper\">\r\n\t\t\r\n<div class=\"sh-iconbox sh-iconbox-style12 sh-iconbox-left improved-responsiveness\" id=\"iconbox-6b3affdd8cb871f3f8ae642975020f23\">\r\n\t\r\n\t\t\t\t\t<div class=\"sh-iconbox-icon\">\r\n\t\t\t\t<div class=\"sh-iconbox-icon-shape sh-iconbox-circle\">\r\n\t\t\t\t\t<i class=\"sh-iconbox-hover fa fa-map-marker\"><\/i>\r\n\r\n\t\t\t\t\t\t\t\t\t<\/div>\r\n\t\t\t<\/div>\r\n\t\t\r\n\t\t<div class=\"sh-iconbox-aside\">\r\n\t\t\t<div class=\"sh-iconbox-title\">\r\n\t\t\t\t\t\t\t\t\t<h3>Adresse<\/h3>\r\n\t\t\t\t\t\t\t<\/div>\r\n\t\t\t<div class=\"sh-iconbox-seperator\"><\/div>\r\n\t\t\t<div class=\"sh-iconbox-content\">\r\n\t\t\t\t<p>Rydl\u00f3wka 20, 30-363 Krak\u00f3w<\/p>\t\t\t<\/div>\r\n\t\t<\/div>\r\n\r\n\t<\/div>\r\n\t<\/div>\r\n\r\n\r\n\t\t\r\n\r\n<\/div>\r\n\r\n<div class=\"sh-column sh-column-5894f46b5840f1b6958ef97547719618 fw-col-xs-12 fw-col-sm-3\" >\r\n\r\n\t\r\n\t<div class=\"sh-column-wrapper\">\r\n\t\t\r\n<div class=\"sh-iconbox sh-iconbox-style12 sh-iconbox-left improved-responsiveness\" id=\"iconbox-67457cc1487ec35cb29f7d019d741d7c\">\r\n\t\r\n\t\t\t\t\t<div class=\"sh-iconbox-icon\">\r\n\t\t\t\t<div class=\"sh-iconbox-icon-shape sh-iconbox-circle\">\r\n\t\t\t\t\t<i class=\"sh-iconbox-hover ti-time\"><\/i>\r\n\r\n\t\t\t\t\t\t\t\t\t<\/div>\r\n\t\t\t<\/div>\r\n\t\t\r\n\t\t<div class=\"sh-iconbox-aside\">\r\n\t\t\t<div class=\"sh-iconbox-title\">\r\n\t\t\t\t\t\t\t\t\t<h3>Horaires d&#039;ouvertures<\/h3>\r\n\t\t\t\t\t\t\t<\/div>\r\n\t\t\t<div class=\"sh-iconbox-seperator\"><\/div>\r\n\t\t\t<div class=\"sh-iconbox-content\">\r\n\t\t\t\t<p>Lu. - Ve. 9.00\u201317.00<\/p>\t\t\t<\/div>\r\n\t\t<\/div>\r\n\r\n\t<\/div>\r\n\t<\/div>\r\n\r\n\r\n\t\t\r\n\r\n<\/div>\r\n<\/div>\n\n\t<\/div>\r\n<\/section>\r\n\r\n<section class=\"sh-section sh-section-43a634c4e25c9a65d966233d72b6111b fw-main-row sh-section-visibility-everywhere\">\r\n\t\r\n\t\r\n\t<div class=\"sh-section-container container-fluid\">\r\n\t\t<div class=\"fw-row\">\n\t\r\n<div class=\"sh-column sh-column-93748ce352161bc57ce401aa5519a253 fw-col-xs-12\" >\r\n\r\n\t\r\n\t<div class=\"sh-column-wrapper\">\r\n\t\t<div class=\"sh-output-html\">\r\n\t<iframe src=\"https:\/\/www.google.com\/maps\/embed?pb=!1m18!1m12!1m3!1d2562.7401663396117!2d19.934554316057543!3d50.03496442509544!2m3!1f0!2f0!3f0!3m2!1i1024!2i768!4f13.1!3m3!1m2!1s0x47165b443df5ccab%3A0x953e965c8b7b7fc!2sbiuro%20t%C5%82umacze%C5%84%20Translation%20Street!5e0!3m2!1spl!2spl!4v1609320564863!5m2!1spl!2spl\" height=\"450\" frameborder=\"0\" style=\"width:100%; border:0;\" allowfullscreen=\"\" aria-hidden=\"false\" tabindex=\"0\"><\/iframe><\/div>\r\n\t<\/div>\r\n\r\n\r\n\t\t\r\n\r\n<\/div>\r\n<\/div>\n\n\t<\/div>\r\n<\/section>\r\n\r\n<section class=\"sh-section sh-section-41f466ecbb6b4036da70929e200fd7ba fw-main-row sh-section-visibility-everywhere\">\r\n\t\r\n\t\r\n\t<div class=\"sh-section-container container\">\r\n\t\t<div class=\"fw-row\">\n\t\r\n<div class=\"sh-column sh-column-3aee0f8983a9921517204e901c715abe fw-col-xs-12\" >\r\n\r\n\t\r\n\t<div class=\"sh-column-wrapper\">\r\n\t\t\r\n<div class=\"sh-heading  \" id=\"heading-4a75630029dee63acedab3540ed1a140\">\r\n\t<div class=\"sh-element-margin\">\r\n\r\n\t\t\r\n\t\t\t<h2 class=\"sh-heading-content size-xl text-center\">\r\n\t\t\t\t\u00c9crivez-nous \u2013 nous vous r\u00e9pondrons imm\u00e9diatement.\t\t\t<\/h2>\r\n\r\n\t\t\r\n\t<\/div>\r\n<\/div>\r\n\r\n<div id=\"text-block-101784b399ba1ace79bd38d8877117f8\" class=\"sh-text-block\">\r\n\t<p style=\"text-align: center;\">Vous venez de trouver une agence de traduction \u00e9thique, fiable et solide. Contactez-nous tout de suite et vous ne perdrez plus de temps \u00e0 la recherche d\u2019un partenaire en traduction infaillible:<\/p><\/div>\r\n\r\n<div class=\"sh-empty-space\" id=\"empty-space-257ea1fa89b805aee50d2cf49653f0d1\"><\/div>\r\n<div id=\"contact-form-b4bbe5349ecaa4f42294791753eef29b\" class=\"form-wrapper contact-form\">\r\n\t<form data-fw-form-id=\"fw_form\" method=\"post\" action=\"https:\/\/www.translationstreet.pl\/fr\/wp-json\/wp\/v2\/pages\/9081\" class=\"fw_form_fw_form\" data-fw-ext-forms-type=\"contact-forms\"><input type=\"hidden\" name=\"fwf\" value=\"fw_form\" \/><input type=\"hidden\" id=\"_nonce_4bb363e138ac7b4fc8dc4081ce740141\" name=\"_nonce_4bb363e138ac7b4fc8dc4081ce740141\" value=\"670f503f8c\" \/><input type=\"hidden\" name=\"_wp_http_referer\" value=\"\/fr\/wp-json\/wp\/v2\/pages\/9081\" \/><input type=\"hidden\" name=\"fw_ext_forms_form_type\" value=\"contact-forms\" \/><input type=\"hidden\" name=\"fw_ext_forms_form_id\" value=\"b4bbe5349ecaa4f42294791753eef29b\" \/><div class=\"wrap-forms\">\n\t<div class=\"fw-row\"><\/div><div class=\"fw-row\"><div class=\"fw-col-xs-12 fw-col-sm-6 form-builder-item\">\n\t<div class=\"field-text\">\n\t\t\t\t<label for=\"id-1\">Pr\u00e9nom et nom\t\t\t<sup>*<\/sup>\t\t<\/label>\n\t\t\t\t<input type=\"text\" name=\"text_116e57d\" placeholder=\"\" value=\"\" id=\"id-1\" required=\"required\">\n\t\t\t<\/div>\n<\/div><div class=\"fw-col-xs-12 fw-col-sm-6 form-builder-item\">\n\t<div class=\"field-text\">\n\t\t\t\t<label for=\"id-2\">Soci\u00e9t\u00e9 \t\t\t\t\t<\/label>\n\t\t\t\t<input type=\"text\" name=\"text_440746b\" placeholder=\"\" value=\"\" id=\"id-2\">\n\t\t\t<\/div>\n<\/div><\/div><div class=\"fw-row\"><div class=\"fw-col-xs-12 fw-col-sm-6 form-builder-item\">\n\t<div class=\"field-text\">\n\t\t\t\t<label for=\"id-3\">Adresse e-mail\t\t\t<sup>*<\/sup>\t\t<\/label>\n\t\t\t\t<input type=\"text\" name=\"email_37ecf97\" placeholder=\"\" value=\"\" id=\"id-3\" required=\"required\">\n\t\t\t<\/div>\n<\/div><div class=\"fw-col-xs-12 fw-col-sm-6 form-builder-item\">\n\t<div class=\"field-text\">\n\t\t\t\t<label for=\"id-4\">T\u00e9l\u00e9phone\t\t\t\t\t<\/label>\n\t\t\t\t<input type=\"text\" name=\"number_7547dc2\" placeholder=\"\" value=\"\" id=\"id-4\">\n\t\t\t<\/div>\n<\/div><\/div><div class=\"fw-row\"><div class=\"fw-col-xs-12 form-builder-item\">\n\t<div class=\"field-textarea\">\n\t\t\t\t<label for=\"id-5\">Message \t\t\t<sup>*<\/sup>\t\t<\/label>\n\t\t\t\t<textarea name=\"textarea_8c7125c\" placeholder=\"\" id=\"id-5\" required=\"required\"><\/textarea>\n\t\t\t<\/div>\n<\/div><\/div><div class=\"fw-row\"><div class=\"fw-col-xs-12 fw-col-sm-6 form-builder-item\">\n\t<div class=\"field-recaptcha\">\n\t\t<label>Recaptcha<\/label>\n\t\t<input type=\"hidden\" name=\"recaptcha_78535ff\">\n\t\t<div class=\"form-builder-item-recaptcha\"><\/div>\n\t<\/div>\n<\/div><\/div><\/div><div>\n\t<input type=\"submit\" value=\"Envoyer\" \/>\n<\/div><\/form><\/div>\t<\/div>\r\n\r\n\r\n\t\t\r\n\r\n<\/div>\r\n<\/div>\n\n\t<\/div>\r\n<\/section>\r\n<\/p>\n","protected":false},"excerpt":{"rendered":"<p>E-mail biuro@translationstreet.pl T\u00e9l\u00e9phone (+48) 12 362 60 00Voir le num\u00e9ro de t\u00e9l\u00e9phone Adresse Rydl\u00f3wka 20, 30-363 Krak\u00f3w Horaires d&#039;ouvertures Lu. &#8211; Ve. 9.00\u201317.00 \u00c9crivez-nous \u2013 nous vous r\u00e9pondrons imm\u00e9diatement. Vous venez de trouver une agence de traduction \u00e9thique, fiable et solide. Contactez-nous tout de suite&#8230;<\/p>\n","protected":false},"author":1,"featured_media":0,"parent":0,"menu_order":0,"comment_status":"closed","ping_status":"closed","template":"","meta":{"_acf_changed":false,"footnotes":""},"class_list":["post-9081","page","type-page","status-publish","hentry"],"acf":[],"yoast_head":"<!-- This site is optimized with the Yoast SEO plugin v27.3 - https:\/\/yoast.com\/product\/yoast-seo-wordpress\/ -->\n<title>Nous contacter - Translation Street Krak\u00f3w<\/title>\n<meta name=\"description\" content=\"E-mail biuro@translationstreet.pl T\u00e9l\u00e9phone (+48) 12 362 60 00Voir le num\u00e9ro de t\u00e9l\u00e9phone Adresse Rydl\u00f3wka 20, 30-363 Krak\u00f3w Horaires d&#039;ouvertures\" \/>\n<meta name=\"robots\" content=\"index, follow, max-snippet:-1, max-image-preview:large, max-video-preview:-1\" \/>\n<link rel=\"canonical\" href=\"https:\/\/www.translationstreet.pl\/fr\/contact\/\" \/>\n<meta property=\"og:locale\" content=\"fr_FR\" \/>\n<meta property=\"og:type\" content=\"article\" \/>\n<meta property=\"og:title\" content=\"Nous contacter - Translation Street Krak\u00f3w\" \/>\n<meta property=\"og:description\" content=\"E-mail biuro@translationstreet.pl T\u00e9l\u00e9phone (+48) 12 362 60 00Voir le num\u00e9ro de t\u00e9l\u00e9phone Adresse Rydl\u00f3wka 20, 30-363 Krak\u00f3w Horaires d&#039;ouvertures\" \/>\n<meta property=\"og:url\" content=\"https:\/\/www.translationstreet.pl\/fr\/contact\/\" \/>\n<meta property=\"og:site_name\" content=\"Translation Street Krak\u00f3w\" \/>\n<meta property=\"article:modified_time\" content=\"2021-01-14T12:01:33+00:00\" \/>\n<meta name=\"twitter:card\" content=\"summary_large_image\" \/>\n<script type=\"application\/ld+json\" class=\"yoast-schema-graph\">{\"@context\":\"https:\\\/\\\/schema.org\",\"@graph\":[{\"@type\":\"WebPage\",\"@id\":\"https:\\\/\\\/www.translationstreet.pl\\\/fr\\\/contact\\\/\",\"url\":\"https:\\\/\\\/www.translationstreet.pl\\\/fr\\\/contact\\\/\",\"name\":\"Nous contacter - Translation Street Krak\u00f3w\",\"isPartOf\":{\"@id\":\"https:\\\/\\\/www.translationstreet.pl\\\/fr\\\/#website\"},\"datePublished\":\"2016-02-04T21:02:06+00:00\",\"dateModified\":\"2021-01-14T12:01:33+00:00\",\"description\":\"E-mail biuro@translationstreet.pl T\u00e9l\u00e9phone (+48) 12 362 60 00Voir le num\u00e9ro de t\u00e9l\u00e9phone Adresse Rydl\u00f3wka 20, 30-363 Krak\u00f3w Horaires d&#039;ouvertures\",\"breadcrumb\":{\"@id\":\"https:\\\/\\\/www.translationstreet.pl\\\/fr\\\/contact\\\/#breadcrumb\"},\"inLanguage\":\"fr-FR\",\"potentialAction\":[{\"@type\":\"ReadAction\",\"target\":[\"https:\\\/\\\/www.translationstreet.pl\\\/fr\\\/contact\\\/\"]}]},{\"@type\":\"BreadcrumbList\",\"@id\":\"https:\\\/\\\/www.translationstreet.pl\\\/fr\\\/contact\\\/#breadcrumb\",\"itemListElement\":[{\"@type\":\"ListItem\",\"position\":1,\"name\":\"Strona g\u0142\u00f3wna\",\"item\":\"https:\\\/\\\/www.translationstreet.pl\\\/fr\\\/\"},{\"@type\":\"ListItem\",\"position\":2,\"name\":\"Contact\"}]},{\"@type\":\"WebSite\",\"@id\":\"https:\\\/\\\/www.translationstreet.pl\\\/fr\\\/#website\",\"url\":\"https:\\\/\\\/www.translationstreet.pl\\\/fr\\\/\",\"name\":\"Translation Street Krak\u00f3w\",\"description\":\"Przygotowujemy profesjonalne t\u0142umaczenia pisemne we wszystkich j\u0119zykach \u015bwiata i dostosowujemy ich rodzaj do potrzeb klient\u00f3w.  Translation Street. Terminowo. S\u0142owo.\",\"publisher\":{\"@id\":\"https:\\\/\\\/www.translationstreet.pl\\\/fr\\\/#organization\"},\"potentialAction\":[{\"@type\":\"SearchAction\",\"target\":{\"@type\":\"EntryPoint\",\"urlTemplate\":\"https:\\\/\\\/www.translationstreet.pl\\\/fr\\\/?s={search_term_string}\"},\"query-input\":{\"@type\":\"PropertyValueSpecification\",\"valueRequired\":true,\"valueName\":\"search_term_string\"}}],\"inLanguage\":\"fr-FR\"},{\"@type\":\"Organization\",\"@id\":\"https:\\\/\\\/www.translationstreet.pl\\\/fr\\\/#organization\",\"name\":\"Translation Street Krak\u00f3w\",\"url\":\"https:\\\/\\\/www.translationstreet.pl\\\/fr\\\/\",\"logo\":{\"@type\":\"ImageObject\",\"inLanguage\":\"fr-FR\",\"@id\":\"https:\\\/\\\/www.translationstreet.pl\\\/fr\\\/#\\\/schema\\\/logo\\\/image\\\/\",\"url\":\"https:\\\/\\\/www.translationstreet.pl\\\/wp-content\\\/uploads\\\/2016\\\/11\\\/logoColor2.png\",\"contentUrl\":\"https:\\\/\\\/www.translationstreet.pl\\\/wp-content\\\/uploads\\\/2016\\\/11\\\/logoColor2.png\",\"width\":409,\"height\":46,\"caption\":\"Translation Street Krak\u00f3w\"},\"image\":{\"@id\":\"https:\\\/\\\/www.translationstreet.pl\\\/fr\\\/#\\\/schema\\\/logo\\\/image\\\/\"}}]}<\/script>\n<!-- \/ Yoast SEO plugin. -->","yoast_head_json":{"title":"Nous contacter - Translation Street Krak\u00f3w","description":"E-mail biuro@translationstreet.pl T\u00e9l\u00e9phone (+48) 12 362 60 00Voir le num\u00e9ro de t\u00e9l\u00e9phone Adresse Rydl\u00f3wka 20, 30-363 Krak\u00f3w Horaires d&#039;ouvertures","robots":{"index":"index","follow":"follow","max-snippet":"max-snippet:-1","max-image-preview":"max-image-preview:large","max-video-preview":"max-video-preview:-1"},"canonical":"https:\/\/www.translationstreet.pl\/fr\/contact\/","og_locale":"fr_FR","og_type":"article","og_title":"Nous contacter - Translation Street Krak\u00f3w","og_description":"E-mail biuro@translationstreet.pl T\u00e9l\u00e9phone (+48) 12 362 60 00Voir le num\u00e9ro de t\u00e9l\u00e9phone Adresse Rydl\u00f3wka 20, 30-363 Krak\u00f3w Horaires d&#039;ouvertures","og_url":"https:\/\/www.translationstreet.pl\/fr\/contact\/","og_site_name":"Translation Street Krak\u00f3w","article_modified_time":"2021-01-14T12:01:33+00:00","twitter_card":"summary_large_image","schema":{"@context":"https:\/\/schema.org","@graph":[{"@type":"WebPage","@id":"https:\/\/www.translationstreet.pl\/fr\/contact\/","url":"https:\/\/www.translationstreet.pl\/fr\/contact\/","name":"Nous contacter - Translation Street Krak\u00f3w","isPartOf":{"@id":"https:\/\/www.translationstreet.pl\/fr\/#website"},"datePublished":"2016-02-04T21:02:06+00:00","dateModified":"2021-01-14T12:01:33+00:00","description":"E-mail biuro@translationstreet.pl T\u00e9l\u00e9phone (+48) 12 362 60 00Voir le num\u00e9ro de t\u00e9l\u00e9phone Adresse Rydl\u00f3wka 20, 30-363 Krak\u00f3w Horaires d&#039;ouvertures","breadcrumb":{"@id":"https:\/\/www.translationstreet.pl\/fr\/contact\/#breadcrumb"},"inLanguage":"fr-FR","potentialAction":[{"@type":"ReadAction","target":["https:\/\/www.translationstreet.pl\/fr\/contact\/"]}]},{"@type":"BreadcrumbList","@id":"https:\/\/www.translationstreet.pl\/fr\/contact\/#breadcrumb","itemListElement":[{"@type":"ListItem","position":1,"name":"Strona g\u0142\u00f3wna","item":"https:\/\/www.translationstreet.pl\/fr\/"},{"@type":"ListItem","position":2,"name":"Contact"}]},{"@type":"WebSite","@id":"https:\/\/www.translationstreet.pl\/fr\/#website","url":"https:\/\/www.translationstreet.pl\/fr\/","name":"Translation Street Krak\u00f3w","description":"Przygotowujemy profesjonalne t\u0142umaczenia pisemne we wszystkich j\u0119zykach \u015bwiata i dostosowujemy ich rodzaj do potrzeb klient\u00f3w.  Translation Street. Terminowo. S\u0142owo.","publisher":{"@id":"https:\/\/www.translationstreet.pl\/fr\/#organization"},"potentialAction":[{"@type":"SearchAction","target":{"@type":"EntryPoint","urlTemplate":"https:\/\/www.translationstreet.pl\/fr\/?s={search_term_string}"},"query-input":{"@type":"PropertyValueSpecification","valueRequired":true,"valueName":"search_term_string"}}],"inLanguage":"fr-FR"},{"@type":"Organization","@id":"https:\/\/www.translationstreet.pl\/fr\/#organization","name":"Translation Street Krak\u00f3w","url":"https:\/\/www.translationstreet.pl\/fr\/","logo":{"@type":"ImageObject","inLanguage":"fr-FR","@id":"https:\/\/www.translationstreet.pl\/fr\/#\/schema\/logo\/image\/","url":"https:\/\/www.translationstreet.pl\/wp-content\/uploads\/2016\/11\/logoColor2.png","contentUrl":"https:\/\/www.translationstreet.pl\/wp-content\/uploads\/2016\/11\/logoColor2.png","width":409,"height":46,"caption":"Translation Street Krak\u00f3w"},"image":{"@id":"https:\/\/www.translationstreet.pl\/fr\/#\/schema\/logo\/image\/"}}]}},"_links":{"self":[{"href":"https:\/\/www.translationstreet.pl\/fr\/wp-json\/wp\/v2\/pages\/9081","targetHints":{"allow":["GET"]}}],"collection":[{"href":"https:\/\/www.translationstreet.pl\/fr\/wp-json\/wp\/v2\/pages"}],"about":[{"href":"https:\/\/www.translationstreet.pl\/fr\/wp-json\/wp\/v2\/types\/page"}],"author":[{"embeddable":true,"href":"https:\/\/www.translationstreet.pl\/fr\/wp-json\/wp\/v2\/users\/1"}],"replies":[{"embeddable":true,"href":"https:\/\/www.translationstreet.pl\/fr\/wp-json\/wp\/v2\/comments?post=9081"}],"version-history":[{"count":20,"href":"https:\/\/www.translationstreet.pl\/fr\/wp-json\/wp\/v2\/pages\/9081\/revisions"}],"predecessor-version":[{"id":10924,"href":"https:\/\/www.translationstreet.pl\/fr\/wp-json\/wp\/v2\/pages\/9081\/revisions\/10924"}],"wp:attachment":[{"href":"https:\/\/www.translationstreet.pl\/fr\/wp-json\/wp\/v2\/media?parent=9081"}],"curies":[{"name":"wp","href":"https:\/\/api.w.org\/{rel}","templated":true}]}}