{"id":9057,"date":"2016-10-31T11:07:06","date_gmt":"2016-10-31T10:07:06","guid":{"rendered":"http:\/\/www.translationstreet.pl\/?page_id=9057\/"},"modified":"2019-12-16T14:26:21","modified_gmt":"2019-12-16T13:26:21","slug":"branze-it","status":"publish","type":"page","link":"https:\/\/www.translationstreet.pl\/fr\/branze-it\/","title":{"rendered":"IT"},"content":{"rendered":"\r\n<section class=\"sh-section sh-section-7eb85dac7b08863b23056b2350e1ee8d fw-main-row arrow-left-right sh-section-visibility-everywhere\">\r\n\t\r\n\t\r\n\t<div class=\"sh-section-container container section-justify-height\">\r\n\t\t<div class=\"fw-row\">\n\t\r\n<div class=\"sh-column sh-column-e5c78df53a75ef7454e2e9a5a17b9b87 fw-col-xs-12\" >\r\n\r\n\t\r\n\t<div class=\"sh-column-wrapper\">\r\n\t\t\r\n<div class=\"sh-heading  \" id=\"heading-8b61777b462d219f82a13c8ba4d63dd9\">\r\n\t<div class=\"sh-element-margin\">\r\n\r\n\t\t\r\n\t\t\t<h1 class=\"sh-heading-content size-xxxl text-left\">\r\n\t\t\t\tIT\t\t\t<\/h1>\r\n\r\n\t\t\r\n\t<\/div>\r\n<\/div>\r\n\t<\/div>\r\n\r\n\r\n\t\t\r\n\r\n<\/div>\r\n<\/div>\n\n<div class=\"fw-row\">\n\t\r\n<div class=\"sh-column sh-column-0b5864603f42cbec045699e2fdaf12c7 fw-col-xs-12 fw-col-sm-6\" >\r\n\r\n\t\r\n\t<div class=\"sh-column-wrapper\">\r\n\t\t\t<\/div>\r\n\r\n\r\n\t\t\r\n\r\n<\/div>\r\n\r\n<div class=\"sh-column sh-column-08f2d0f93da3ea2f172dbd60a4a113da fw-col-xs-12 fw-col-sm-6\" >\r\n\r\n\t\r\n\t<div class=\"sh-column-wrapper\">\r\n\t\t\r\n<div id=\"text-block-3486c8bbc7f480625092ad2902a78c7c\" class=\"sh-text-block\">\r\n\t<p>Les dispositifs intelligents ont rendu notre vie plus simple. Gr\u00e2ce au flux des informations, le monde est \u00e0 port\u00e9e de main. Les applications facilitent la vie de tous les jours. Dans une certaine mesure c\u2019est gr\u00e2ce \u00e0 nous.<\/p><p>Quand vous garez votre voiture gr\u00e2ce \u00e0 la carte virtuelle, vous profitez de nos traductions. Nous avons pr\u00e9par\u00e9 les notices d\u2019emploi pour les cr\u00e9ateurs des applications pour smartphones et\u2026 pour le plus grand concurrent des smartphones.<\/p><p><strong>Parmi nos clients nous avons eu le plus grand moteur de recherche dans le monde,<\/strong><\/p><p>celui dont l\u2019histoire a commenc\u00e9 dans un garage en Californie.<\/p><p>Nous avons traduit pour un fabricant du secteur de t\u00e9l\u00e9phonie mobile qui, bien qu\u2019il vienne d\u2019un pays scandinave pas bien grand, a su conqu\u00e9rir tous les continents. Nous avons le sentiment de faire partie des succ\u00e8s incroyables de ces entreprises et nous avons la satisfaction de \u00ab\u00a0connecter les gens\u00a0\u00bb entre eux.<\/p><p>Nos traducteurs sont, pour la plupart d\u2019eux, des personnes jeunes, des professionnels actifs qui ne s\u2019imaginent pas la vie sans les nouvelles technologies. Pour cette raison vous pouvez avoir la certitude que<\/p><p><strong>les textes que vous nous enverrez seront traduits avec passion, connaissance du sujet et en utilisant le vocabulaire sp\u00e9cifique.<\/strong><\/p><p>Il en sera de m\u00eame avec l\u2019interpr\u00e9tariat \u2013 pendant des conf\u00e9rences ou lors des r\u00e9unions cr\u00e9atives d'attaque en \u00e9quipe d'un probl\u00e8me (brain storm), nous garantissons la pr\u00e9cision et nous soutenons une ambiance cr\u00e9ative. De la m\u00eame mani\u00e8re que les technologies IT n\u2019ont pas de fronti\u00e8res, nous<\/p><p><strong>n\u2019instaurons pas de limites quant aux langues avec lesquelles nous travaillons.<\/strong><\/p><p>Nous avons m\u00eame traduit vers le swahili\u00a0! Nous sommes en cela infaillibles comme un algorithme et nous travaillons \u00e0 la vitesse de la lumi\u00e8re. Si vous \u00eates une start-up, vous pouvez sans h\u00e9siter nous confier votre id\u00e9e \u2013 tous nos traducteurs et r\u00e9dacteurs ont sign\u00e9 la clause de confidentialit\u00e9. Et si vous souhaitez avoir imm\u00e9diatement un rendez-vous avec un bailleur de fonds, confiez-nous la traduction de votre projet. Ce sera toujours fait \u00e0 temps. Vous avez notre parole.<\/p><\/div>\r\n\t<\/div>\r\n\r\n\r\n\t\t\r\n\r\n<\/div>\r\n<\/div>\n\n<div class=\"fw-row\">\n\t\r\n<div class=\"sh-column sh-column-cd975ff18cc86efa54c8f3b626a823be fw-col-xs-12 fw-col-sm-6 arrow-left\" >\r\n\r\n\t\r\n\t<div class=\"sh-column-wrapper\">\r\n\t\t\r\n<div id=\"button-c8c250798498486595fbb00c3ad5e51a\" class=\"sh-button-container  sh-button-style-3\">\r\n\t<div class=\"sh-element-margin\">\r\n\t\t<a href=\"https:\/\/www.translationstreet.pl\/finanse\/\" target=\"_self\" class=\"sh-button sh-button-xlarge sh-button-icon-left\">\r\n\r\n\t\t\t\t\t\t\t<span class=\"sh-button-icon\">\r\n\t\t\t\t\t<i class=\"ti-angle-left\"><\/i>\r\n\t\t\t\t<\/span>\r\n\t\t\t\r\n\t\t\t\r\n\t\t\t\r\n\t\t<\/a>\r\n\t\t\t<\/div>\r\n<\/div>\r\n\t<\/div>\r\n\r\n\r\n\t\t\r\n\r\n<\/div>\r\n\r\n<div class=\"sh-column sh-column-4db900a214a485680d87f7bf9d12b2e6 fw-col-xs-12 fw-col-sm-6 arrow-right\" >\r\n\r\n\t\r\n\t<div class=\"sh-column-wrapper\">\r\n\t\t\r\n<div id=\"button-420a629085b535e5610eaa43082563c3\" class=\"sh-button-container  sh-button-style-3\">\r\n\t<div class=\"sh-element-margin\">\r\n\t\t<a href=\"https:\/\/www.translationstreet.pl\/medycyna\/\" target=\"_self\" class=\"sh-button sh-button-xlarge sh-button-icon-right\">\r\n\r\n\t\t\t\t\t\t\t<span class=\"sh-button-icon\">\r\n\t\t\t\t\t<i class=\"ti-angle-right\"><\/i>\r\n\t\t\t\t<\/span>\r\n\t\t\t\r\n\t\t\t\r\n\t\t\t\r\n\t\t<\/a>\r\n\t\t\t<\/div>\r\n<\/div>\r\n\t<\/div>\r\n\r\n\r\n\t\t\r\n\r\n<\/div>\r\n<\/div>\n\n\t<\/div>\r\n<\/section>\r\n\n","protected":false},"excerpt":{"rendered":"<p>IT Les dispositifs intelligents ont rendu notre vie plus simple. Gr\u00e2ce au flux des informations, le monde est \u00e0 port\u00e9e de main. Les applications facilitent la vie de tous les jours. Dans une certaine mesure c\u2019est gr\u00e2ce \u00e0 nous.Quand vous garez votre voiture gr\u00e2ce \u00e0&#8230;<\/p>\n","protected":false},"author":2,"featured_media":0,"parent":0,"menu_order":0,"comment_status":"closed","ping_status":"closed","template":"","meta":{"_acf_changed":false,"footnotes":""},"class_list":["post-9057","page","type-page","status-publish","hentry"],"acf":[],"yoast_head":"<!-- This site is optimized with the Yoast SEO plugin v27.3 - https:\/\/yoast.com\/product\/yoast-seo-wordpress\/ -->\n<title>IT - Translation Street Krak\u00f3w<\/title>\n<meta name=\"description\" content=\"IT Les dispositifs intelligents ont rendu notre vie plus simple. Gr\u00e2ce au flux des informations, le monde est \u00e0 port\u00e9e de main. Les applications\" \/>\n<meta name=\"robots\" content=\"index, follow, max-snippet:-1, max-image-preview:large, max-video-preview:-1\" \/>\n<link rel=\"canonical\" href=\"https:\/\/www.translationstreet.pl\/fr\/branze-it\/\" \/>\n<meta property=\"og:locale\" content=\"fr_FR\" \/>\n<meta property=\"og:type\" content=\"article\" \/>\n<meta property=\"og:title\" content=\"IT - Translation Street Krak\u00f3w\" \/>\n<meta property=\"og:description\" content=\"IT Les dispositifs intelligents ont rendu notre vie plus simple. Gr\u00e2ce au flux des informations, le monde est \u00e0 port\u00e9e de main. Les applications\" \/>\n<meta property=\"og:url\" content=\"https:\/\/www.translationstreet.pl\/fr\/branze-it\/\" \/>\n<meta property=\"og:site_name\" content=\"Translation Street Krak\u00f3w\" \/>\n<meta property=\"article:modified_time\" content=\"2019-12-16T13:26:21+00:00\" \/>\n<meta name=\"twitter:card\" content=\"summary_large_image\" \/>\n<meta name=\"twitter:label1\" content=\"Dur\u00e9e de lecture estim\u00e9e\" \/>\n\t<meta name=\"twitter:data1\" content=\"2 minutes\" \/>\n<script type=\"application\/ld+json\" class=\"yoast-schema-graph\">{\"@context\":\"https:\\\/\\\/schema.org\",\"@graph\":[{\"@type\":\"WebPage\",\"@id\":\"https:\\\/\\\/www.translationstreet.pl\\\/fr\\\/branze-it\\\/\",\"url\":\"https:\\\/\\\/www.translationstreet.pl\\\/fr\\\/branze-it\\\/\",\"name\":\"IT - Translation Street Krak\u00f3w\",\"isPartOf\":{\"@id\":\"https:\\\/\\\/www.translationstreet.pl\\\/fr\\\/#website\"},\"datePublished\":\"2016-10-31T10:07:06+00:00\",\"dateModified\":\"2019-12-16T13:26:21+00:00\",\"description\":\"IT Les dispositifs intelligents ont rendu notre vie plus simple. Gr\u00e2ce au flux des informations, le monde est \u00e0 port\u00e9e de main. Les applications\",\"breadcrumb\":{\"@id\":\"https:\\\/\\\/www.translationstreet.pl\\\/fr\\\/branze-it\\\/#breadcrumb\"},\"inLanguage\":\"fr-FR\",\"potentialAction\":[{\"@type\":\"ReadAction\",\"target\":[\"https:\\\/\\\/www.translationstreet.pl\\\/fr\\\/branze-it\\\/\"]}]},{\"@type\":\"BreadcrumbList\",\"@id\":\"https:\\\/\\\/www.translationstreet.pl\\\/fr\\\/branze-it\\\/#breadcrumb\",\"itemListElement\":[{\"@type\":\"ListItem\",\"position\":1,\"name\":\"Strona g\u0142\u00f3wna\",\"item\":\"https:\\\/\\\/www.translationstreet.pl\\\/fr\\\/\"},{\"@type\":\"ListItem\",\"position\":2,\"name\":\"IT\"}]},{\"@type\":\"WebSite\",\"@id\":\"https:\\\/\\\/www.translationstreet.pl\\\/fr\\\/#website\",\"url\":\"https:\\\/\\\/www.translationstreet.pl\\\/fr\\\/\",\"name\":\"Translation Street Krak\u00f3w\",\"description\":\"Przygotowujemy profesjonalne t\u0142umaczenia pisemne we wszystkich j\u0119zykach \u015bwiata i dostosowujemy ich rodzaj do potrzeb klient\u00f3w.  Translation Street. Terminowo. S\u0142owo.\",\"publisher\":{\"@id\":\"https:\\\/\\\/www.translationstreet.pl\\\/fr\\\/#organization\"},\"potentialAction\":[{\"@type\":\"SearchAction\",\"target\":{\"@type\":\"EntryPoint\",\"urlTemplate\":\"https:\\\/\\\/www.translationstreet.pl\\\/fr\\\/?s={search_term_string}\"},\"query-input\":{\"@type\":\"PropertyValueSpecification\",\"valueRequired\":true,\"valueName\":\"search_term_string\"}}],\"inLanguage\":\"fr-FR\"},{\"@type\":\"Organization\",\"@id\":\"https:\\\/\\\/www.translationstreet.pl\\\/fr\\\/#organization\",\"name\":\"Translation Street Krak\u00f3w\",\"url\":\"https:\\\/\\\/www.translationstreet.pl\\\/fr\\\/\",\"logo\":{\"@type\":\"ImageObject\",\"inLanguage\":\"fr-FR\",\"@id\":\"https:\\\/\\\/www.translationstreet.pl\\\/fr\\\/#\\\/schema\\\/logo\\\/image\\\/\",\"url\":\"https:\\\/\\\/www.translationstreet.pl\\\/wp-content\\\/uploads\\\/2016\\\/11\\\/logoColor2.png\",\"contentUrl\":\"https:\\\/\\\/www.translationstreet.pl\\\/wp-content\\\/uploads\\\/2016\\\/11\\\/logoColor2.png\",\"width\":409,\"height\":46,\"caption\":\"Translation Street Krak\u00f3w\"},\"image\":{\"@id\":\"https:\\\/\\\/www.translationstreet.pl\\\/fr\\\/#\\\/schema\\\/logo\\\/image\\\/\"}}]}<\/script>\n<!-- \/ Yoast SEO plugin. -->","yoast_head_json":{"title":"IT - Translation Street Krak\u00f3w","description":"IT Les dispositifs intelligents ont rendu notre vie plus simple. Gr\u00e2ce au flux des informations, le monde est \u00e0 port\u00e9e de main. Les applications","robots":{"index":"index","follow":"follow","max-snippet":"max-snippet:-1","max-image-preview":"max-image-preview:large","max-video-preview":"max-video-preview:-1"},"canonical":"https:\/\/www.translationstreet.pl\/fr\/branze-it\/","og_locale":"fr_FR","og_type":"article","og_title":"IT - Translation Street Krak\u00f3w","og_description":"IT Les dispositifs intelligents ont rendu notre vie plus simple. Gr\u00e2ce au flux des informations, le monde est \u00e0 port\u00e9e de main. Les applications","og_url":"https:\/\/www.translationstreet.pl\/fr\/branze-it\/","og_site_name":"Translation Street Krak\u00f3w","article_modified_time":"2019-12-16T13:26:21+00:00","twitter_card":"summary_large_image","twitter_misc":{"Dur\u00e9e de lecture estim\u00e9e":"2 minutes"},"schema":{"@context":"https:\/\/schema.org","@graph":[{"@type":"WebPage","@id":"https:\/\/www.translationstreet.pl\/fr\/branze-it\/","url":"https:\/\/www.translationstreet.pl\/fr\/branze-it\/","name":"IT - Translation Street Krak\u00f3w","isPartOf":{"@id":"https:\/\/www.translationstreet.pl\/fr\/#website"},"datePublished":"2016-10-31T10:07:06+00:00","dateModified":"2019-12-16T13:26:21+00:00","description":"IT Les dispositifs intelligents ont rendu notre vie plus simple. Gr\u00e2ce au flux des informations, le monde est \u00e0 port\u00e9e de main. Les applications","breadcrumb":{"@id":"https:\/\/www.translationstreet.pl\/fr\/branze-it\/#breadcrumb"},"inLanguage":"fr-FR","potentialAction":[{"@type":"ReadAction","target":["https:\/\/www.translationstreet.pl\/fr\/branze-it\/"]}]},{"@type":"BreadcrumbList","@id":"https:\/\/www.translationstreet.pl\/fr\/branze-it\/#breadcrumb","itemListElement":[{"@type":"ListItem","position":1,"name":"Strona g\u0142\u00f3wna","item":"https:\/\/www.translationstreet.pl\/fr\/"},{"@type":"ListItem","position":2,"name":"IT"}]},{"@type":"WebSite","@id":"https:\/\/www.translationstreet.pl\/fr\/#website","url":"https:\/\/www.translationstreet.pl\/fr\/","name":"Translation Street Krak\u00f3w","description":"Przygotowujemy profesjonalne t\u0142umaczenia pisemne we wszystkich j\u0119zykach \u015bwiata i dostosowujemy ich rodzaj do potrzeb klient\u00f3w.  Translation Street. Terminowo. S\u0142owo.","publisher":{"@id":"https:\/\/www.translationstreet.pl\/fr\/#organization"},"potentialAction":[{"@type":"SearchAction","target":{"@type":"EntryPoint","urlTemplate":"https:\/\/www.translationstreet.pl\/fr\/?s={search_term_string}"},"query-input":{"@type":"PropertyValueSpecification","valueRequired":true,"valueName":"search_term_string"}}],"inLanguage":"fr-FR"},{"@type":"Organization","@id":"https:\/\/www.translationstreet.pl\/fr\/#organization","name":"Translation Street Krak\u00f3w","url":"https:\/\/www.translationstreet.pl\/fr\/","logo":{"@type":"ImageObject","inLanguage":"fr-FR","@id":"https:\/\/www.translationstreet.pl\/fr\/#\/schema\/logo\/image\/","url":"https:\/\/www.translationstreet.pl\/wp-content\/uploads\/2016\/11\/logoColor2.png","contentUrl":"https:\/\/www.translationstreet.pl\/wp-content\/uploads\/2016\/11\/logoColor2.png","width":409,"height":46,"caption":"Translation Street Krak\u00f3w"},"image":{"@id":"https:\/\/www.translationstreet.pl\/fr\/#\/schema\/logo\/image\/"}}]}},"_links":{"self":[{"href":"https:\/\/www.translationstreet.pl\/fr\/wp-json\/wp\/v2\/pages\/9057","targetHints":{"allow":["GET"]}}],"collection":[{"href":"https:\/\/www.translationstreet.pl\/fr\/wp-json\/wp\/v2\/pages"}],"about":[{"href":"https:\/\/www.translationstreet.pl\/fr\/wp-json\/wp\/v2\/types\/page"}],"author":[{"embeddable":true,"href":"https:\/\/www.translationstreet.pl\/fr\/wp-json\/wp\/v2\/users\/2"}],"replies":[{"embeddable":true,"href":"https:\/\/www.translationstreet.pl\/fr\/wp-json\/wp\/v2\/comments?post=9057"}],"version-history":[{"count":4,"href":"https:\/\/www.translationstreet.pl\/fr\/wp-json\/wp\/v2\/pages\/9057\/revisions"}],"predecessor-version":[{"id":9325,"href":"https:\/\/www.translationstreet.pl\/fr\/wp-json\/wp\/v2\/pages\/9057\/revisions\/9325"}],"wp:attachment":[{"href":"https:\/\/www.translationstreet.pl\/fr\/wp-json\/wp\/v2\/media?parent=9057"}],"curies":[{"name":"wp","href":"https:\/\/api.w.org\/{rel}","templated":true}]}}