{"id":9052,"date":"2016-10-31T11:06:04","date_gmt":"2016-10-31T10:06:04","guid":{"rendered":"http:\/\/www.translationstreet.pl\/?page_id=9052\/"},"modified":"2019-04-04T16:59:35","modified_gmt":"2019-04-04T14:59:35","slug":"finances-et-droit","status":"publish","type":"page","link":"https:\/\/www.translationstreet.pl\/fr\/finances-et-droit\/","title":{"rendered":"Finances et droit"},"content":{"rendered":"\r\n<section class=\"sh-section sh-section-7eb85dac7b08863b23056b2350e1ee8d fw-main-row arrow-left-right sh-section-visibility-everywhere\">\r\n\t\r\n\t\r\n\t<div class=\"sh-section-container container section-justify-height\">\r\n\t\t<div class=\"fw-row\">\n\t\r\n<div class=\"sh-column sh-column-e5c78df53a75ef7454e2e9a5a17b9b87 fw-col-xs-12\" >\r\n\r\n\t\r\n\t<div class=\"sh-column-wrapper\">\r\n\t\t\r\n<div class=\"sh-heading  \" id=\"heading-8b61777b462d219f82a13c8ba4d63dd9\">\r\n\t<div class=\"sh-element-margin\">\r\n\r\n\t\t\r\n\t\t\t<h1 class=\"sh-heading-content size-xxxl text-left\">\r\n\t\t\t\tFinances et droit\t\t\t<\/h1>\r\n\r\n\t\t\r\n\t<\/div>\r\n<\/div>\r\n\t<\/div>\r\n\r\n\r\n\t\t\r\n\r\n<\/div>\r\n<\/div>\n\n<div class=\"fw-row\">\n\t\r\n<div class=\"sh-column sh-column-0b5864603f42cbec045699e2fdaf12c7 fw-col-xs-12 fw-col-sm-6\" >\r\n\r\n\t\r\n\t<div class=\"sh-column-wrapper\">\r\n\t\t\t<\/div>\r\n\r\n\r\n\t\t\r\n\r\n<\/div>\r\n\r\n<div class=\"sh-column sh-column-08f2d0f93da3ea2f172dbd60a4a113da fw-col-xs-12 fw-col-sm-6\" >\r\n\r\n\t\r\n\t<div class=\"sh-column-wrapper\">\r\n\t\t\r\n<div id=\"text-block-3486c8bbc7f480625092ad2902a78c7c\" class=\"sh-text-block\">\r\n\t<p>Depuis les actes notari\u00e9s, les accords internationaux et autres trait\u00e9s bilat\u00e9raux de haut niveau jusqu\u2019aux audits des multinationales, partout circulent les documents qui mettent de l\u2019ordre et changent le monde. Leur flux non perturb\u00e9 est d\u00fb, entre autres, aux traducteurs.<\/p><p><strong>\u00c0 la base de la grande politique et des affaires il y a toujours les mots traduits vers la langue du partenaire.<\/strong><\/p><p><strong>Nous le savons et, en tant que Translation Street, nous garantissons la confidentialit\u00e9 absolue, la ponctualit\u00e9 et la pr\u00e9cision des traductions.<\/strong><\/p><p>Nous assurons des prestations d\u2019assistance continue en traduction aux cabinets juridiques et aux sections juridiques des grandes entreprises fonctionnant sur le march\u00e9 polonais et international. Gr\u00e2ce \u00e0 cette coop\u00e9ration continue, nos clients ont la certitude que nous comprenons parfaitement leurs besoins et le mode de travail qui leur est propre. Nous fournissons les traductions \u00e9crites et l\u2019interpr\u00e9tariat \u00e0 tout moment et dans des combinaisons linguistiques diverses. Nous sommes en mesure de trouver l\u2019interpr\u00e8te pour la rencontre des politiciens et des financiers de n\u2019importe quel pays.<\/p><p><strong>Quand il faut traduire en urgence un document gouvernemental am\u00e9ricain \u2013 nous le faisons\u00a0! M\u00eame s\u2019il s\u2019agit d\u2019une traduction vers le birman.<\/strong><\/p><p>Nous traduisons r\u00e9guli\u00e8rement les documents d\u2019audit pour un des Big Four. Nous sommes le partenaire de confiance d\u2019une institution intergouvernementale globale, pr\u00e8s du Minist\u00e8re polonais des Affaires \u00c9trang\u00e8res. Nous avons r\u00e9alis\u00e9 les traductions pour le plus grand pacte militaire des pays occidentaux. Et comme nous savons que l\u2019avenir se cr\u00e9e aujourd\u2019hui, nous coop\u00e9rons avec les \u00e9coles sup\u00e9rieures qui forment les juristes et financiers.<\/p><p>Nous avons notre petite part dans la cr\u00e9ation du nouvel ordre mondial. Vous avez notre parole\u00a0!<\/p><\/div>\r\n\t<\/div>\r\n\r\n\r\n\t\t\r\n\r\n<\/div>\r\n<\/div>\n\n<div class=\"fw-row\">\n\t\r\n<div class=\"sh-column sh-column-cd975ff18cc86efa54c8f3b626a823be fw-col-xs-12 fw-col-sm-6 arrow-left\" >\r\n\r\n\t\r\n\t<div class=\"sh-column-wrapper\">\r\n\t\t\r\n<div id=\"button-c8c250798498486595fbb00c3ad5e51a\" class=\"sh-button-container  sh-button-style-3\">\r\n\t<div class=\"sh-element-margin\">\r\n\t\t<a href=\"https:\/\/www.translationstreet.pl\/przemysl\/\" target=\"_self\" class=\"sh-button sh-button-xlarge sh-button-icon-left\">\r\n\r\n\t\t\t\t\t\t\t<span class=\"sh-button-icon\">\r\n\t\t\t\t\t<i class=\"ti-angle-left\"><\/i>\r\n\t\t\t\t<\/span>\r\n\t\t\t\r\n\t\t\t\r\n\t\t\t\r\n\t\t<\/a>\r\n\t\t\t<\/div>\r\n<\/div>\r\n\t<\/div>\r\n\r\n\r\n\t\t\r\n\r\n<\/div>\r\n\r\n<div class=\"sh-column sh-column-4db900a214a485680d87f7bf9d12b2e6 fw-col-xs-12 fw-col-sm-6 arrow-right\" >\r\n\r\n\t\r\n\t<div class=\"sh-column-wrapper\">\r\n\t\t\r\n<div id=\"button-420a629085b535e5610eaa43082563c3\" class=\"sh-button-container  sh-button-style-3\">\r\n\t<div class=\"sh-element-margin\">\r\n\t\t<a href=\"https:\/\/www.translationstreet.pl\/it\/\" target=\"_self\" class=\"sh-button sh-button-xlarge sh-button-icon-right\">\r\n\r\n\t\t\t\t\t\t\t<span class=\"sh-button-icon\">\r\n\t\t\t\t\t<i class=\"ti-angle-right\"><\/i>\r\n\t\t\t\t<\/span>\r\n\t\t\t\r\n\t\t\t\r\n\t\t\t\r\n\t\t<\/a>\r\n\t\t\t<\/div>\r\n<\/div>\r\n\t<\/div>\r\n\r\n\r\n\t\t\r\n\r\n<\/div>\r\n<\/div>\n\n\t<\/div>\r\n<\/section>\r\n\n","protected":false},"excerpt":{"rendered":"<p>Finances et droit Depuis les actes notari\u00e9s, les accords internationaux et autres trait\u00e9s bilat\u00e9raux de haut niveau jusqu\u2019aux audits des multinationales, partout circulent les documents qui mettent de l\u2019ordre et changent le monde. Leur flux non perturb\u00e9 est d\u00fb, entre autres, aux traducteurs.\u00c0 la base&#8230;<\/p>\n","protected":false},"author":2,"featured_media":0,"parent":0,"menu_order":0,"comment_status":"closed","ping_status":"closed","template":"","meta":{"_acf_changed":false,"footnotes":""},"class_list":["post-9052","page","type-page","status-publish","hentry"],"acf":[],"yoast_head":"<!-- This site is optimized with the Yoast SEO plugin v27.3 - https:\/\/yoast.com\/product\/yoast-seo-wordpress\/ -->\n<title>Finances et droit - Translation Street Krak\u00f3w<\/title>\n<meta name=\"description\" content=\"Finances et droit Depuis les actes notari\u00e9s, les accords internationaux et autres trait\u00e9s bilat\u00e9raux de haut niveau jusqu\u2019aux audits des multinationales,\" \/>\n<meta name=\"robots\" content=\"index, follow, max-snippet:-1, max-image-preview:large, max-video-preview:-1\" \/>\n<link rel=\"canonical\" href=\"https:\/\/www.translationstreet.pl\/fr\/finances-et-droit\/\" \/>\n<meta property=\"og:locale\" content=\"fr_FR\" \/>\n<meta property=\"og:type\" content=\"article\" \/>\n<meta property=\"og:title\" content=\"Finances et droit - Translation Street Krak\u00f3w\" \/>\n<meta property=\"og:description\" content=\"Finances et droit Depuis les actes notari\u00e9s, les accords internationaux et autres trait\u00e9s bilat\u00e9raux de haut niveau jusqu\u2019aux audits des multinationales,\" \/>\n<meta property=\"og:url\" content=\"https:\/\/www.translationstreet.pl\/fr\/finances-et-droit\/\" \/>\n<meta property=\"og:site_name\" content=\"Translation Street Krak\u00f3w\" \/>\n<meta property=\"article:modified_time\" content=\"2019-04-04T14:59:35+00:00\" \/>\n<meta name=\"twitter:card\" content=\"summary_large_image\" \/>\n<meta name=\"twitter:label1\" content=\"Dur\u00e9e de lecture estim\u00e9e\" \/>\n\t<meta name=\"twitter:data1\" content=\"2 minutes\" \/>\n<script type=\"application\/ld+json\" class=\"yoast-schema-graph\">{\"@context\":\"https:\\\/\\\/schema.org\",\"@graph\":[{\"@type\":\"WebPage\",\"@id\":\"https:\\\/\\\/www.translationstreet.pl\\\/fr\\\/finances-et-droit\\\/\",\"url\":\"https:\\\/\\\/www.translationstreet.pl\\\/fr\\\/finances-et-droit\\\/\",\"name\":\"Finances et droit - Translation Street Krak\u00f3w\",\"isPartOf\":{\"@id\":\"https:\\\/\\\/www.translationstreet.pl\\\/fr\\\/#website\"},\"datePublished\":\"2016-10-31T10:06:04+00:00\",\"dateModified\":\"2019-04-04T14:59:35+00:00\",\"description\":\"Finances et droit Depuis les actes notari\u00e9s, les accords internationaux et autres trait\u00e9s bilat\u00e9raux de haut niveau jusqu\u2019aux audits des multinationales,\",\"breadcrumb\":{\"@id\":\"https:\\\/\\\/www.translationstreet.pl\\\/fr\\\/finances-et-droit\\\/#breadcrumb\"},\"inLanguage\":\"fr-FR\",\"potentialAction\":[{\"@type\":\"ReadAction\",\"target\":[\"https:\\\/\\\/www.translationstreet.pl\\\/fr\\\/finances-et-droit\\\/\"]}]},{\"@type\":\"BreadcrumbList\",\"@id\":\"https:\\\/\\\/www.translationstreet.pl\\\/fr\\\/finances-et-droit\\\/#breadcrumb\",\"itemListElement\":[{\"@type\":\"ListItem\",\"position\":1,\"name\":\"Strona g\u0142\u00f3wna\",\"item\":\"https:\\\/\\\/www.translationstreet.pl\\\/fr\\\/\"},{\"@type\":\"ListItem\",\"position\":2,\"name\":\"Finances et droit\"}]},{\"@type\":\"WebSite\",\"@id\":\"https:\\\/\\\/www.translationstreet.pl\\\/fr\\\/#website\",\"url\":\"https:\\\/\\\/www.translationstreet.pl\\\/fr\\\/\",\"name\":\"Translation Street Krak\u00f3w\",\"description\":\"Przygotowujemy profesjonalne t\u0142umaczenia pisemne we wszystkich j\u0119zykach \u015bwiata i dostosowujemy ich rodzaj do potrzeb klient\u00f3w.  Translation Street. Terminowo. S\u0142owo.\",\"publisher\":{\"@id\":\"https:\\\/\\\/www.translationstreet.pl\\\/fr\\\/#organization\"},\"potentialAction\":[{\"@type\":\"SearchAction\",\"target\":{\"@type\":\"EntryPoint\",\"urlTemplate\":\"https:\\\/\\\/www.translationstreet.pl\\\/fr\\\/?s={search_term_string}\"},\"query-input\":{\"@type\":\"PropertyValueSpecification\",\"valueRequired\":true,\"valueName\":\"search_term_string\"}}],\"inLanguage\":\"fr-FR\"},{\"@type\":\"Organization\",\"@id\":\"https:\\\/\\\/www.translationstreet.pl\\\/fr\\\/#organization\",\"name\":\"Translation Street Krak\u00f3w\",\"url\":\"https:\\\/\\\/www.translationstreet.pl\\\/fr\\\/\",\"logo\":{\"@type\":\"ImageObject\",\"inLanguage\":\"fr-FR\",\"@id\":\"https:\\\/\\\/www.translationstreet.pl\\\/fr\\\/#\\\/schema\\\/logo\\\/image\\\/\",\"url\":\"https:\\\/\\\/www.translationstreet.pl\\\/wp-content\\\/uploads\\\/2016\\\/11\\\/logoColor2.png\",\"contentUrl\":\"https:\\\/\\\/www.translationstreet.pl\\\/wp-content\\\/uploads\\\/2016\\\/11\\\/logoColor2.png\",\"width\":409,\"height\":46,\"caption\":\"Translation Street Krak\u00f3w\"},\"image\":{\"@id\":\"https:\\\/\\\/www.translationstreet.pl\\\/fr\\\/#\\\/schema\\\/logo\\\/image\\\/\"}}]}<\/script>\n<!-- \/ Yoast SEO plugin. -->","yoast_head_json":{"title":"Finances et droit - Translation Street Krak\u00f3w","description":"Finances et droit Depuis les actes notari\u00e9s, les accords internationaux et autres trait\u00e9s bilat\u00e9raux de haut niveau jusqu\u2019aux audits des multinationales,","robots":{"index":"index","follow":"follow","max-snippet":"max-snippet:-1","max-image-preview":"max-image-preview:large","max-video-preview":"max-video-preview:-1"},"canonical":"https:\/\/www.translationstreet.pl\/fr\/finances-et-droit\/","og_locale":"fr_FR","og_type":"article","og_title":"Finances et droit - Translation Street Krak\u00f3w","og_description":"Finances et droit Depuis les actes notari\u00e9s, les accords internationaux et autres trait\u00e9s bilat\u00e9raux de haut niveau jusqu\u2019aux audits des multinationales,","og_url":"https:\/\/www.translationstreet.pl\/fr\/finances-et-droit\/","og_site_name":"Translation Street Krak\u00f3w","article_modified_time":"2019-04-04T14:59:35+00:00","twitter_card":"summary_large_image","twitter_misc":{"Dur\u00e9e de lecture estim\u00e9e":"2 minutes"},"schema":{"@context":"https:\/\/schema.org","@graph":[{"@type":"WebPage","@id":"https:\/\/www.translationstreet.pl\/fr\/finances-et-droit\/","url":"https:\/\/www.translationstreet.pl\/fr\/finances-et-droit\/","name":"Finances et droit - Translation Street Krak\u00f3w","isPartOf":{"@id":"https:\/\/www.translationstreet.pl\/fr\/#website"},"datePublished":"2016-10-31T10:06:04+00:00","dateModified":"2019-04-04T14:59:35+00:00","description":"Finances et droit Depuis les actes notari\u00e9s, les accords internationaux et autres trait\u00e9s bilat\u00e9raux de haut niveau jusqu\u2019aux audits des multinationales,","breadcrumb":{"@id":"https:\/\/www.translationstreet.pl\/fr\/finances-et-droit\/#breadcrumb"},"inLanguage":"fr-FR","potentialAction":[{"@type":"ReadAction","target":["https:\/\/www.translationstreet.pl\/fr\/finances-et-droit\/"]}]},{"@type":"BreadcrumbList","@id":"https:\/\/www.translationstreet.pl\/fr\/finances-et-droit\/#breadcrumb","itemListElement":[{"@type":"ListItem","position":1,"name":"Strona g\u0142\u00f3wna","item":"https:\/\/www.translationstreet.pl\/fr\/"},{"@type":"ListItem","position":2,"name":"Finances et droit"}]},{"@type":"WebSite","@id":"https:\/\/www.translationstreet.pl\/fr\/#website","url":"https:\/\/www.translationstreet.pl\/fr\/","name":"Translation Street Krak\u00f3w","description":"Przygotowujemy profesjonalne t\u0142umaczenia pisemne we wszystkich j\u0119zykach \u015bwiata i dostosowujemy ich rodzaj do potrzeb klient\u00f3w.  Translation Street. Terminowo. S\u0142owo.","publisher":{"@id":"https:\/\/www.translationstreet.pl\/fr\/#organization"},"potentialAction":[{"@type":"SearchAction","target":{"@type":"EntryPoint","urlTemplate":"https:\/\/www.translationstreet.pl\/fr\/?s={search_term_string}"},"query-input":{"@type":"PropertyValueSpecification","valueRequired":true,"valueName":"search_term_string"}}],"inLanguage":"fr-FR"},{"@type":"Organization","@id":"https:\/\/www.translationstreet.pl\/fr\/#organization","name":"Translation Street Krak\u00f3w","url":"https:\/\/www.translationstreet.pl\/fr\/","logo":{"@type":"ImageObject","inLanguage":"fr-FR","@id":"https:\/\/www.translationstreet.pl\/fr\/#\/schema\/logo\/image\/","url":"https:\/\/www.translationstreet.pl\/wp-content\/uploads\/2016\/11\/logoColor2.png","contentUrl":"https:\/\/www.translationstreet.pl\/wp-content\/uploads\/2016\/11\/logoColor2.png","width":409,"height":46,"caption":"Translation Street Krak\u00f3w"},"image":{"@id":"https:\/\/www.translationstreet.pl\/fr\/#\/schema\/logo\/image\/"}}]}},"_links":{"self":[{"href":"https:\/\/www.translationstreet.pl\/fr\/wp-json\/wp\/v2\/pages\/9052","targetHints":{"allow":["GET"]}}],"collection":[{"href":"https:\/\/www.translationstreet.pl\/fr\/wp-json\/wp\/v2\/pages"}],"about":[{"href":"https:\/\/www.translationstreet.pl\/fr\/wp-json\/wp\/v2\/types\/page"}],"author":[{"embeddable":true,"href":"https:\/\/www.translationstreet.pl\/fr\/wp-json\/wp\/v2\/users\/2"}],"replies":[{"embeddable":true,"href":"https:\/\/www.translationstreet.pl\/fr\/wp-json\/wp\/v2\/comments?post=9052"}],"version-history":[{"count":5,"href":"https:\/\/www.translationstreet.pl\/fr\/wp-json\/wp\/v2\/pages\/9052\/revisions"}],"predecessor-version":[{"id":9324,"href":"https:\/\/www.translationstreet.pl\/fr\/wp-json\/wp\/v2\/pages\/9052\/revisions\/9324"}],"wp:attachment":[{"href":"https:\/\/www.translationstreet.pl\/fr\/wp-json\/wp\/v2\/media?parent=9052"}],"curies":[{"name":"wp","href":"https:\/\/api.w.org\/{rel}","templated":true}]}}