{"id":8717,"date":"2016-06-03T11:26:52","date_gmt":"2016-06-03T09:26:52","guid":{"rendered":"http:\/\/www.translationstreet.pl\/en\/?page_id=8717"},"modified":"2017-04-06T10:09:23","modified_gmt":"2017-04-06T08:09:23","slug":"jakosc","status":"publish","type":"page","link":"https:\/\/www.translationstreet.pl\/en\/jakosc\/","title":{"rendered":"Jako\u015b\u0107"},"content":{"rendered":"<p>Umiemy t\u0142umaczy\u0107. Chcieliby\u015bmy, \u017ceby twoja firma nam zaufa\u0142a. Dzi\u015b ka\u017cde biuro t\u0142umacze\u0144 zapewnia, \u017ce mo\u017ce zagwarantowa\u0107 wysok\u0105 jako\u015b\u0107 us\u0142ug. My po prostu zapewniamy wysok\u0105 jako\u015b\u0107, dostarczaj\u0105c same dobre strony t\u0142umacze\u0144.<\/p>\n<p>Kilka dowod\u00f3w:<\/p>\n<ul class=\"list\">\n<li>Nasi pracownicy posiadaj\u0105 wieloletnie do\u015bwiadczenie w\u00a0bran\u017cy. Doskonale znaj\u0105 procesy t\u0142umaczeniowe na ka\u017cdym etapie. Mened\u017cer potrafi interweniowa\u0107 w odpowiednim momencie po to, \u017ceby\u015b finalnie otrzyma\u0142 przek\u0142ad najwy\u017cszej jako\u015bci.<\/li>\n<li>Korzystamy z us\u0142ug najlepiej wykwalifikowanych t\u0142umaczy z bran\u017cowym do\u015bwiadczeniem, kt\u00f3re jest bezcenne. Bo\u00a0w\u00a0t\u0142umaczeniach powiedzenie \u201eCz\u0142owiek uczy si\u0119 na w\u0142asnych b\u0142\u0119dach\u201d rozumiemy dos\u0142ownie!<\/li>\n<li>Mo\u017cemy zapewni\u0107 ci dodatkowe us\u0142ugi: redakcj\u0119 t\u0142umaczenia do druku, korekt\u0119 native speakera, sk\u0142ad DTP, ostateczne sczytywanie tekstu po sk\u0142adzie, <span class=\"link\">weryfikacj\u0119<\/span> twojego t\u0142umaczenia. Wszystko zale\u017cy od przeznaczenia tekstu, kt\u00f3ry chcesz przet\u0142umaczy\u0107, i bud\u017cetu, jakim dysponujesz.<\/li>\n<\/ul>\n","protected":false},"excerpt":{"rendered":"<p>Umiemy t\u0142umaczy\u0107. Chcieliby\u015bmy, \u017ceby twoja firma nam zaufa\u0142a. Dzi\u015b ka\u017cde biuro t\u0142umacze\u0144 zapewnia, \u017ce mo\u017ce zagwarantowa\u0107 wysok\u0105 jako\u015b\u0107 us\u0142ug. My po prostu zapewniamy wysok\u0105 jako\u015b\u0107, dostarczaj\u0105c same dobre strony t\u0142umacze\u0144. Kilka dowod\u00f3w: Nasi pracownicy posiadaj\u0105 wieloletnie do\u015bwiadczenie w\u00a0bran\u017cy. Doskonale znaj\u0105 procesy t\u0142umaczeniowe na ka\u017cdym etapie&#8230;.<\/p>\n","protected":false},"author":1,"featured_media":0,"parent":0,"menu_order":0,"comment_status":"closed","ping_status":"closed","template":"","meta":{"_acf_changed":false,"footnotes":""},"class_list":["post-8717","page","type-page","status-publish","hentry"],"acf":[],"yoast_head":"<!-- This site is optimized with the Yoast SEO plugin v27.3 - https:\/\/yoast.com\/product\/yoast-seo-wordpress\/ -->\n<title>Jako\u015b\u0107 - Translation Street Krak\u00f3w<\/title>\n<meta name=\"description\" content=\"Umiemy t\u0142umaczy\u0107. Chcieliby\u015bmy, \u017ceby twoja firma nam zaufa\u0142a. Dzi\u015b ka\u017cde biuro t\u0142umacze\u0144 zapewnia, \u017ce mo\u017ce zagwarantowa\u0107 wysok\u0105 jako\u015b\u0107 us\u0142ug. My po prostu\" \/>\n<meta name=\"robots\" content=\"index, follow, max-snippet:-1, max-image-preview:large, max-video-preview:-1\" \/>\n<link rel=\"canonical\" href=\"https:\/\/www.translationstreet.pl\/en\/jakosc\/\" \/>\n<meta property=\"og:locale\" content=\"en_US\" \/>\n<meta property=\"og:type\" content=\"article\" \/>\n<meta property=\"og:title\" content=\"Jako\u015b\u0107 - Translation Street Krak\u00f3w\" \/>\n<meta property=\"og:description\" content=\"Umiemy t\u0142umaczy\u0107. Chcieliby\u015bmy, \u017ceby twoja firma nam zaufa\u0142a. Dzi\u015b ka\u017cde biuro t\u0142umacze\u0144 zapewnia, \u017ce mo\u017ce zagwarantowa\u0107 wysok\u0105 jako\u015b\u0107 us\u0142ug. My po prostu\" \/>\n<meta property=\"og:url\" content=\"https:\/\/www.translationstreet.pl\/en\/jakosc\/\" \/>\n<meta property=\"og:site_name\" content=\"Translation Street Krak\u00f3w\" \/>\n<meta property=\"article:modified_time\" content=\"2017-04-06T08:09:23+00:00\" \/>\n<meta name=\"twitter:card\" content=\"summary_large_image\" \/>\n<meta name=\"twitter:label1\" content=\"Est. reading time\" \/>\n\t<meta name=\"twitter:data1\" content=\"1 minute\" \/>\n<script type=\"application\/ld+json\" class=\"yoast-schema-graph\">{\"@context\":\"https:\\\/\\\/schema.org\",\"@graph\":[{\"@type\":\"WebPage\",\"@id\":\"https:\\\/\\\/www.translationstreet.pl\\\/en\\\/jakosc\\\/\",\"url\":\"https:\\\/\\\/www.translationstreet.pl\\\/en\\\/jakosc\\\/\",\"name\":\"Jako\u015b\u0107 - Translation Street Krak\u00f3w\",\"isPartOf\":{\"@id\":\"https:\\\/\\\/www.translationstreet.pl\\\/en\\\/#website\"},\"datePublished\":\"2016-06-03T09:26:52+00:00\",\"dateModified\":\"2017-04-06T08:09:23+00:00\",\"description\":\"Umiemy t\u0142umaczy\u0107. Chcieliby\u015bmy, \u017ceby twoja firma nam zaufa\u0142a. Dzi\u015b ka\u017cde biuro t\u0142umacze\u0144 zapewnia, \u017ce mo\u017ce zagwarantowa\u0107 wysok\u0105 jako\u015b\u0107 us\u0142ug. My po prostu\",\"breadcrumb\":{\"@id\":\"https:\\\/\\\/www.translationstreet.pl\\\/en\\\/jakosc\\\/#breadcrumb\"},\"inLanguage\":\"en-US\",\"potentialAction\":[{\"@type\":\"ReadAction\",\"target\":[\"https:\\\/\\\/www.translationstreet.pl\\\/en\\\/jakosc\\\/\"]}]},{\"@type\":\"BreadcrumbList\",\"@id\":\"https:\\\/\\\/www.translationstreet.pl\\\/en\\\/jakosc\\\/#breadcrumb\",\"itemListElement\":[{\"@type\":\"ListItem\",\"position\":1,\"name\":\"Strona g\u0142\u00f3wna\",\"item\":\"https:\\\/\\\/www.translationstreet.pl\\\/en\\\/\"},{\"@type\":\"ListItem\",\"position\":2,\"name\":\"Jako\u015b\u0107\"}]},{\"@type\":\"WebSite\",\"@id\":\"https:\\\/\\\/www.translationstreet.pl\\\/en\\\/#website\",\"url\":\"https:\\\/\\\/www.translationstreet.pl\\\/en\\\/\",\"name\":\"Translation Street Krak\u00f3w\",\"description\":\"Przygotowujemy profesjonalne t\u0142umaczenia pisemne we wszystkich j\u0119zykach \u015bwiata i dostosowujemy ich rodzaj do potrzeb klient\u00f3w.  Translation Street. Terminowo. S\u0142owo.\",\"publisher\":{\"@id\":\"https:\\\/\\\/www.translationstreet.pl\\\/en\\\/#organization\"},\"potentialAction\":[{\"@type\":\"SearchAction\",\"target\":{\"@type\":\"EntryPoint\",\"urlTemplate\":\"https:\\\/\\\/www.translationstreet.pl\\\/en\\\/?s={search_term_string}\"},\"query-input\":{\"@type\":\"PropertyValueSpecification\",\"valueRequired\":true,\"valueName\":\"search_term_string\"}}],\"inLanguage\":\"en-US\"},{\"@type\":\"Organization\",\"@id\":\"https:\\\/\\\/www.translationstreet.pl\\\/en\\\/#organization\",\"name\":\"Translation Street Krak\u00f3w\",\"url\":\"https:\\\/\\\/www.translationstreet.pl\\\/en\\\/\",\"logo\":{\"@type\":\"ImageObject\",\"inLanguage\":\"en-US\",\"@id\":\"https:\\\/\\\/www.translationstreet.pl\\\/en\\\/#\\\/schema\\\/logo\\\/image\\\/\",\"url\":\"https:\\\/\\\/www.translationstreet.pl\\\/wp-content\\\/uploads\\\/2016\\\/11\\\/logoColor2.png\",\"contentUrl\":\"https:\\\/\\\/www.translationstreet.pl\\\/wp-content\\\/uploads\\\/2016\\\/11\\\/logoColor2.png\",\"width\":409,\"height\":46,\"caption\":\"Translation Street Krak\u00f3w\"},\"image\":{\"@id\":\"https:\\\/\\\/www.translationstreet.pl\\\/en\\\/#\\\/schema\\\/logo\\\/image\\\/\"}}]}<\/script>\n<!-- \/ Yoast SEO plugin. -->","yoast_head_json":{"title":"Jako\u015b\u0107 - Translation Street Krak\u00f3w","description":"Umiemy t\u0142umaczy\u0107. Chcieliby\u015bmy, \u017ceby twoja firma nam zaufa\u0142a. Dzi\u015b ka\u017cde biuro t\u0142umacze\u0144 zapewnia, \u017ce mo\u017ce zagwarantowa\u0107 wysok\u0105 jako\u015b\u0107 us\u0142ug. My po prostu","robots":{"index":"index","follow":"follow","max-snippet":"max-snippet:-1","max-image-preview":"max-image-preview:large","max-video-preview":"max-video-preview:-1"},"canonical":"https:\/\/www.translationstreet.pl\/en\/jakosc\/","og_locale":"en_US","og_type":"article","og_title":"Jako\u015b\u0107 - Translation Street Krak\u00f3w","og_description":"Umiemy t\u0142umaczy\u0107. Chcieliby\u015bmy, \u017ceby twoja firma nam zaufa\u0142a. Dzi\u015b ka\u017cde biuro t\u0142umacze\u0144 zapewnia, \u017ce mo\u017ce zagwarantowa\u0107 wysok\u0105 jako\u015b\u0107 us\u0142ug. My po prostu","og_url":"https:\/\/www.translationstreet.pl\/en\/jakosc\/","og_site_name":"Translation Street Krak\u00f3w","article_modified_time":"2017-04-06T08:09:23+00:00","twitter_card":"summary_large_image","twitter_misc":{"Est. reading time":"1 minute"},"schema":{"@context":"https:\/\/schema.org","@graph":[{"@type":"WebPage","@id":"https:\/\/www.translationstreet.pl\/en\/jakosc\/","url":"https:\/\/www.translationstreet.pl\/en\/jakosc\/","name":"Jako\u015b\u0107 - Translation Street Krak\u00f3w","isPartOf":{"@id":"https:\/\/www.translationstreet.pl\/en\/#website"},"datePublished":"2016-06-03T09:26:52+00:00","dateModified":"2017-04-06T08:09:23+00:00","description":"Umiemy t\u0142umaczy\u0107. Chcieliby\u015bmy, \u017ceby twoja firma nam zaufa\u0142a. Dzi\u015b ka\u017cde biuro t\u0142umacze\u0144 zapewnia, \u017ce mo\u017ce zagwarantowa\u0107 wysok\u0105 jako\u015b\u0107 us\u0142ug. My po prostu","breadcrumb":{"@id":"https:\/\/www.translationstreet.pl\/en\/jakosc\/#breadcrumb"},"inLanguage":"en-US","potentialAction":[{"@type":"ReadAction","target":["https:\/\/www.translationstreet.pl\/en\/jakosc\/"]}]},{"@type":"BreadcrumbList","@id":"https:\/\/www.translationstreet.pl\/en\/jakosc\/#breadcrumb","itemListElement":[{"@type":"ListItem","position":1,"name":"Strona g\u0142\u00f3wna","item":"https:\/\/www.translationstreet.pl\/en\/"},{"@type":"ListItem","position":2,"name":"Jako\u015b\u0107"}]},{"@type":"WebSite","@id":"https:\/\/www.translationstreet.pl\/en\/#website","url":"https:\/\/www.translationstreet.pl\/en\/","name":"Translation Street Krak\u00f3w","description":"Przygotowujemy profesjonalne t\u0142umaczenia pisemne we wszystkich j\u0119zykach \u015bwiata i dostosowujemy ich rodzaj do potrzeb klient\u00f3w.  Translation Street. Terminowo. S\u0142owo.","publisher":{"@id":"https:\/\/www.translationstreet.pl\/en\/#organization"},"potentialAction":[{"@type":"SearchAction","target":{"@type":"EntryPoint","urlTemplate":"https:\/\/www.translationstreet.pl\/en\/?s={search_term_string}"},"query-input":{"@type":"PropertyValueSpecification","valueRequired":true,"valueName":"search_term_string"}}],"inLanguage":"en-US"},{"@type":"Organization","@id":"https:\/\/www.translationstreet.pl\/en\/#organization","name":"Translation Street Krak\u00f3w","url":"https:\/\/www.translationstreet.pl\/en\/","logo":{"@type":"ImageObject","inLanguage":"en-US","@id":"https:\/\/www.translationstreet.pl\/en\/#\/schema\/logo\/image\/","url":"https:\/\/www.translationstreet.pl\/wp-content\/uploads\/2016\/11\/logoColor2.png","contentUrl":"https:\/\/www.translationstreet.pl\/wp-content\/uploads\/2016\/11\/logoColor2.png","width":409,"height":46,"caption":"Translation Street Krak\u00f3w"},"image":{"@id":"https:\/\/www.translationstreet.pl\/en\/#\/schema\/logo\/image\/"}}]}},"_links":{"self":[{"href":"https:\/\/www.translationstreet.pl\/en\/wp-json\/wp\/v2\/pages\/8717","targetHints":{"allow":["GET"]}}],"collection":[{"href":"https:\/\/www.translationstreet.pl\/en\/wp-json\/wp\/v2\/pages"}],"about":[{"href":"https:\/\/www.translationstreet.pl\/en\/wp-json\/wp\/v2\/types\/page"}],"author":[{"embeddable":true,"href":"https:\/\/www.translationstreet.pl\/en\/wp-json\/wp\/v2\/users\/1"}],"replies":[{"embeddable":true,"href":"https:\/\/www.translationstreet.pl\/en\/wp-json\/wp\/v2\/comments?post=8717"}],"version-history":[{"count":3,"href":"https:\/\/www.translationstreet.pl\/en\/wp-json\/wp\/v2\/pages\/8717\/revisions"}],"predecessor-version":[{"id":8767,"href":"https:\/\/www.translationstreet.pl\/en\/wp-json\/wp\/v2\/pages\/8717\/revisions\/8767"}],"wp:attachment":[{"href":"https:\/\/www.translationstreet.pl\/en\/wp-json\/wp\/v2\/media?parent=8717"}],"curies":[{"name":"wp","href":"https:\/\/api.w.org\/{rel}","templated":true}]}}