{"id":8709,"date":"2016-10-30T10:09:58","date_gmt":"2016-10-30T09:09:58","guid":{"rendered":"http:\/\/www.translationstreet.pl\/en\/?page_id=8709"},"modified":"2019-04-04T17:01:43","modified_gmt":"2019-04-04T15:01:43","slug":"localisation","status":"publish","type":"page","link":"https:\/\/www.translationstreet.pl\/en\/localisation\/","title":{"rendered":"Software and Website Localisation"},"content":{"rendered":"\r\n<section class=\"sh-section sh-section-7eb85dac7b08863b23056b2350e1ee8d fw-main-row arrow-left-right sh-section-visibility-everywhere\">\r\n\t\r\n\t\r\n\t<div class=\"sh-section-container container section-justify-height\">\r\n\t\t<div class=\"fw-row\">\n\t\r\n<div class=\"sh-column sh-column-e5c78df53a75ef7454e2e9a5a17b9b87 fw-col-xs-12\" >\r\n\r\n\t\r\n\t<div class=\"sh-column-wrapper\">\r\n\t\t\r\n<div class=\"sh-heading  \" id=\"heading-8b61777b462d219f82a13c8ba4d63dd9\">\r\n\t<div class=\"sh-element-margin\">\r\n\r\n\t\t\r\n\t\t\t<h1 class=\"sh-heading-content size-xxxl text-left\">\r\n\t\t\t\tSoftware and website localisation\t\t\t<\/h1>\r\n\r\n\t\t\r\n\t<\/div>\r\n<\/div>\r\n\t<\/div>\r\n\r\n\r\n\t\t\r\n\r\n<\/div>\r\n<\/div>\n\n<div class=\"fw-row\">\n\t\r\n<div class=\"sh-column sh-column-0b5864603f42cbec045699e2fdaf12c7 fw-col-xs-12 fw-col-sm-6\" >\r\n\r\n\t\r\n\t<div class=\"sh-column-wrapper\">\r\n\t\t\t<\/div>\r\n\r\n\r\n\t\t\r\n\r\n<\/div>\r\n\r\n<div class=\"sh-column sh-column-08f2d0f93da3ea2f172dbd60a4a113da fw-col-xs-12 fw-col-sm-6\" >\r\n\r\n\t\r\n\t<div class=\"sh-column-wrapper\">\r\n\t\t\r\n<div id=\"text-block-3486c8bbc7f480625092ad2902a78c7c\" class=\"sh-text-block\">\r\n\t<p>The Internet may be global, but web users\u2019 linguistic preferences remain local<strong>. Our localisation services will adapt the content of your website, software or application to the best format for the target country.<\/strong><\/p><p>We help websites, software and applications \u2018move\u2019 to a new, foreign address. We translate their content into any selected language, including \u2018exotic\u2019 ones. But we also take care to modify the details where necessary: standard tab names, the names of buttons and commands, currencies and measurement designations, the date format, the method of navigation and the style of address. You will receive a ready-to-launch web page, application or piece of software that is user-friendly and well-suited to recipients\u2019 preferences in the target country. And, just like the Internet, it will be accessible to the entire world. <strong>Just one click, and your words will be available to anyone, regardless of the domain name.<\/strong><\/p><\/div>\r\n\t<\/div>\r\n\r\n\r\n\t\t\r\n\r\n<\/div>\r\n<\/div>\n\n<div class=\"fw-row\">\n\t\r\n<div class=\"sh-column sh-column-cd975ff18cc86efa54c8f3b626a823be fw-col-xs-12 fw-col-sm-6 arrow-left\" >\r\n\r\n\t\r\n\t<div class=\"sh-column-wrapper\">\r\n\t\t\r\n<div id=\"button-c8c250798498486595fbb00c3ad5e51a\" class=\"sh-button-container  sh-button-style-3\">\r\n\t<div class=\"sh-element-margin\">\r\n\t\t<a href=\"https:\/\/www.translationstreet.pl\/redakcja\/\" target=\"_self\" class=\"sh-button sh-button-xlarge sh-button-icon-left\">\r\n\r\n\t\t\t\t\t\t\t<span class=\"sh-button-icon\">\r\n\t\t\t\t\t<i class=\"ti-angle-left\"><\/i>\r\n\t\t\t\t<\/span>\r\n\t\t\t\r\n\t\t\t\r\n\t\t\t\r\n\t\t<\/a>\r\n\t\t\t<\/div>\r\n<\/div>\r\n\t<\/div>\r\n\r\n\r\n\t\t\r\n\r\n<\/div>\r\n\r\n<div class=\"sh-column sh-column-4db900a214a485680d87f7bf9d12b2e6 fw-col-xs-12 fw-col-sm-6 arrow-right\" >\r\n\r\n\t\r\n\t<div class=\"sh-column-wrapper\">\r\n\t\t\r\n<div id=\"button-420a629085b535e5610eaa43082563c3\" class=\"sh-button-container  sh-button-style-3\">\r\n\t<div class=\"sh-element-margin\">\r\n\t\t<a href=\"https:\/\/www.translationstreet.pl\/transkreacja\/\" target=\"_self\" class=\"sh-button sh-button-xlarge sh-button-icon-right\">\r\n\r\n\t\t\t\t\t\t\t<span class=\"sh-button-icon\">\r\n\t\t\t\t\t<i class=\"ti-angle-right\"><\/i>\r\n\t\t\t\t<\/span>\r\n\t\t\t\r\n\t\t\t\r\n\t\t\t\r\n\t\t<\/a>\r\n\t\t\t<\/div>\r\n<\/div>\r\n\t<\/div>\r\n\r\n\r\n\t\t\r\n\r\n<\/div>\r\n<\/div>\n\n\t<\/div>\r\n<\/section>\r\n\n","protected":false},"excerpt":{"rendered":"<p>Software and website localisation The Internet may be global, but web users\u2019 linguistic preferences remain local. Our localisation services will adapt the content of your website, software or application to the best format for the target country.We help websites, software and applications \u2018move\u2019 to a&#8230;<\/p>\n","protected":false},"author":2,"featured_media":0,"parent":0,"menu_order":0,"comment_status":"closed","ping_status":"closed","template":"","meta":{"_acf_changed":false,"footnotes":""},"class_list":["post-8709","page","type-page","status-publish","hentry"],"acf":[],"yoast_head":"<!-- This site is optimized with the Yoast SEO plugin v27.3 - https:\/\/yoast.com\/product\/yoast-seo-wordpress\/ -->\n<title>Software and Website Localisation - Translation Street Krak\u00f3w<\/title>\n<meta name=\"description\" content=\"Software and website localisation The Internet may be global, but web users\u2019 linguistic preferences remain local. Our localisation services will adapt the\" \/>\n<meta name=\"robots\" content=\"index, follow, max-snippet:-1, max-image-preview:large, max-video-preview:-1\" \/>\n<link rel=\"canonical\" href=\"https:\/\/www.translationstreet.pl\/en\/localisation\/\" \/>\n<meta property=\"og:locale\" content=\"en_US\" \/>\n<meta property=\"og:type\" content=\"article\" \/>\n<meta property=\"og:title\" content=\"Software and Website Localisation - Translation Street Krak\u00f3w\" \/>\n<meta property=\"og:description\" content=\"Software and website localisation The Internet may be global, but web users\u2019 linguistic preferences remain local. Our localisation services will adapt the\" \/>\n<meta property=\"og:url\" content=\"https:\/\/www.translationstreet.pl\/en\/localisation\/\" \/>\n<meta property=\"og:site_name\" content=\"Translation Street Krak\u00f3w\" \/>\n<meta property=\"article:modified_time\" content=\"2019-04-04T15:01:43+00:00\" \/>\n<meta name=\"twitter:card\" content=\"summary_large_image\" \/>\n<meta name=\"twitter:label1\" content=\"Est. reading time\" \/>\n\t<meta name=\"twitter:data1\" content=\"1 minute\" \/>\n<script type=\"application\/ld+json\" class=\"yoast-schema-graph\">{\"@context\":\"https:\\\/\\\/schema.org\",\"@graph\":[{\"@type\":\"WebPage\",\"@id\":\"https:\\\/\\\/www.translationstreet.pl\\\/en\\\/localisation\\\/\",\"url\":\"https:\\\/\\\/www.translationstreet.pl\\\/en\\\/localisation\\\/\",\"name\":\"Software and Website Localisation - Translation Street Krak\u00f3w\",\"isPartOf\":{\"@id\":\"https:\\\/\\\/www.translationstreet.pl\\\/en\\\/#website\"},\"datePublished\":\"2016-10-30T09:09:58+00:00\",\"dateModified\":\"2019-04-04T15:01:43+00:00\",\"description\":\"Software and website localisation The Internet may be global, but web users\u2019 linguistic preferences remain local. Our localisation services will adapt the\",\"breadcrumb\":{\"@id\":\"https:\\\/\\\/www.translationstreet.pl\\\/en\\\/localisation\\\/#breadcrumb\"},\"inLanguage\":\"en-US\",\"potentialAction\":[{\"@type\":\"ReadAction\",\"target\":[\"https:\\\/\\\/www.translationstreet.pl\\\/en\\\/localisation\\\/\"]}]},{\"@type\":\"BreadcrumbList\",\"@id\":\"https:\\\/\\\/www.translationstreet.pl\\\/en\\\/localisation\\\/#breadcrumb\",\"itemListElement\":[{\"@type\":\"ListItem\",\"position\":1,\"name\":\"Strona g\u0142\u00f3wna\",\"item\":\"https:\\\/\\\/www.translationstreet.pl\\\/en\\\/\"},{\"@type\":\"ListItem\",\"position\":2,\"name\":\"Software and Website Localisation\"}]},{\"@type\":\"WebSite\",\"@id\":\"https:\\\/\\\/www.translationstreet.pl\\\/en\\\/#website\",\"url\":\"https:\\\/\\\/www.translationstreet.pl\\\/en\\\/\",\"name\":\"Translation Street Krak\u00f3w\",\"description\":\"Przygotowujemy profesjonalne t\u0142umaczenia pisemne we wszystkich j\u0119zykach \u015bwiata i dostosowujemy ich rodzaj do potrzeb klient\u00f3w.  Translation Street. Terminowo. S\u0142owo.\",\"publisher\":{\"@id\":\"https:\\\/\\\/www.translationstreet.pl\\\/en\\\/#organization\"},\"potentialAction\":[{\"@type\":\"SearchAction\",\"target\":{\"@type\":\"EntryPoint\",\"urlTemplate\":\"https:\\\/\\\/www.translationstreet.pl\\\/en\\\/?s={search_term_string}\"},\"query-input\":{\"@type\":\"PropertyValueSpecification\",\"valueRequired\":true,\"valueName\":\"search_term_string\"}}],\"inLanguage\":\"en-US\"},{\"@type\":\"Organization\",\"@id\":\"https:\\\/\\\/www.translationstreet.pl\\\/en\\\/#organization\",\"name\":\"Translation Street Krak\u00f3w\",\"url\":\"https:\\\/\\\/www.translationstreet.pl\\\/en\\\/\",\"logo\":{\"@type\":\"ImageObject\",\"inLanguage\":\"en-US\",\"@id\":\"https:\\\/\\\/www.translationstreet.pl\\\/en\\\/#\\\/schema\\\/logo\\\/image\\\/\",\"url\":\"https:\\\/\\\/www.translationstreet.pl\\\/wp-content\\\/uploads\\\/2016\\\/11\\\/logoColor2.png\",\"contentUrl\":\"https:\\\/\\\/www.translationstreet.pl\\\/wp-content\\\/uploads\\\/2016\\\/11\\\/logoColor2.png\",\"width\":409,\"height\":46,\"caption\":\"Translation Street Krak\u00f3w\"},\"image\":{\"@id\":\"https:\\\/\\\/www.translationstreet.pl\\\/en\\\/#\\\/schema\\\/logo\\\/image\\\/\"}}]}<\/script>\n<!-- \/ Yoast SEO plugin. -->","yoast_head_json":{"title":"Software and Website Localisation - Translation Street Krak\u00f3w","description":"Software and website localisation The Internet may be global, but web users\u2019 linguistic preferences remain local. Our localisation services will adapt the","robots":{"index":"index","follow":"follow","max-snippet":"max-snippet:-1","max-image-preview":"max-image-preview:large","max-video-preview":"max-video-preview:-1"},"canonical":"https:\/\/www.translationstreet.pl\/en\/localisation\/","og_locale":"en_US","og_type":"article","og_title":"Software and Website Localisation - Translation Street Krak\u00f3w","og_description":"Software and website localisation The Internet may be global, but web users\u2019 linguistic preferences remain local. Our localisation services will adapt the","og_url":"https:\/\/www.translationstreet.pl\/en\/localisation\/","og_site_name":"Translation Street Krak\u00f3w","article_modified_time":"2019-04-04T15:01:43+00:00","twitter_card":"summary_large_image","twitter_misc":{"Est. reading time":"1 minute"},"schema":{"@context":"https:\/\/schema.org","@graph":[{"@type":"WebPage","@id":"https:\/\/www.translationstreet.pl\/en\/localisation\/","url":"https:\/\/www.translationstreet.pl\/en\/localisation\/","name":"Software and Website Localisation - Translation Street Krak\u00f3w","isPartOf":{"@id":"https:\/\/www.translationstreet.pl\/en\/#website"},"datePublished":"2016-10-30T09:09:58+00:00","dateModified":"2019-04-04T15:01:43+00:00","description":"Software and website localisation The Internet may be global, but web users\u2019 linguistic preferences remain local. Our localisation services will adapt the","breadcrumb":{"@id":"https:\/\/www.translationstreet.pl\/en\/localisation\/#breadcrumb"},"inLanguage":"en-US","potentialAction":[{"@type":"ReadAction","target":["https:\/\/www.translationstreet.pl\/en\/localisation\/"]}]},{"@type":"BreadcrumbList","@id":"https:\/\/www.translationstreet.pl\/en\/localisation\/#breadcrumb","itemListElement":[{"@type":"ListItem","position":1,"name":"Strona g\u0142\u00f3wna","item":"https:\/\/www.translationstreet.pl\/en\/"},{"@type":"ListItem","position":2,"name":"Software and Website Localisation"}]},{"@type":"WebSite","@id":"https:\/\/www.translationstreet.pl\/en\/#website","url":"https:\/\/www.translationstreet.pl\/en\/","name":"Translation Street Krak\u00f3w","description":"Przygotowujemy profesjonalne t\u0142umaczenia pisemne we wszystkich j\u0119zykach \u015bwiata i dostosowujemy ich rodzaj do potrzeb klient\u00f3w.  Translation Street. Terminowo. S\u0142owo.","publisher":{"@id":"https:\/\/www.translationstreet.pl\/en\/#organization"},"potentialAction":[{"@type":"SearchAction","target":{"@type":"EntryPoint","urlTemplate":"https:\/\/www.translationstreet.pl\/en\/?s={search_term_string}"},"query-input":{"@type":"PropertyValueSpecification","valueRequired":true,"valueName":"search_term_string"}}],"inLanguage":"en-US"},{"@type":"Organization","@id":"https:\/\/www.translationstreet.pl\/en\/#organization","name":"Translation Street Krak\u00f3w","url":"https:\/\/www.translationstreet.pl\/en\/","logo":{"@type":"ImageObject","inLanguage":"en-US","@id":"https:\/\/www.translationstreet.pl\/en\/#\/schema\/logo\/image\/","url":"https:\/\/www.translationstreet.pl\/wp-content\/uploads\/2016\/11\/logoColor2.png","contentUrl":"https:\/\/www.translationstreet.pl\/wp-content\/uploads\/2016\/11\/logoColor2.png","width":409,"height":46,"caption":"Translation Street Krak\u00f3w"},"image":{"@id":"https:\/\/www.translationstreet.pl\/en\/#\/schema\/logo\/image\/"}}]}},"_links":{"self":[{"href":"https:\/\/www.translationstreet.pl\/en\/wp-json\/wp\/v2\/pages\/8709","targetHints":{"allow":["GET"]}}],"collection":[{"href":"https:\/\/www.translationstreet.pl\/en\/wp-json\/wp\/v2\/pages"}],"about":[{"href":"https:\/\/www.translationstreet.pl\/en\/wp-json\/wp\/v2\/types\/page"}],"author":[{"embeddable":true,"href":"https:\/\/www.translationstreet.pl\/en\/wp-json\/wp\/v2\/users\/2"}],"replies":[{"embeddable":true,"href":"https:\/\/www.translationstreet.pl\/en\/wp-json\/wp\/v2\/comments?post=8709"}],"version-history":[{"count":5,"href":"https:\/\/www.translationstreet.pl\/en\/wp-json\/wp\/v2\/pages\/8709\/revisions"}],"predecessor-version":[{"id":8762,"href":"https:\/\/www.translationstreet.pl\/en\/wp-json\/wp\/v2\/pages\/8709\/revisions\/8762"}],"wp:attachment":[{"href":"https:\/\/www.translationstreet.pl\/en\/wp-json\/wp\/v2\/media?parent=8709"}],"curies":[{"name":"wp","href":"https:\/\/api.w.org\/{rel}","templated":true}]}}