{"id":8705,"date":"2016-10-31T11:09:09","date_gmt":"2016-10-31T10:09:09","guid":{"rendered":"http:\/\/www.translationstreet.pl\/en\/?page_id=8705"},"modified":"2019-12-16T14:24:43","modified_gmt":"2019-12-16T13:24:43","slug":"marketing","status":"publish","type":"page","link":"https:\/\/www.translationstreet.pl\/en\/marketing\/","title":{"rendered":"Marketing"},"content":{"rendered":"\r\n<section class=\"sh-section sh-section-7eb85dac7b08863b23056b2350e1ee8d fw-main-row arrow-left-right sh-section-visibility-everywhere\">\r\n\t\r\n\t\r\n\t<div class=\"sh-section-container container section-justify-height\">\r\n\t\t<div class=\"fw-row\">\n\t\r\n<div class=\"sh-column sh-column-e5c78df53a75ef7454e2e9a5a17b9b87 fw-col-xs-12\" >\r\n\r\n\t\r\n\t<div class=\"sh-column-wrapper\">\r\n\t\t\r\n<div class=\"sh-heading  \" id=\"heading-8b61777b462d219f82a13c8ba4d63dd9\">\r\n\t<div class=\"sh-element-margin\">\r\n\r\n\t\t\r\n\t\t\t<h1 class=\"sh-heading-content size-xxxl text-left\">\r\n\t\t\t\tMarketing\t\t\t<\/h1>\r\n\r\n\t\t\r\n\t<\/div>\r\n<\/div>\r\n\t<\/div>\r\n\r\n\r\n\t\t\r\n\r\n<\/div>\r\n<\/div>\n\n<div class=\"fw-row\">\n\t\r\n<div class=\"sh-column sh-column-0b5864603f42cbec045699e2fdaf12c7 fw-col-xs-12 fw-col-sm-6\" >\r\n\r\n\t\r\n\t<div class=\"sh-column-wrapper\">\r\n\t\t\t<\/div>\r\n\r\n\r\n\t\t\r\n\r\n<\/div>\r\n\r\n<div class=\"sh-column sh-column-08f2d0f93da3ea2f172dbd60a4a113da fw-col-xs-12 fw-col-sm-6\" >\r\n\r\n\t\r\n\t<div class=\"sh-column-wrapper\">\r\n\t\t\r\n<div id=\"text-block-3486c8bbc7f480625092ad2902a78c7c\" class=\"sh-text-block\">\r\n\t<p>The world is changing, and so is your company. Innovations are an integral part of your life and the lives of your employees and customers. Let us help you share them. With everyone.<\/p><p><strong>We offer translations into all the languages of the world,<\/strong><\/p><p>including \u2018exotic\u2019 languages.<\/p><p><strong>We also offer transcreation services \u2013 translations adapted to the culture of the target country.<\/strong><\/p><p>Doing a \u2018native check\u2019 is part of our daily routine \u2013 our native speakers are sure to pick up on all the nuances in any marketing text. We also provide consecutive and simultaneous interpretation during international conferences, training courses and promotional events. We work as fast as our customers do.<\/p><p><strong>We understand that the best ideas sometimes come in the blink of an eye \u2013 so we translate them just as quickly.<\/strong><\/p><p>We have helped publicize the successes of the biggest players in the FMCG industry: producers of food, toiletries, cleaning products and dietary supplements. We have earned the trust of a Polish company that is one of the biggest producers of window and door frames in Europe. We translate marketing texts for various industries as well as the pharmacy and new technology sectors. We are proud that the news of our partners\u2019 successes can be heard in various countries.<\/p><p><strong>We help create advertising messages. Our banner slogans are catchy in every language <\/strong><\/p><p>thanks to our translators\u2019 creativity. And if you need to organise a press conference for foreign guests, translate an agreement on promotional activities for business partners from several different countries, or prepare a cycle of Intranet posts for Polish employees at a global conference, we are also at your service.<\/p><p>We help our clients conquer the world \u2013 literally.<\/p><\/div>\r\n\t<\/div>\r\n\r\n\r\n\t\t\r\n\r\n<\/div>\r\n<\/div>\n\n<div class=\"fw-row\">\n\t\r\n<div class=\"sh-column sh-column-cd975ff18cc86efa54c8f3b626a823be fw-col-xs-12 fw-col-sm-6 arrow-left\" >\r\n\r\n\t\r\n\t<div class=\"sh-column-wrapper\">\r\n\t\t\r\n<div id=\"button-c8c250798498486595fbb00c3ad5e51a\" class=\"sh-button-container  sh-button-style-3\">\r\n\t<div class=\"sh-element-margin\">\r\n\t\t<a href=\"https:\/\/www.translationstreet.pl\/medycyna\/\" target=\"_self\" class=\"sh-button sh-button-xlarge sh-button-icon-left\">\r\n\r\n\t\t\t\t\t\t\t<span class=\"sh-button-icon\">\r\n\t\t\t\t\t<i class=\"ti-angle-left\"><\/i>\r\n\t\t\t\t<\/span>\r\n\t\t\t\r\n\t\t\t\r\n\t\t\t\r\n\t\t<\/a>\r\n\t\t\t<\/div>\r\n<\/div>\r\n\t<\/div>\r\n\r\n\r\n\t\t\r\n\r\n<\/div>\r\n\r\n<div class=\"sh-column sh-column-4db900a214a485680d87f7bf9d12b2e6 fw-col-xs-12 fw-col-sm-6 arrow-right\" >\r\n\r\n\t\r\n\t<div class=\"sh-column-wrapper\">\r\n\t\t\r\n<div id=\"button-420a629085b535e5610eaa43082563c3\" class=\"sh-button-container  sh-button-style-3\">\r\n\t<div class=\"sh-element-margin\">\r\n\t\t<a href=\"https:\/\/www.translationstreet.pl\/wydawnictwa\/\" target=\"_self\" class=\"sh-button sh-button-xlarge sh-button-icon-right\">\r\n\r\n\t\t\t\t\t\t\t<span class=\"sh-button-icon\">\r\n\t\t\t\t\t<i class=\"ti-angle-right\"><\/i>\r\n\t\t\t\t<\/span>\r\n\t\t\t\r\n\t\t\t\r\n\t\t\t\r\n\t\t<\/a>\r\n\t\t\t<\/div>\r\n<\/div>\r\n\t<\/div>\r\n\r\n\r\n\t\t\r\n\r\n<\/div>\r\n<\/div>\n\n\t<\/div>\r\n<\/section>\r\n\n","protected":false},"excerpt":{"rendered":"<p>Marketing The world is changing, and so is your company. Innovations are an integral part of your life and the lives of your employees and customers. Let us help you share them. With everyone.We offer translations into all the languages of the world,including \u2018exotic\u2019 languages.We&#8230;<\/p>\n","protected":false},"author":2,"featured_media":0,"parent":0,"menu_order":0,"comment_status":"closed","ping_status":"closed","template":"","meta":{"_acf_changed":false,"footnotes":""},"class_list":["post-8705","page","type-page","status-publish","hentry"],"acf":[],"yoast_head":"<!-- This site is optimized with the Yoast SEO plugin v27.3 - https:\/\/yoast.com\/product\/yoast-seo-wordpress\/ -->\n<title>Marketing - Translation Street Krak\u00f3w<\/title>\n<meta name=\"description\" content=\"Marketing The world is changing, and so is your company. Innovations are an integral part of your life and the lives of your employees and customers. Let\" \/>\n<meta name=\"robots\" content=\"index, follow, max-snippet:-1, max-image-preview:large, max-video-preview:-1\" \/>\n<link rel=\"canonical\" href=\"https:\/\/www.translationstreet.pl\/en\/marketing\/\" \/>\n<meta property=\"og:locale\" content=\"en_US\" \/>\n<meta property=\"og:type\" content=\"article\" \/>\n<meta property=\"og:title\" content=\"Marketing - Translation Street Krak\u00f3w\" \/>\n<meta property=\"og:description\" content=\"Marketing The world is changing, and so is your company. Innovations are an integral part of your life and the lives of your employees and customers. Let\" \/>\n<meta property=\"og:url\" content=\"https:\/\/www.translationstreet.pl\/en\/marketing\/\" \/>\n<meta property=\"og:site_name\" content=\"Translation Street Krak\u00f3w\" \/>\n<meta property=\"article:modified_time\" content=\"2019-12-16T13:24:43+00:00\" \/>\n<meta name=\"twitter:card\" content=\"summary_large_image\" \/>\n<meta name=\"twitter:label1\" content=\"Est. reading time\" \/>\n\t<meta name=\"twitter:data1\" content=\"1 minute\" \/>\n<script type=\"application\/ld+json\" class=\"yoast-schema-graph\">{\"@context\":\"https:\\\/\\\/schema.org\",\"@graph\":[{\"@type\":\"WebPage\",\"@id\":\"https:\\\/\\\/www.translationstreet.pl\\\/en\\\/marketing\\\/\",\"url\":\"https:\\\/\\\/www.translationstreet.pl\\\/en\\\/marketing\\\/\",\"name\":\"Marketing - Translation Street Krak\u00f3w\",\"isPartOf\":{\"@id\":\"https:\\\/\\\/www.translationstreet.pl\\\/en\\\/#website\"},\"datePublished\":\"2016-10-31T10:09:09+00:00\",\"dateModified\":\"2019-12-16T13:24:43+00:00\",\"description\":\"Marketing The world is changing, and so is your company. Innovations are an integral part of your life and the lives of your employees and customers. Let\",\"breadcrumb\":{\"@id\":\"https:\\\/\\\/www.translationstreet.pl\\\/en\\\/marketing\\\/#breadcrumb\"},\"inLanguage\":\"en-US\",\"potentialAction\":[{\"@type\":\"ReadAction\",\"target\":[\"https:\\\/\\\/www.translationstreet.pl\\\/en\\\/marketing\\\/\"]}]},{\"@type\":\"BreadcrumbList\",\"@id\":\"https:\\\/\\\/www.translationstreet.pl\\\/en\\\/marketing\\\/#breadcrumb\",\"itemListElement\":[{\"@type\":\"ListItem\",\"position\":1,\"name\":\"Strona g\u0142\u00f3wna\",\"item\":\"https:\\\/\\\/www.translationstreet.pl\\\/en\\\/\"},{\"@type\":\"ListItem\",\"position\":2,\"name\":\"Marketing\"}]},{\"@type\":\"WebSite\",\"@id\":\"https:\\\/\\\/www.translationstreet.pl\\\/en\\\/#website\",\"url\":\"https:\\\/\\\/www.translationstreet.pl\\\/en\\\/\",\"name\":\"Translation Street Krak\u00f3w\",\"description\":\"Przygotowujemy profesjonalne t\u0142umaczenia pisemne we wszystkich j\u0119zykach \u015bwiata i dostosowujemy ich rodzaj do potrzeb klient\u00f3w.  Translation Street. Terminowo. S\u0142owo.\",\"publisher\":{\"@id\":\"https:\\\/\\\/www.translationstreet.pl\\\/en\\\/#organization\"},\"potentialAction\":[{\"@type\":\"SearchAction\",\"target\":{\"@type\":\"EntryPoint\",\"urlTemplate\":\"https:\\\/\\\/www.translationstreet.pl\\\/en\\\/?s={search_term_string}\"},\"query-input\":{\"@type\":\"PropertyValueSpecification\",\"valueRequired\":true,\"valueName\":\"search_term_string\"}}],\"inLanguage\":\"en-US\"},{\"@type\":\"Organization\",\"@id\":\"https:\\\/\\\/www.translationstreet.pl\\\/en\\\/#organization\",\"name\":\"Translation Street Krak\u00f3w\",\"url\":\"https:\\\/\\\/www.translationstreet.pl\\\/en\\\/\",\"logo\":{\"@type\":\"ImageObject\",\"inLanguage\":\"en-US\",\"@id\":\"https:\\\/\\\/www.translationstreet.pl\\\/en\\\/#\\\/schema\\\/logo\\\/image\\\/\",\"url\":\"https:\\\/\\\/www.translationstreet.pl\\\/wp-content\\\/uploads\\\/2016\\\/11\\\/logoColor2.png\",\"contentUrl\":\"https:\\\/\\\/www.translationstreet.pl\\\/wp-content\\\/uploads\\\/2016\\\/11\\\/logoColor2.png\",\"width\":409,\"height\":46,\"caption\":\"Translation Street Krak\u00f3w\"},\"image\":{\"@id\":\"https:\\\/\\\/www.translationstreet.pl\\\/en\\\/#\\\/schema\\\/logo\\\/image\\\/\"}}]}<\/script>\n<!-- \/ Yoast SEO plugin. -->","yoast_head_json":{"title":"Marketing - Translation Street Krak\u00f3w","description":"Marketing The world is changing, and so is your company. Innovations are an integral part of your life and the lives of your employees and customers. Let","robots":{"index":"index","follow":"follow","max-snippet":"max-snippet:-1","max-image-preview":"max-image-preview:large","max-video-preview":"max-video-preview:-1"},"canonical":"https:\/\/www.translationstreet.pl\/en\/marketing\/","og_locale":"en_US","og_type":"article","og_title":"Marketing - Translation Street Krak\u00f3w","og_description":"Marketing The world is changing, and so is your company. Innovations are an integral part of your life and the lives of your employees and customers. Let","og_url":"https:\/\/www.translationstreet.pl\/en\/marketing\/","og_site_name":"Translation Street Krak\u00f3w","article_modified_time":"2019-12-16T13:24:43+00:00","twitter_card":"summary_large_image","twitter_misc":{"Est. reading time":"1 minute"},"schema":{"@context":"https:\/\/schema.org","@graph":[{"@type":"WebPage","@id":"https:\/\/www.translationstreet.pl\/en\/marketing\/","url":"https:\/\/www.translationstreet.pl\/en\/marketing\/","name":"Marketing - Translation Street Krak\u00f3w","isPartOf":{"@id":"https:\/\/www.translationstreet.pl\/en\/#website"},"datePublished":"2016-10-31T10:09:09+00:00","dateModified":"2019-12-16T13:24:43+00:00","description":"Marketing The world is changing, and so is your company. Innovations are an integral part of your life and the lives of your employees and customers. Let","breadcrumb":{"@id":"https:\/\/www.translationstreet.pl\/en\/marketing\/#breadcrumb"},"inLanguage":"en-US","potentialAction":[{"@type":"ReadAction","target":["https:\/\/www.translationstreet.pl\/en\/marketing\/"]}]},{"@type":"BreadcrumbList","@id":"https:\/\/www.translationstreet.pl\/en\/marketing\/#breadcrumb","itemListElement":[{"@type":"ListItem","position":1,"name":"Strona g\u0142\u00f3wna","item":"https:\/\/www.translationstreet.pl\/en\/"},{"@type":"ListItem","position":2,"name":"Marketing"}]},{"@type":"WebSite","@id":"https:\/\/www.translationstreet.pl\/en\/#website","url":"https:\/\/www.translationstreet.pl\/en\/","name":"Translation Street Krak\u00f3w","description":"Przygotowujemy profesjonalne t\u0142umaczenia pisemne we wszystkich j\u0119zykach \u015bwiata i dostosowujemy ich rodzaj do potrzeb klient\u00f3w.  Translation Street. Terminowo. S\u0142owo.","publisher":{"@id":"https:\/\/www.translationstreet.pl\/en\/#organization"},"potentialAction":[{"@type":"SearchAction","target":{"@type":"EntryPoint","urlTemplate":"https:\/\/www.translationstreet.pl\/en\/?s={search_term_string}"},"query-input":{"@type":"PropertyValueSpecification","valueRequired":true,"valueName":"search_term_string"}}],"inLanguage":"en-US"},{"@type":"Organization","@id":"https:\/\/www.translationstreet.pl\/en\/#organization","name":"Translation Street Krak\u00f3w","url":"https:\/\/www.translationstreet.pl\/en\/","logo":{"@type":"ImageObject","inLanguage":"en-US","@id":"https:\/\/www.translationstreet.pl\/en\/#\/schema\/logo\/image\/","url":"https:\/\/www.translationstreet.pl\/wp-content\/uploads\/2016\/11\/logoColor2.png","contentUrl":"https:\/\/www.translationstreet.pl\/wp-content\/uploads\/2016\/11\/logoColor2.png","width":409,"height":46,"caption":"Translation Street Krak\u00f3w"},"image":{"@id":"https:\/\/www.translationstreet.pl\/en\/#\/schema\/logo\/image\/"}}]}},"_links":{"self":[{"href":"https:\/\/www.translationstreet.pl\/en\/wp-json\/wp\/v2\/pages\/8705","targetHints":{"allow":["GET"]}}],"collection":[{"href":"https:\/\/www.translationstreet.pl\/en\/wp-json\/wp\/v2\/pages"}],"about":[{"href":"https:\/\/www.translationstreet.pl\/en\/wp-json\/wp\/v2\/types\/page"}],"author":[{"embeddable":true,"href":"https:\/\/www.translationstreet.pl\/en\/wp-json\/wp\/v2\/users\/2"}],"replies":[{"embeddable":true,"href":"https:\/\/www.translationstreet.pl\/en\/wp-json\/wp\/v2\/comments?post=8705"}],"version-history":[{"count":6,"href":"https:\/\/www.translationstreet.pl\/en\/wp-json\/wp\/v2\/pages\/8705\/revisions"}],"predecessor-version":[{"id":8748,"href":"https:\/\/www.translationstreet.pl\/en\/wp-json\/wp\/v2\/pages\/8705\/revisions\/8748"}],"wp:attachment":[{"href":"https:\/\/www.translationstreet.pl\/en\/wp-json\/wp\/v2\/media?parent=8705"}],"curies":[{"name":"wp","href":"https:\/\/api.w.org\/{rel}","templated":true}]}}