{"id":8687,"date":"2016-10-25T15:03:37","date_gmt":"2016-10-25T13:03:37","guid":{"rendered":"http:\/\/www.translationstreet.pl\/en\/?page_id=8687"},"modified":"2019-04-04T17:07:34","modified_gmt":"2019-04-04T15:07:34","slug":"interpreting","status":"publish","type":"page","link":"https:\/\/www.translationstreet.pl\/en\/interpreting\/","title":{"rendered":"Interpreting"},"content":{"rendered":"\r\n<section class=\"sh-section sh-section-7eb85dac7b08863b23056b2350e1ee8d fw-main-row arrow-left-right sh-section-visibility-everywhere\">\r\n\t\r\n\t\r\n\t<div class=\"sh-section-container container section-justify-height\">\r\n\t\t<div class=\"fw-row\">\n\t\r\n<div class=\"sh-column sh-column-e5c78df53a75ef7454e2e9a5a17b9b87 fw-col-xs-12\" >\r\n\r\n\t\r\n\t<div class=\"sh-column-wrapper\">\r\n\t\t\r\n<div class=\"sh-heading  \" id=\"heading-8b61777b462d219f82a13c8ba4d63dd9\">\r\n\t<div class=\"sh-element-margin\">\r\n\r\n\t\t\r\n\t\t\t<h1 class=\"sh-heading-content size-xxxl text-left\">\r\n\t\t\t\tInterpreting\t\t\t<\/h1>\r\n\r\n\t\t\r\n\t<\/div>\r\n<\/div>\r\n\t<\/div>\r\n\r\n\r\n\t\t\r\n\r\n<\/div>\r\n<\/div>\n\n<div class=\"fw-row\">\n\t\r\n<div class=\"sh-column sh-column-0b5864603f42cbec045699e2fdaf12c7 fw-col-xs-12 fw-col-sm-6\" >\r\n\r\n\t\r\n\t<div class=\"sh-column-wrapper\">\r\n\t\t\r\n<div id=\"text-block-a5334f12f5c095fabbfbd0561407eac8\" class=\"sh-text-block uslugi-list\">\r\n\t<ul style=\"font-family: 'Playfair Display';\"><li>conference<\/li><li>simultaneous<\/li><li>consecutive<\/li><\/ul><\/div>\r\n\t<\/div>\r\n\r\n\r\n\t\t\r\n\r\n<\/div>\r\n\r\n<div class=\"sh-column sh-column-08f2d0f93da3ea2f172dbd60a4a113da fw-col-xs-12 fw-col-sm-6\" >\r\n\r\n\t\r\n\t<div class=\"sh-column-wrapper\">\r\n\t\t\r\n<div id=\"text-block-3486c8bbc7f480625092ad2902a78c7c\" class=\"sh-text-block\">\r\n\t<p><strong>Conference interpretation<\/strong> is an oral translation service provided during a meeting, and is meant to convey the speaker\u2019s words as well as his or her characteristic style of speech, tone and beliefs. We work with interpreters who can be discreet yet indispensable participants in meetings. We offer interpreting services in all languages in every field \u2013 both your and your guests\u2019 speeches will always be interpreted by a specialist. We also provide conference equipment upon request.<\/p><p><strong>Simultaneous interpretation<\/strong> is the Mount Everest of translation. It takes place in a soundproof booth, where the interpreter translates the speaker\u2019s words into a foreign language, while the translation is heard by conference participants via headphones. This type of interpretation is always handled by two alternating interpreters, since the level of concentration they need and stress they experience while working is comparable to that of a passenger plane pilot. However, there\u2019s no need to worry: we will entrust our interpretation services during your conference to first-class specialists with nerves of steel.<\/p><p><strong>Consecutive interpretation<\/strong> is used most often during speeches, official galas, business meetings, specialist meetings or conversations in small groups. The interpreter stands or sits beside the speaker and repeats successive parts of his speech in a foreign language. What counts here is the interpreter\u2019s linguistic mastery, composure, good memory and often creativity. Our interpreters have all these qualities. You can rest assured that your conference will be successful.<\/p><\/div>\r\n\t<\/div>\r\n\r\n\r\n\t\t\r\n\r\n<\/div>\r\n<\/div>\n\n<div class=\"fw-row\">\n\t\r\n<div class=\"sh-column sh-column-cd975ff18cc86efa54c8f3b626a823be fw-col-xs-12 fw-col-sm-6 arrow-left\" >\r\n\r\n\t\r\n\t<div class=\"sh-column-wrapper\">\r\n\t\t\r\n<div id=\"button-c8c250798498486595fbb00c3ad5e51a\" class=\"sh-button-container  sh-button-style-3\">\r\n\t<div class=\"sh-element-margin\">\r\n\t\t<a href=\"https:\/\/www.translationstreet.pl\/tlumaczenia-pisemne\/\" target=\"_self\" class=\"sh-button sh-button-xlarge sh-button-icon-left\">\r\n\r\n\t\t\t\t\t\t\t<span class=\"sh-button-icon\">\r\n\t\t\t\t\t<i class=\"ti-angle-left\"><\/i>\r\n\t\t\t\t<\/span>\r\n\t\t\t\r\n\t\t\t\r\n\t\t\t\r\n\t\t<\/a>\r\n\t\t\t<\/div>\r\n<\/div>\r\n\t<\/div>\r\n\r\n\r\n\t\t\r\n\r\n<\/div>\r\n\r\n<div class=\"sh-column sh-column-4db900a214a485680d87f7bf9d12b2e6 fw-col-xs-12 fw-col-sm-6 arrow-right\" >\r\n\r\n\t\r\n\t<div class=\"sh-column-wrapper\">\r\n\t\t\r\n<div id=\"button-420a629085b535e5610eaa43082563c3\" class=\"sh-button-container  sh-button-style-3\">\r\n\t<div class=\"sh-element-margin\">\r\n\t\t<a href=\"https:\/\/www.translationstreet.pl\/redakcja\/\" target=\"_self\" class=\"sh-button sh-button-xlarge sh-button-icon-right\">\r\n\r\n\t\t\t\t\t\t\t<span class=\"sh-button-icon\">\r\n\t\t\t\t\t<i class=\"ti-angle-right\"><\/i>\r\n\t\t\t\t<\/span>\r\n\t\t\t\r\n\t\t\t\r\n\t\t\t\r\n\t\t<\/a>\r\n\t\t\t<\/div>\r\n<\/div>\r\n\t<\/div>\r\n\r\n\r\n\t\t\r\n\r\n<\/div>\r\n<\/div>\n\n\t<\/div>\r\n<\/section>\r\n\n","protected":false},"excerpt":{"rendered":"<p>Interpreting conferencesimultaneousconsecutive Conference interpretation is an oral translation service provided during a meeting, and is meant to convey the speaker\u2019s words as well as his or her characteristic style of speech, tone and beliefs. We work with interpreters who can be discreet yet indispensable participants&#8230;<\/p>\n","protected":false},"author":2,"featured_media":0,"parent":0,"menu_order":0,"comment_status":"closed","ping_status":"closed","template":"","meta":{"_acf_changed":false,"footnotes":""},"class_list":["post-8687","page","type-page","status-publish","hentry"],"acf":[],"yoast_head":"<!-- This site is optimized with the Yoast SEO plugin v27.3 - https:\/\/yoast.com\/product\/yoast-seo-wordpress\/ -->\n<title>Interpreting - Translation Street Krak\u00f3w<\/title>\n<meta name=\"description\" content=\"Interpreting conferencesimultaneousconsecutive Conference interpretation is an oral translation service provided during a meeting, and is meant to convey\" \/>\n<meta name=\"robots\" content=\"index, follow, max-snippet:-1, max-image-preview:large, max-video-preview:-1\" \/>\n<link rel=\"canonical\" href=\"https:\/\/www.translationstreet.pl\/en\/interpreting\/\" \/>\n<meta property=\"og:locale\" content=\"en_US\" \/>\n<meta property=\"og:type\" content=\"article\" \/>\n<meta property=\"og:title\" content=\"Interpreting - Translation Street Krak\u00f3w\" \/>\n<meta property=\"og:description\" content=\"Interpreting conferencesimultaneousconsecutive Conference interpretation is an oral translation service provided during a meeting, and is meant to convey\" \/>\n<meta property=\"og:url\" content=\"https:\/\/www.translationstreet.pl\/en\/interpreting\/\" \/>\n<meta property=\"og:site_name\" content=\"Translation Street Krak\u00f3w\" \/>\n<meta property=\"article:modified_time\" content=\"2019-04-04T15:07:34+00:00\" \/>\n<meta name=\"twitter:card\" content=\"summary_large_image\" \/>\n<meta name=\"twitter:label1\" content=\"Est. reading time\" \/>\n\t<meta name=\"twitter:data1\" content=\"1 minute\" \/>\n<script type=\"application\/ld+json\" class=\"yoast-schema-graph\">{\"@context\":\"https:\\\/\\\/schema.org\",\"@graph\":[{\"@type\":\"WebPage\",\"@id\":\"https:\\\/\\\/www.translationstreet.pl\\\/en\\\/interpreting\\\/\",\"url\":\"https:\\\/\\\/www.translationstreet.pl\\\/en\\\/interpreting\\\/\",\"name\":\"Interpreting - Translation Street Krak\u00f3w\",\"isPartOf\":{\"@id\":\"https:\\\/\\\/www.translationstreet.pl\\\/en\\\/#website\"},\"datePublished\":\"2016-10-25T13:03:37+00:00\",\"dateModified\":\"2019-04-04T15:07:34+00:00\",\"description\":\"Interpreting conferencesimultaneousconsecutive Conference interpretation is an oral translation service provided during a meeting, and is meant to convey\",\"breadcrumb\":{\"@id\":\"https:\\\/\\\/www.translationstreet.pl\\\/en\\\/interpreting\\\/#breadcrumb\"},\"inLanguage\":\"en-US\",\"potentialAction\":[{\"@type\":\"ReadAction\",\"target\":[\"https:\\\/\\\/www.translationstreet.pl\\\/en\\\/interpreting\\\/\"]}]},{\"@type\":\"BreadcrumbList\",\"@id\":\"https:\\\/\\\/www.translationstreet.pl\\\/en\\\/interpreting\\\/#breadcrumb\",\"itemListElement\":[{\"@type\":\"ListItem\",\"position\":1,\"name\":\"Strona g\u0142\u00f3wna\",\"item\":\"https:\\\/\\\/www.translationstreet.pl\\\/en\\\/\"},{\"@type\":\"ListItem\",\"position\":2,\"name\":\"Interpreting\"}]},{\"@type\":\"WebSite\",\"@id\":\"https:\\\/\\\/www.translationstreet.pl\\\/en\\\/#website\",\"url\":\"https:\\\/\\\/www.translationstreet.pl\\\/en\\\/\",\"name\":\"Translation Street Krak\u00f3w\",\"description\":\"Przygotowujemy profesjonalne t\u0142umaczenia pisemne we wszystkich j\u0119zykach \u015bwiata i dostosowujemy ich rodzaj do potrzeb klient\u00f3w.  Translation Street. Terminowo. S\u0142owo.\",\"publisher\":{\"@id\":\"https:\\\/\\\/www.translationstreet.pl\\\/en\\\/#organization\"},\"potentialAction\":[{\"@type\":\"SearchAction\",\"target\":{\"@type\":\"EntryPoint\",\"urlTemplate\":\"https:\\\/\\\/www.translationstreet.pl\\\/en\\\/?s={search_term_string}\"},\"query-input\":{\"@type\":\"PropertyValueSpecification\",\"valueRequired\":true,\"valueName\":\"search_term_string\"}}],\"inLanguage\":\"en-US\"},{\"@type\":\"Organization\",\"@id\":\"https:\\\/\\\/www.translationstreet.pl\\\/en\\\/#organization\",\"name\":\"Translation Street Krak\u00f3w\",\"url\":\"https:\\\/\\\/www.translationstreet.pl\\\/en\\\/\",\"logo\":{\"@type\":\"ImageObject\",\"inLanguage\":\"en-US\",\"@id\":\"https:\\\/\\\/www.translationstreet.pl\\\/en\\\/#\\\/schema\\\/logo\\\/image\\\/\",\"url\":\"https:\\\/\\\/www.translationstreet.pl\\\/wp-content\\\/uploads\\\/2016\\\/11\\\/logoColor2.png\",\"contentUrl\":\"https:\\\/\\\/www.translationstreet.pl\\\/wp-content\\\/uploads\\\/2016\\\/11\\\/logoColor2.png\",\"width\":409,\"height\":46,\"caption\":\"Translation Street Krak\u00f3w\"},\"image\":{\"@id\":\"https:\\\/\\\/www.translationstreet.pl\\\/en\\\/#\\\/schema\\\/logo\\\/image\\\/\"}}]}<\/script>\n<!-- \/ Yoast SEO plugin. -->","yoast_head_json":{"title":"Interpreting - Translation Street Krak\u00f3w","description":"Interpreting conferencesimultaneousconsecutive Conference interpretation is an oral translation service provided during a meeting, and is meant to convey","robots":{"index":"index","follow":"follow","max-snippet":"max-snippet:-1","max-image-preview":"max-image-preview:large","max-video-preview":"max-video-preview:-1"},"canonical":"https:\/\/www.translationstreet.pl\/en\/interpreting\/","og_locale":"en_US","og_type":"article","og_title":"Interpreting - Translation Street Krak\u00f3w","og_description":"Interpreting conferencesimultaneousconsecutive Conference interpretation is an oral translation service provided during a meeting, and is meant to convey","og_url":"https:\/\/www.translationstreet.pl\/en\/interpreting\/","og_site_name":"Translation Street Krak\u00f3w","article_modified_time":"2019-04-04T15:07:34+00:00","twitter_card":"summary_large_image","twitter_misc":{"Est. reading time":"1 minute"},"schema":{"@context":"https:\/\/schema.org","@graph":[{"@type":"WebPage","@id":"https:\/\/www.translationstreet.pl\/en\/interpreting\/","url":"https:\/\/www.translationstreet.pl\/en\/interpreting\/","name":"Interpreting - Translation Street Krak\u00f3w","isPartOf":{"@id":"https:\/\/www.translationstreet.pl\/en\/#website"},"datePublished":"2016-10-25T13:03:37+00:00","dateModified":"2019-04-04T15:07:34+00:00","description":"Interpreting conferencesimultaneousconsecutive Conference interpretation is an oral translation service provided during a meeting, and is meant to convey","breadcrumb":{"@id":"https:\/\/www.translationstreet.pl\/en\/interpreting\/#breadcrumb"},"inLanguage":"en-US","potentialAction":[{"@type":"ReadAction","target":["https:\/\/www.translationstreet.pl\/en\/interpreting\/"]}]},{"@type":"BreadcrumbList","@id":"https:\/\/www.translationstreet.pl\/en\/interpreting\/#breadcrumb","itemListElement":[{"@type":"ListItem","position":1,"name":"Strona g\u0142\u00f3wna","item":"https:\/\/www.translationstreet.pl\/en\/"},{"@type":"ListItem","position":2,"name":"Interpreting"}]},{"@type":"WebSite","@id":"https:\/\/www.translationstreet.pl\/en\/#website","url":"https:\/\/www.translationstreet.pl\/en\/","name":"Translation Street Krak\u00f3w","description":"Przygotowujemy profesjonalne t\u0142umaczenia pisemne we wszystkich j\u0119zykach \u015bwiata i dostosowujemy ich rodzaj do potrzeb klient\u00f3w.  Translation Street. Terminowo. S\u0142owo.","publisher":{"@id":"https:\/\/www.translationstreet.pl\/en\/#organization"},"potentialAction":[{"@type":"SearchAction","target":{"@type":"EntryPoint","urlTemplate":"https:\/\/www.translationstreet.pl\/en\/?s={search_term_string}"},"query-input":{"@type":"PropertyValueSpecification","valueRequired":true,"valueName":"search_term_string"}}],"inLanguage":"en-US"},{"@type":"Organization","@id":"https:\/\/www.translationstreet.pl\/en\/#organization","name":"Translation Street Krak\u00f3w","url":"https:\/\/www.translationstreet.pl\/en\/","logo":{"@type":"ImageObject","inLanguage":"en-US","@id":"https:\/\/www.translationstreet.pl\/en\/#\/schema\/logo\/image\/","url":"https:\/\/www.translationstreet.pl\/wp-content\/uploads\/2016\/11\/logoColor2.png","contentUrl":"https:\/\/www.translationstreet.pl\/wp-content\/uploads\/2016\/11\/logoColor2.png","width":409,"height":46,"caption":"Translation Street Krak\u00f3w"},"image":{"@id":"https:\/\/www.translationstreet.pl\/en\/#\/schema\/logo\/image\/"}}]}},"_links":{"self":[{"href":"https:\/\/www.translationstreet.pl\/en\/wp-json\/wp\/v2\/pages\/8687","targetHints":{"allow":["GET"]}}],"collection":[{"href":"https:\/\/www.translationstreet.pl\/en\/wp-json\/wp\/v2\/pages"}],"about":[{"href":"https:\/\/www.translationstreet.pl\/en\/wp-json\/wp\/v2\/types\/page"}],"author":[{"embeddable":true,"href":"https:\/\/www.translationstreet.pl\/en\/wp-json\/wp\/v2\/users\/2"}],"replies":[{"embeddable":true,"href":"https:\/\/www.translationstreet.pl\/en\/wp-json\/wp\/v2\/comments?post=8687"}],"version-history":[{"count":6,"href":"https:\/\/www.translationstreet.pl\/en\/wp-json\/wp\/v2\/pages\/8687\/revisions"}],"predecessor-version":[{"id":8782,"href":"https:\/\/www.translationstreet.pl\/en\/wp-json\/wp\/v2\/pages\/8687\/revisions\/8782"}],"wp:attachment":[{"href":"https:\/\/www.translationstreet.pl\/en\/wp-json\/wp\/v2\/media?parent=8687"}],"curies":[{"name":"wp","href":"https:\/\/api.w.org\/{rel}","templated":true}]}}