{"id":8947,"date":"2016-10-30T10:10:20","date_gmt":"2016-10-30T09:10:20","guid":{"rendered":"http:\/\/www.translationstreet.pl\/transcreation\/"},"modified":"2019-04-04T17:09:15","modified_gmt":"2019-04-04T15:09:15","slug":"transkreation","status":"publish","type":"page","link":"https:\/\/www.translationstreet.pl\/de\/transkreation\/","title":{"rendered":"Transkreation und Kreativdienste"},"content":{"rendered":"\r\n<section class=\"sh-section sh-section-7eb85dac7b08863b23056b2350e1ee8d fw-main-row arrow-left-right sh-section-visibility-everywhere\">\r\n\t\r\n\t\r\n\t<div class=\"sh-section-container container section-justify-height\">\r\n\t\t<div class=\"fw-row\">\n\t\r\n<div class=\"sh-column sh-column-e5c78df53a75ef7454e2e9a5a17b9b87 fw-col-xs-12\" >\r\n\r\n\t\r\n\t<div class=\"sh-column-wrapper\">\r\n\t\t\r\n<div class=\"sh-heading  \" id=\"heading-8b61777b462d219f82a13c8ba4d63dd9\">\r\n\t<div class=\"sh-element-margin\">\r\n\r\n\t\t\r\n\t\t\t<h1 class=\"sh-heading-content size-xxxl text-left\">\r\n\t\t\t\tTranskreation und Kreativdienste\t\t\t<\/h1>\r\n\r\n\t\t\r\n\t<\/div>\r\n<\/div>\r\n\t<\/div>\r\n\r\n\r\n\t\t\r\n\r\n<\/div>\r\n<\/div>\n\n<div class=\"fw-row\">\n\t\r\n<div class=\"sh-column sh-column-0b5864603f42cbec045699e2fdaf12c7 fw-col-xs-12 fw-col-sm-6\" >\r\n\r\n\t\r\n\t<div class=\"sh-column-wrapper\">\r\n\t\t\t<\/div>\r\n\r\n\r\n\t\t\r\n\r\n<\/div>\r\n\r\n<div class=\"sh-column sh-column-08f2d0f93da3ea2f172dbd60a4a113da fw-col-xs-12 fw-col-sm-6\" >\r\n\r\n\t\r\n\t<div class=\"sh-column-wrapper\">\r\n\t\t\r\n<div id=\"text-block-3486c8bbc7f480625092ad2902a78c7c\" class=\"sh-text-block\">\r\n\t<p>Wir \u00fcbersetzen, aber wir bearbeiten Texte auch kreativ auf solche Weise, dass sie den Inhalt am besten vermitteln. <strong>Transkreation ist eine \u00dcbersetzung, die an die Vorlieben und Gewohnheiten der Empf\u00e4nger angepasst und tief in der Kultur des jeweiligen Landes verankert ist.<\/strong>\u00a0Das ist oft die beste Option bei Marketingmaterialien. Sie erm\u00f6glicht es, Metaphern, Vergleiche, Redensarten und Schl\u00fcsselw\u00f6rter zu verwenden, die nur dem Muttersprachler bekannt sind. Dadurch treffen Sie bei ihrer Zielgruppe genau ins Schwarze. Zuweilen mit einem Augenzwinkern.<\/p><p>Wir bieten auch <strong>Kreativdienste<\/strong>:\u00a0\u00dcbersetzung und fremdsprachige Verfassung von Werbeslogans, Copywriting, kreative \u00dcbersetzungen von Reklamematerialien, Briefen, Einladungen, Briefingmaterialien. Sei m\u00fcssen uns nicht den ganzen Text geben. Es gen\u00fcgt, dass Sie uns Ihre Idee und die Schl\u00fcsselphrasen vorstellen. Unsere kreativen \u00dcbersetzer besorgen den Rest.<\/p><p><strong>Ihr Wort ist bei uns in guten H\u00e4nden. Daf\u00fcr geben wir unser Wort.<\/strong><\/p><\/div>\r\n\t<\/div>\r\n\r\n\r\n\t\t\r\n\r\n<\/div>\r\n<\/div>\n\n<div class=\"fw-row\">\n\t\r\n<div class=\"sh-column sh-column-cd975ff18cc86efa54c8f3b626a823be fw-col-xs-12 fw-col-sm-6 arrow-left\" >\r\n\r\n\t\r\n\t<div class=\"sh-column-wrapper\">\r\n\t\t\r\n<div id=\"button-c8c250798498486595fbb00c3ad5e51a\" class=\"sh-button-container  sh-button-style-3\">\r\n\t<div class=\"sh-element-margin\">\r\n\t\t<a href=\"https:\/\/www.translationstreet.pl\/lokalizacja\/\" target=\"_self\" class=\"sh-button sh-button-xlarge sh-button-icon-left\">\r\n\r\n\t\t\t\t\t\t\t<span class=\"sh-button-icon\">\r\n\t\t\t\t\t<i class=\"ti-angle-left\"><\/i>\r\n\t\t\t\t<\/span>\r\n\t\t\t\r\n\t\t\t\r\n\t\t\t\r\n\t\t<\/a>\r\n\t\t\t<\/div>\r\n<\/div>\r\n\t<\/div>\r\n\r\n\r\n\t\t\r\n\r\n<\/div>\r\n\r\n<div class=\"sh-column sh-column-4db900a214a485680d87f7bf9d12b2e6 fw-col-xs-12 fw-col-sm-6 arrow-right\" >\r\n\r\n\t\r\n\t<div class=\"sh-column-wrapper\">\r\n\t\t\r\n<div id=\"button-420a629085b535e5610eaa43082563c3\" class=\"sh-button-container  sh-button-style-3\">\r\n\t<div class=\"sh-element-margin\">\r\n\t\t<a href=\"https:\/\/www.translationstreet.pl\/dtp\/\" target=\"_self\" class=\"sh-button sh-button-xlarge sh-button-icon-right\">\r\n\r\n\t\t\t\t\t\t\t<span class=\"sh-button-icon\">\r\n\t\t\t\t\t<i class=\"ti-angle-right\"><\/i>\r\n\t\t\t\t<\/span>\r\n\t\t\t\r\n\t\t\t\r\n\t\t\t\r\n\t\t<\/a>\r\n\t\t\t<\/div>\r\n<\/div>\r\n\t<\/div>\r\n\r\n\r\n\t\t\r\n\r\n<\/div>\r\n<\/div>\n\n\t<\/div>\r\n<\/section>\r\n\n","protected":false},"excerpt":{"rendered":"<p>Transkreation und Kreativdienste Wir \u00fcbersetzen, aber wir bearbeiten Texte auch kreativ auf solche Weise, dass sie den Inhalt am besten vermitteln. Transkreation ist eine \u00dcbersetzung, die an die Vorlieben und Gewohnheiten der Empf\u00e4nger angepasst und tief in der Kultur des jeweiligen Landes verankert ist.\u00a0Das ist&#8230;<\/p>\n","protected":false},"author":2,"featured_media":0,"parent":0,"menu_order":0,"comment_status":"closed","ping_status":"closed","template":"","meta":{"_acf_changed":false,"footnotes":""},"class_list":["post-8947","page","type-page","status-publish","hentry"],"acf":[],"yoast_head":"<!-- This site is optimized with the Yoast SEO plugin v27.3 - https:\/\/yoast.com\/product\/yoast-seo-wordpress\/ -->\n<title>Transkreation und Kreativdienste - Translation Street Krak\u00f3w<\/title>\n<meta name=\"description\" content=\"Transkreation und Kreativdienste Wir \u00fcbersetzen, aber wir bearbeiten Texte auch kreativ auf solche Weise, dass sie den Inhalt am besten vermitteln.\" \/>\n<meta name=\"robots\" content=\"index, follow, max-snippet:-1, max-image-preview:large, max-video-preview:-1\" \/>\n<link rel=\"canonical\" href=\"https:\/\/www.translationstreet.pl\/de\/transkreation\/\" \/>\n<meta property=\"og:locale\" content=\"de_DE\" \/>\n<meta property=\"og:type\" content=\"article\" \/>\n<meta property=\"og:title\" content=\"Transkreation und Kreativdienste - Translation Street Krak\u00f3w\" \/>\n<meta property=\"og:description\" content=\"Transkreation und Kreativdienste Wir \u00fcbersetzen, aber wir bearbeiten Texte auch kreativ auf solche Weise, dass sie den Inhalt am besten vermitteln.\" \/>\n<meta property=\"og:url\" content=\"https:\/\/www.translationstreet.pl\/de\/transkreation\/\" \/>\n<meta property=\"og:site_name\" content=\"Translation Street Krak\u00f3w\" \/>\n<meta property=\"article:modified_time\" content=\"2019-04-04T15:09:15+00:00\" \/>\n<meta name=\"twitter:card\" content=\"summary_large_image\" \/>\n<meta name=\"twitter:label1\" content=\"Gesch\u00e4tzte Lesezeit\" \/>\n\t<meta name=\"twitter:data1\" content=\"1\u00a0Minute\" \/>\n<script type=\"application\/ld+json\" class=\"yoast-schema-graph\">{\"@context\":\"https:\\\/\\\/schema.org\",\"@graph\":[{\"@type\":\"WebPage\",\"@id\":\"https:\\\/\\\/www.translationstreet.pl\\\/de\\\/transkreation\\\/\",\"url\":\"https:\\\/\\\/www.translationstreet.pl\\\/de\\\/transkreation\\\/\",\"name\":\"Transkreation und Kreativdienste - Translation Street Krak\u00f3w\",\"isPartOf\":{\"@id\":\"https:\\\/\\\/www.translationstreet.pl\\\/de\\\/#website\"},\"datePublished\":\"2016-10-30T09:10:20+00:00\",\"dateModified\":\"2019-04-04T15:09:15+00:00\",\"description\":\"Transkreation und Kreativdienste Wir \u00fcbersetzen, aber wir bearbeiten Texte auch kreativ auf solche Weise, dass sie den Inhalt am besten vermitteln.\",\"breadcrumb\":{\"@id\":\"https:\\\/\\\/www.translationstreet.pl\\\/de\\\/transkreation\\\/#breadcrumb\"},\"inLanguage\":\"de\",\"potentialAction\":[{\"@type\":\"ReadAction\",\"target\":[\"https:\\\/\\\/www.translationstreet.pl\\\/de\\\/transkreation\\\/\"]}]},{\"@type\":\"BreadcrumbList\",\"@id\":\"https:\\\/\\\/www.translationstreet.pl\\\/de\\\/transkreation\\\/#breadcrumb\",\"itemListElement\":[{\"@type\":\"ListItem\",\"position\":1,\"name\":\"Strona g\u0142\u00f3wna\",\"item\":\"https:\\\/\\\/www.translationstreet.pl\\\/de\\\/\"},{\"@type\":\"ListItem\",\"position\":2,\"name\":\"Transkreation und Kreativdienste\"}]},{\"@type\":\"WebSite\",\"@id\":\"https:\\\/\\\/www.translationstreet.pl\\\/de\\\/#website\",\"url\":\"https:\\\/\\\/www.translationstreet.pl\\\/de\\\/\",\"name\":\"Translation Street Krak\u00f3w\",\"description\":\"Przygotowujemy profesjonalne t\u0142umaczenia pisemne we wszystkich j\u0119zykach \u015bwiata i dostosowujemy ich rodzaj do potrzeb klient\u00f3w.  Translation Street. Terminowo. S\u0142owo.\",\"publisher\":{\"@id\":\"https:\\\/\\\/www.translationstreet.pl\\\/de\\\/#organization\"},\"potentialAction\":[{\"@type\":\"SearchAction\",\"target\":{\"@type\":\"EntryPoint\",\"urlTemplate\":\"https:\\\/\\\/www.translationstreet.pl\\\/de\\\/?s={search_term_string}\"},\"query-input\":{\"@type\":\"PropertyValueSpecification\",\"valueRequired\":true,\"valueName\":\"search_term_string\"}}],\"inLanguage\":\"de\"},{\"@type\":\"Organization\",\"@id\":\"https:\\\/\\\/www.translationstreet.pl\\\/de\\\/#organization\",\"name\":\"Translation Street Krak\u00f3w\",\"url\":\"https:\\\/\\\/www.translationstreet.pl\\\/de\\\/\",\"logo\":{\"@type\":\"ImageObject\",\"inLanguage\":\"de\",\"@id\":\"https:\\\/\\\/www.translationstreet.pl\\\/de\\\/#\\\/schema\\\/logo\\\/image\\\/\",\"url\":\"https:\\\/\\\/www.translationstreet.pl\\\/wp-content\\\/uploads\\\/2016\\\/11\\\/logoColor2.png\",\"contentUrl\":\"https:\\\/\\\/www.translationstreet.pl\\\/wp-content\\\/uploads\\\/2016\\\/11\\\/logoColor2.png\",\"width\":409,\"height\":46,\"caption\":\"Translation Street Krak\u00f3w\"},\"image\":{\"@id\":\"https:\\\/\\\/www.translationstreet.pl\\\/de\\\/#\\\/schema\\\/logo\\\/image\\\/\"}}]}<\/script>\n<!-- \/ Yoast SEO plugin. -->","yoast_head_json":{"title":"Transkreation und Kreativdienste - Translation Street Krak\u00f3w","description":"Transkreation und Kreativdienste Wir \u00fcbersetzen, aber wir bearbeiten Texte auch kreativ auf solche Weise, dass sie den Inhalt am besten vermitteln.","robots":{"index":"index","follow":"follow","max-snippet":"max-snippet:-1","max-image-preview":"max-image-preview:large","max-video-preview":"max-video-preview:-1"},"canonical":"https:\/\/www.translationstreet.pl\/de\/transkreation\/","og_locale":"de_DE","og_type":"article","og_title":"Transkreation und Kreativdienste - Translation Street Krak\u00f3w","og_description":"Transkreation und Kreativdienste Wir \u00fcbersetzen, aber wir bearbeiten Texte auch kreativ auf solche Weise, dass sie den Inhalt am besten vermitteln.","og_url":"https:\/\/www.translationstreet.pl\/de\/transkreation\/","og_site_name":"Translation Street Krak\u00f3w","article_modified_time":"2019-04-04T15:09:15+00:00","twitter_card":"summary_large_image","twitter_misc":{"Gesch\u00e4tzte Lesezeit":"1\u00a0Minute"},"schema":{"@context":"https:\/\/schema.org","@graph":[{"@type":"WebPage","@id":"https:\/\/www.translationstreet.pl\/de\/transkreation\/","url":"https:\/\/www.translationstreet.pl\/de\/transkreation\/","name":"Transkreation und Kreativdienste - Translation Street Krak\u00f3w","isPartOf":{"@id":"https:\/\/www.translationstreet.pl\/de\/#website"},"datePublished":"2016-10-30T09:10:20+00:00","dateModified":"2019-04-04T15:09:15+00:00","description":"Transkreation und Kreativdienste Wir \u00fcbersetzen, aber wir bearbeiten Texte auch kreativ auf solche Weise, dass sie den Inhalt am besten vermitteln.","breadcrumb":{"@id":"https:\/\/www.translationstreet.pl\/de\/transkreation\/#breadcrumb"},"inLanguage":"de","potentialAction":[{"@type":"ReadAction","target":["https:\/\/www.translationstreet.pl\/de\/transkreation\/"]}]},{"@type":"BreadcrumbList","@id":"https:\/\/www.translationstreet.pl\/de\/transkreation\/#breadcrumb","itemListElement":[{"@type":"ListItem","position":1,"name":"Strona g\u0142\u00f3wna","item":"https:\/\/www.translationstreet.pl\/de\/"},{"@type":"ListItem","position":2,"name":"Transkreation und Kreativdienste"}]},{"@type":"WebSite","@id":"https:\/\/www.translationstreet.pl\/de\/#website","url":"https:\/\/www.translationstreet.pl\/de\/","name":"Translation Street Krak\u00f3w","description":"Przygotowujemy profesjonalne t\u0142umaczenia pisemne we wszystkich j\u0119zykach \u015bwiata i dostosowujemy ich rodzaj do potrzeb klient\u00f3w.  Translation Street. Terminowo. S\u0142owo.","publisher":{"@id":"https:\/\/www.translationstreet.pl\/de\/#organization"},"potentialAction":[{"@type":"SearchAction","target":{"@type":"EntryPoint","urlTemplate":"https:\/\/www.translationstreet.pl\/de\/?s={search_term_string}"},"query-input":{"@type":"PropertyValueSpecification","valueRequired":true,"valueName":"search_term_string"}}],"inLanguage":"de"},{"@type":"Organization","@id":"https:\/\/www.translationstreet.pl\/de\/#organization","name":"Translation Street Krak\u00f3w","url":"https:\/\/www.translationstreet.pl\/de\/","logo":{"@type":"ImageObject","inLanguage":"de","@id":"https:\/\/www.translationstreet.pl\/de\/#\/schema\/logo\/image\/","url":"https:\/\/www.translationstreet.pl\/wp-content\/uploads\/2016\/11\/logoColor2.png","contentUrl":"https:\/\/www.translationstreet.pl\/wp-content\/uploads\/2016\/11\/logoColor2.png","width":409,"height":46,"caption":"Translation Street Krak\u00f3w"},"image":{"@id":"https:\/\/www.translationstreet.pl\/de\/#\/schema\/logo\/image\/"}}]}},"_links":{"self":[{"href":"https:\/\/www.translationstreet.pl\/de\/wp-json\/wp\/v2\/pages\/8947","targetHints":{"allow":["GET"]}}],"collection":[{"href":"https:\/\/www.translationstreet.pl\/de\/wp-json\/wp\/v2\/pages"}],"about":[{"href":"https:\/\/www.translationstreet.pl\/de\/wp-json\/wp\/v2\/types\/page"}],"author":[{"embeddable":true,"href":"https:\/\/www.translationstreet.pl\/de\/wp-json\/wp\/v2\/users\/2"}],"replies":[{"embeddable":true,"href":"https:\/\/www.translationstreet.pl\/de\/wp-json\/wp\/v2\/comments?post=8947"}],"version-history":[{"count":2,"href":"https:\/\/www.translationstreet.pl\/de\/wp-json\/wp\/v2\/pages\/8947\/revisions"}],"predecessor-version":[{"id":8955,"href":"https:\/\/www.translationstreet.pl\/de\/wp-json\/wp\/v2\/pages\/8947\/revisions\/8955"}],"wp:attachment":[{"href":"https:\/\/www.translationstreet.pl\/de\/wp-json\/wp\/v2\/media?parent=8947"}],"curies":[{"name":"wp","href":"https:\/\/api.w.org\/{rel}","templated":true}]}}