{"id":8941,"date":"2016-10-31T11:10:24","date_gmt":"2016-10-31T10:10:24","guid":{"rendered":"http:\/\/www.translationstreet.pl\/publishing\/"},"modified":"2019-04-04T17:09:42","modified_gmt":"2019-04-04T15:09:42","slug":"publikationen","status":"publish","type":"page","link":"https:\/\/www.translationstreet.pl\/de\/publikationen\/","title":{"rendered":"Publikationen"},"content":{"rendered":"\r\n<section class=\"sh-section sh-section-7eb85dac7b08863b23056b2350e1ee8d fw-main-row arrow-left-right sh-section-visibility-everywhere\">\r\n\t\r\n\t\r\n\t<div class=\"sh-section-container container section-justify-height\">\r\n\t\t<div class=\"fw-row\">\n\t\r\n<div class=\"sh-column sh-column-e5c78df53a75ef7454e2e9a5a17b9b87 fw-col-xs-12\" >\r\n\r\n\t\r\n\t<div class=\"sh-column-wrapper\">\r\n\t\t\r\n<div class=\"sh-heading  \" id=\"heading-8b61777b462d219f82a13c8ba4d63dd9\">\r\n\t<div class=\"sh-element-margin\">\r\n\r\n\t\t\r\n\t\t\t<h1 class=\"sh-heading-content size-xxxl text-left\">\r\n\t\t\t\tPublikationen\t\t\t<\/h1>\r\n\r\n\t\t\r\n\t<\/div>\r\n<\/div>\r\n\t<\/div>\r\n\r\n\r\n\t\t\r\n\r\n<\/div>\r\n<\/div>\n\n<div class=\"fw-row\">\n\t\r\n<div class=\"sh-column sh-column-0b5864603f42cbec045699e2fdaf12c7 fw-col-xs-12 fw-col-sm-6\" >\r\n\r\n\t\r\n\t<div class=\"sh-column-wrapper\">\r\n\t\t\t<\/div>\r\n\r\n\r\n\t\t\r\n\r\n<\/div>\r\n\r\n<div class=\"sh-column sh-column-08f2d0f93da3ea2f172dbd60a4a113da fw-col-xs-12 fw-col-sm-6\" >\r\n\r\n\t\r\n\t<div class=\"sh-column-wrapper\">\r\n\t\t\r\n<div id=\"text-block-3486c8bbc7f480625092ad2902a78c7c\" class=\"sh-text-block\">\r\n\t<p>Du kommst nach Hause. Heimelige Herdw\u00e4rme. Der beste Freund wartet schon. Mit ihm verbringst du deine Zeit am liebsten; von ihm kannst du so viel lernen. Ein Griff ins Regal \u2026 Ja, wir lieben B\u00fccher. Und das beruht wom\u00f6glich auf Gegenseitigkeit.<\/p><p>Unseren Partnern, den Herausgebern von Buchpublikationen, geben wir unser Herz, unsere Zeit und unser Verst\u00e4ndnis.<\/p><p><strong>Wir bieten \u00dcbersetzungen in beliebigen Sprachenkombinationen, auch in seltene und aus schweren Sprachen.<\/strong><\/p><p><strong>Auf Wunsch k\u00fcmmern wir uns auch um Lektorat, sprachlichen Feinschliff, fachliche \u00dcberpr\u00fcfung und die Druckvorbereitung.<\/strong><\/p><p>Wir ersp\u00e4hen jedes falsche Komma und verbessern es. Unsere Spezialisten haben Erfahrung mit der Arbeit f\u00fcr Branchengiganten, also haben wir starke Referenzen f\u00fcr unser K\u00f6nnen und unsere Kreativit\u00e4t. Gerne \u00fcbernehmen wir die komplexe Umsetzung des gesamten Projekts, sodass Sie nur noch die Druckerei anrufen m\u00fcssen. Wir haben f\u00fcr die bekanntesten Verlage \u00fcbersetzt, deren W\u00f6rterb\u00fccher etwa in jedem B\u00fccherregal stehen, aber auch f\u00fcr kleinere Firmen, die den Lesern im Ausland polnische Tradition und Kultur n\u00e4herbringen. Regelm\u00e4\u00dfig arbeiten wir mit staatlichen und kommunalen Kulturinstituten zusammen, mit Universit\u00e4tsverlagen und Kunstschulen, aber auch mit bekannten Museen f\u00fcr Gegenwartskunst und Zeitgeschichte.<\/p><p>Wir wissen, worin die Kraft der Medien besteht und machen gern gemeinsame Projekte mit Presseverlagen, darunter in den Bereichen Custom Publishing und Internetdienste.<\/p><p><strong>Jede Botschaft k\u00f6nnen wir an die Vorlieben und Gewohnheiten der Empf\u00e4nger im jeweiligen Land anpassen,<\/strong><\/p><p>dabei helfen uns unsere Lektoren und Muttersprachler.<\/p><p><strong>Wir arbeiten selbstverst\u00e4ndlich auch f\u00fcr Selbstverleger<\/strong><\/p><p>und freuen uns, dass sie dank uns ihren Traum erf\u00fcllen k\u00f6nnen, auch auf fremdsprachigen M\u00e4rkten pr\u00e4sent zu sein.<\/p><p>An jedes Projekt machen wir uns mit Herzblut, mit Liebe zum Wort und unter Beachtung der vereinbarten Termine. Und nach der Arbeit kommen wir nach Hause und greifen nach einem Buch. Denn die Liebe zum Wort haben wir im Blut. Daf\u00fcr geben wir unser Wort!<\/p><\/div>\r\n\t<\/div>\r\n\r\n\r\n\t\t\r\n\r\n<\/div>\r\n<\/div>\n\n<div class=\"fw-row\">\n\t\r\n<div class=\"sh-column sh-column-cd975ff18cc86efa54c8f3b626a823be fw-col-xs-12 fw-col-sm-6 arrow-left\" >\r\n\r\n\t\r\n\t<div class=\"sh-column-wrapper\">\r\n\t\t\r\n<div id=\"button-c8c250798498486595fbb00c3ad5e51a\" class=\"sh-button-container  sh-button-style-3\">\r\n\t<div class=\"sh-element-margin\">\r\n\t\t<a href=\"https:\/\/www.translationstreet.pl\/marketing\/\" target=\"_self\" class=\"sh-button sh-button-xlarge sh-button-icon-left\">\r\n\r\n\t\t\t\t\t\t\t<span class=\"sh-button-icon\">\r\n\t\t\t\t\t<i class=\"ti-angle-left\"><\/i>\r\n\t\t\t\t<\/span>\r\n\t\t\t\r\n\t\t\t\r\n\t\t\t\r\n\t\t<\/a>\r\n\t\t\t<\/div>\r\n<\/div>\r\n\t<\/div>\r\n\r\n\r\n\t\t\r\n\r\n<\/div>\r\n\r\n<div class=\"sh-column sh-column-4db900a214a485680d87f7bf9d12b2e6 fw-col-xs-12 fw-col-sm-6 arrow-right\" >\r\n\r\n\t\r\n\t<div class=\"sh-column-wrapper\">\r\n\t\t\r\n<div id=\"button-420a629085b535e5610eaa43082563c3\" class=\"sh-button-container  sh-button-style-3\">\r\n\t<div class=\"sh-element-margin\">\r\n\t\t<a href=\"https:\/\/www.translationstreet.pl\/przemysl\/\" target=\"_self\" class=\"sh-button sh-button-xlarge sh-button-icon-right\">\r\n\r\n\t\t\t\t\t\t\t<span class=\"sh-button-icon\">\r\n\t\t\t\t\t<i class=\"ti-angle-right\"><\/i>\r\n\t\t\t\t<\/span>\r\n\t\t\t\r\n\t\t\t\r\n\t\t\t\r\n\t\t<\/a>\r\n\t\t\t<\/div>\r\n<\/div>\r\n\t<\/div>\r\n\r\n\r\n\t\t\r\n\r\n<\/div>\r\n<\/div>\n\n\t<\/div>\r\n<\/section>\r\n\n","protected":false},"excerpt":{"rendered":"<p>Publikationen Du kommst nach Hause. Heimelige Herdw\u00e4rme. Der beste Freund wartet schon. Mit ihm verbringst du deine Zeit am liebsten; von ihm kannst du so viel lernen. Ein Griff ins Regal \u2026 Ja, wir lieben B\u00fccher. Und das beruht wom\u00f6glich auf Gegenseitigkeit.Unseren Partnern, den Herausgebern&#8230;<\/p>\n","protected":false},"author":2,"featured_media":0,"parent":0,"menu_order":0,"comment_status":"closed","ping_status":"closed","template":"","meta":{"_acf_changed":false,"footnotes":""},"class_list":["post-8941","page","type-page","status-publish","hentry"],"acf":[],"yoast_head":"<!-- This site is optimized with the Yoast SEO plugin v27.3 - https:\/\/yoast.com\/product\/yoast-seo-wordpress\/ -->\n<title>Publikationen - Translation Street Krak\u00f3w<\/title>\n<meta name=\"description\" content=\"Publikationen Du kommst nach Hause. Heimelige Herdw\u00e4rme. Der beste Freund wartet schon. Mit ihm verbringst du deine Zeit am liebsten; von ihm kannst du so\" \/>\n<meta name=\"robots\" content=\"index, follow, max-snippet:-1, max-image-preview:large, max-video-preview:-1\" \/>\n<link rel=\"canonical\" href=\"https:\/\/www.translationstreet.pl\/de\/publikationen\/\" \/>\n<meta property=\"og:locale\" content=\"de_DE\" \/>\n<meta property=\"og:type\" content=\"article\" \/>\n<meta property=\"og:title\" content=\"Publikationen - Translation Street Krak\u00f3w\" \/>\n<meta property=\"og:description\" content=\"Publikationen Du kommst nach Hause. Heimelige Herdw\u00e4rme. Der beste Freund wartet schon. Mit ihm verbringst du deine Zeit am liebsten; von ihm kannst du so\" \/>\n<meta property=\"og:url\" content=\"https:\/\/www.translationstreet.pl\/de\/publikationen\/\" \/>\n<meta property=\"og:site_name\" content=\"Translation Street Krak\u00f3w\" \/>\n<meta property=\"article:modified_time\" content=\"2019-04-04T15:09:42+00:00\" \/>\n<meta name=\"twitter:card\" content=\"summary_large_image\" \/>\n<meta name=\"twitter:label1\" content=\"Gesch\u00e4tzte Lesezeit\" \/>\n\t<meta name=\"twitter:data1\" content=\"2\u00a0Minuten\" \/>\n<script type=\"application\/ld+json\" class=\"yoast-schema-graph\">{\"@context\":\"https:\\\/\\\/schema.org\",\"@graph\":[{\"@type\":\"WebPage\",\"@id\":\"https:\\\/\\\/www.translationstreet.pl\\\/de\\\/publikationen\\\/\",\"url\":\"https:\\\/\\\/www.translationstreet.pl\\\/de\\\/publikationen\\\/\",\"name\":\"Publikationen - Translation Street Krak\u00f3w\",\"isPartOf\":{\"@id\":\"https:\\\/\\\/www.translationstreet.pl\\\/de\\\/#website\"},\"datePublished\":\"2016-10-31T10:10:24+00:00\",\"dateModified\":\"2019-04-04T15:09:42+00:00\",\"description\":\"Publikationen Du kommst nach Hause. Heimelige Herdw\u00e4rme. Der beste Freund wartet schon. Mit ihm verbringst du deine Zeit am liebsten; von ihm kannst du so\",\"breadcrumb\":{\"@id\":\"https:\\\/\\\/www.translationstreet.pl\\\/de\\\/publikationen\\\/#breadcrumb\"},\"inLanguage\":\"de\",\"potentialAction\":[{\"@type\":\"ReadAction\",\"target\":[\"https:\\\/\\\/www.translationstreet.pl\\\/de\\\/publikationen\\\/\"]}]},{\"@type\":\"BreadcrumbList\",\"@id\":\"https:\\\/\\\/www.translationstreet.pl\\\/de\\\/publikationen\\\/#breadcrumb\",\"itemListElement\":[{\"@type\":\"ListItem\",\"position\":1,\"name\":\"Strona g\u0142\u00f3wna\",\"item\":\"https:\\\/\\\/www.translationstreet.pl\\\/de\\\/\"},{\"@type\":\"ListItem\",\"position\":2,\"name\":\"Publikationen\"}]},{\"@type\":\"WebSite\",\"@id\":\"https:\\\/\\\/www.translationstreet.pl\\\/de\\\/#website\",\"url\":\"https:\\\/\\\/www.translationstreet.pl\\\/de\\\/\",\"name\":\"Translation Street Krak\u00f3w\",\"description\":\"Przygotowujemy profesjonalne t\u0142umaczenia pisemne we wszystkich j\u0119zykach \u015bwiata i dostosowujemy ich rodzaj do potrzeb klient\u00f3w.  Translation Street. Terminowo. S\u0142owo.\",\"publisher\":{\"@id\":\"https:\\\/\\\/www.translationstreet.pl\\\/de\\\/#organization\"},\"potentialAction\":[{\"@type\":\"SearchAction\",\"target\":{\"@type\":\"EntryPoint\",\"urlTemplate\":\"https:\\\/\\\/www.translationstreet.pl\\\/de\\\/?s={search_term_string}\"},\"query-input\":{\"@type\":\"PropertyValueSpecification\",\"valueRequired\":true,\"valueName\":\"search_term_string\"}}],\"inLanguage\":\"de\"},{\"@type\":\"Organization\",\"@id\":\"https:\\\/\\\/www.translationstreet.pl\\\/de\\\/#organization\",\"name\":\"Translation Street Krak\u00f3w\",\"url\":\"https:\\\/\\\/www.translationstreet.pl\\\/de\\\/\",\"logo\":{\"@type\":\"ImageObject\",\"inLanguage\":\"de\",\"@id\":\"https:\\\/\\\/www.translationstreet.pl\\\/de\\\/#\\\/schema\\\/logo\\\/image\\\/\",\"url\":\"https:\\\/\\\/www.translationstreet.pl\\\/wp-content\\\/uploads\\\/2016\\\/11\\\/logoColor2.png\",\"contentUrl\":\"https:\\\/\\\/www.translationstreet.pl\\\/wp-content\\\/uploads\\\/2016\\\/11\\\/logoColor2.png\",\"width\":409,\"height\":46,\"caption\":\"Translation Street Krak\u00f3w\"},\"image\":{\"@id\":\"https:\\\/\\\/www.translationstreet.pl\\\/de\\\/#\\\/schema\\\/logo\\\/image\\\/\"}}]}<\/script>\n<!-- \/ Yoast SEO plugin. -->","yoast_head_json":{"title":"Publikationen - Translation Street Krak\u00f3w","description":"Publikationen Du kommst nach Hause. Heimelige Herdw\u00e4rme. Der beste Freund wartet schon. Mit ihm verbringst du deine Zeit am liebsten; von ihm kannst du so","robots":{"index":"index","follow":"follow","max-snippet":"max-snippet:-1","max-image-preview":"max-image-preview:large","max-video-preview":"max-video-preview:-1"},"canonical":"https:\/\/www.translationstreet.pl\/de\/publikationen\/","og_locale":"de_DE","og_type":"article","og_title":"Publikationen - Translation Street Krak\u00f3w","og_description":"Publikationen Du kommst nach Hause. Heimelige Herdw\u00e4rme. Der beste Freund wartet schon. Mit ihm verbringst du deine Zeit am liebsten; von ihm kannst du so","og_url":"https:\/\/www.translationstreet.pl\/de\/publikationen\/","og_site_name":"Translation Street Krak\u00f3w","article_modified_time":"2019-04-04T15:09:42+00:00","twitter_card":"summary_large_image","twitter_misc":{"Gesch\u00e4tzte Lesezeit":"2\u00a0Minuten"},"schema":{"@context":"https:\/\/schema.org","@graph":[{"@type":"WebPage","@id":"https:\/\/www.translationstreet.pl\/de\/publikationen\/","url":"https:\/\/www.translationstreet.pl\/de\/publikationen\/","name":"Publikationen - Translation Street Krak\u00f3w","isPartOf":{"@id":"https:\/\/www.translationstreet.pl\/de\/#website"},"datePublished":"2016-10-31T10:10:24+00:00","dateModified":"2019-04-04T15:09:42+00:00","description":"Publikationen Du kommst nach Hause. Heimelige Herdw\u00e4rme. Der beste Freund wartet schon. Mit ihm verbringst du deine Zeit am liebsten; von ihm kannst du so","breadcrumb":{"@id":"https:\/\/www.translationstreet.pl\/de\/publikationen\/#breadcrumb"},"inLanguage":"de","potentialAction":[{"@type":"ReadAction","target":["https:\/\/www.translationstreet.pl\/de\/publikationen\/"]}]},{"@type":"BreadcrumbList","@id":"https:\/\/www.translationstreet.pl\/de\/publikationen\/#breadcrumb","itemListElement":[{"@type":"ListItem","position":1,"name":"Strona g\u0142\u00f3wna","item":"https:\/\/www.translationstreet.pl\/de\/"},{"@type":"ListItem","position":2,"name":"Publikationen"}]},{"@type":"WebSite","@id":"https:\/\/www.translationstreet.pl\/de\/#website","url":"https:\/\/www.translationstreet.pl\/de\/","name":"Translation Street Krak\u00f3w","description":"Przygotowujemy profesjonalne t\u0142umaczenia pisemne we wszystkich j\u0119zykach \u015bwiata i dostosowujemy ich rodzaj do potrzeb klient\u00f3w.  Translation Street. Terminowo. S\u0142owo.","publisher":{"@id":"https:\/\/www.translationstreet.pl\/de\/#organization"},"potentialAction":[{"@type":"SearchAction","target":{"@type":"EntryPoint","urlTemplate":"https:\/\/www.translationstreet.pl\/de\/?s={search_term_string}"},"query-input":{"@type":"PropertyValueSpecification","valueRequired":true,"valueName":"search_term_string"}}],"inLanguage":"de"},{"@type":"Organization","@id":"https:\/\/www.translationstreet.pl\/de\/#organization","name":"Translation Street Krak\u00f3w","url":"https:\/\/www.translationstreet.pl\/de\/","logo":{"@type":"ImageObject","inLanguage":"de","@id":"https:\/\/www.translationstreet.pl\/de\/#\/schema\/logo\/image\/","url":"https:\/\/www.translationstreet.pl\/wp-content\/uploads\/2016\/11\/logoColor2.png","contentUrl":"https:\/\/www.translationstreet.pl\/wp-content\/uploads\/2016\/11\/logoColor2.png","width":409,"height":46,"caption":"Translation Street Krak\u00f3w"},"image":{"@id":"https:\/\/www.translationstreet.pl\/de\/#\/schema\/logo\/image\/"}}]}},"_links":{"self":[{"href":"https:\/\/www.translationstreet.pl\/de\/wp-json\/wp\/v2\/pages\/8941","targetHints":{"allow":["GET"]}}],"collection":[{"href":"https:\/\/www.translationstreet.pl\/de\/wp-json\/wp\/v2\/pages"}],"about":[{"href":"https:\/\/www.translationstreet.pl\/de\/wp-json\/wp\/v2\/types\/page"}],"author":[{"embeddable":true,"href":"https:\/\/www.translationstreet.pl\/de\/wp-json\/wp\/v2\/users\/2"}],"replies":[{"embeddable":true,"href":"https:\/\/www.translationstreet.pl\/de\/wp-json\/wp\/v2\/comments?post=8941"}],"version-history":[{"count":2,"href":"https:\/\/www.translationstreet.pl\/de\/wp-json\/wp\/v2\/pages\/8941\/revisions"}],"predecessor-version":[{"id":9008,"href":"https:\/\/www.translationstreet.pl\/de\/wp-json\/wp\/v2\/pages\/8941\/revisions\/9008"}],"wp:attachment":[{"href":"https:\/\/www.translationstreet.pl\/de\/wp-json\/wp\/v2\/media?parent=8941"}],"curies":[{"name":"wp","href":"https:\/\/api.w.org\/{rel}","templated":true}]}}