{"id":8935,"date":"2016-10-31T11:09:09","date_gmt":"2016-10-31T10:09:09","guid":{"rendered":"http:\/\/www.translationstreet.pl\/marketing\/"},"modified":"2019-12-16T14:25:04","modified_gmt":"2019-12-16T13:25:04","slug":"marketing","status":"publish","type":"page","link":"https:\/\/www.translationstreet.pl\/de\/marketing\/","title":{"rendered":"Marketing"},"content":{"rendered":"\r\n<section class=\"sh-section sh-section-7eb85dac7b08863b23056b2350e1ee8d fw-main-row arrow-left-right sh-section-visibility-everywhere\">\r\n\t\r\n\t\r\n\t<div class=\"sh-section-container container section-justify-height\">\r\n\t\t<div class=\"fw-row\">\n\t\r\n<div class=\"sh-column sh-column-e5c78df53a75ef7454e2e9a5a17b9b87 fw-col-xs-12\" >\r\n\r\n\t\r\n\t<div class=\"sh-column-wrapper\">\r\n\t\t\r\n<div class=\"sh-heading  \" id=\"heading-8b61777b462d219f82a13c8ba4d63dd9\">\r\n\t<div class=\"sh-element-margin\">\r\n\r\n\t\t\r\n\t\t\t<h1 class=\"sh-heading-content size-xxxl text-left\">\r\n\t\t\t\tMarketing\t\t\t<\/h1>\r\n\r\n\t\t\r\n\t<\/div>\r\n<\/div>\r\n\t<\/div>\r\n\r\n\r\n\t\t\r\n\r\n<\/div>\r\n<\/div>\n\n<div class=\"fw-row\">\n\t\r\n<div class=\"sh-column sh-column-0b5864603f42cbec045699e2fdaf12c7 fw-col-xs-12 fw-col-sm-6\" >\r\n\r\n\t\r\n\t<div class=\"sh-column-wrapper\">\r\n\t\t\t<\/div>\r\n\r\n\r\n\t\t\r\n\r\n<\/div>\r\n\r\n<div class=\"sh-column sh-column-08f2d0f93da3ea2f172dbd60a4a113da fw-col-xs-12 fw-col-sm-6\" >\r\n\r\n\t\r\n\t<div class=\"sh-column-wrapper\">\r\n\t\t\r\n<div id=\"text-block-3486c8bbc7f480625092ad2902a78c7c\" class=\"sh-text-block\">\r\n\t<p>Die Welt ver\u00e4ndert sich und damit ver\u00e4ndert sich auch Ihre Firma. Innovationen sind ein untrennbarer Bestandteil Ihres Lebens, des Lebens Ihrer Mitarbeiter und Kunden. Wir helfen Ihnen, dar\u00fcber zu erz\u00e4hlen. Jedem.<\/p><p><strong>Unseren Partnern bieten wir \u00dcbersetzungen in alle Sprachen der Erde,<\/strong><\/p><p>darunter auch exotische.<\/p><p><strong>Wir bieten au\u00dferdem Transkreation, also \u00dcbersetzungen, die an die kulturellen Besonderheiten des jeweiligen Landes angepasst sind.<\/strong><\/p><p>Auf der Tagesordnung steht der Native Check. Unsere Muttersprachler entdecken in einem Werbetext alle Nuancen. Wir bieten zudem Dolmetscherdienste konsekutiv und simultan bei internationalen Konferenzen, Schulungen und Promotion-Events. Wir arbeiten so schnell wie unsere Kunden.<\/p><p><strong>Wir verstehen, dass die besten Einf\u00e4lle in Sekundenschnelle kommen. Und in Sekundenschnelle \u00fcbersetzen wir sie.<\/strong><\/p><p>\u00dcber ihre Erfolge konnten dank uns die gr\u00f6\u00dften Akteure der FMCG-Branche berichten: Hersteller von Lebens-, Hygiene-, Reinigungs- und Nahrungserg\u00e4nzungsmitteln. Ihr Vertrauen hat uns eine polnische Firma geschenkt, die zu den europaweit gr\u00f6\u00dften Herstellern von Fenstern und T\u00fcren z\u00e4hlt. Wir \u00fcbersetzen Marketingmaterialien f\u00fcr Industrie, Pharmazie, neue Technologien. Wir sind stolz darauf, dass wir in vielen L\u00e4ndern von den Erfolgen unserer Partner h\u00f6ren.<\/p><p><strong>Wir wirken mit an der Gestaltung von Werbebotschaften. Die Slogans klingen in jeder Sprache genauso griffig<\/strong><\/p><p>dank der Kreativit\u00e4t unserer \u00dcbersetzer. Und wenn es gilt, eine Pressekonferenz f\u00fcr G\u00e4ste aus dem Ausland zu organisieren, f\u00fcr Kontrahenten aus mehreren L\u00e4ndern Kooperationsvertr\u00e4ge \u00fcber Werbema\u00dfnahmen zu \u00fcbersetzen oder eine Reihe von Eintr\u00e4gen ins Intranet f\u00fcr die polnischen Mitarbeiter eines Global Players zu \u00fcbersetzen, sind wir immer gerne mit von der Partie.<\/p><p>Wir helfen die Welt zu erobern. W\u00f6rtlich.<\/p><p>&nbsp;<\/p><\/div>\r\n\t<\/div>\r\n\r\n\r\n\t\t\r\n\r\n<\/div>\r\n<\/div>\n\n<div class=\"fw-row\">\n\t\r\n<div class=\"sh-column sh-column-cd975ff18cc86efa54c8f3b626a823be fw-col-xs-12 fw-col-sm-6 arrow-left\" >\r\n\r\n\t\r\n\t<div class=\"sh-column-wrapper\">\r\n\t\t\r\n<div id=\"button-c8c250798498486595fbb00c3ad5e51a\" class=\"sh-button-container  sh-button-style-3\">\r\n\t<div class=\"sh-element-margin\">\r\n\t\t<a href=\"https:\/\/www.translationstreet.pl\/medycyna\/\" target=\"_self\" class=\"sh-button sh-button-xlarge sh-button-icon-left\">\r\n\r\n\t\t\t\t\t\t\t<span class=\"sh-button-icon\">\r\n\t\t\t\t\t<i class=\"ti-angle-left\"><\/i>\r\n\t\t\t\t<\/span>\r\n\t\t\t\r\n\t\t\t\r\n\t\t\t\r\n\t\t<\/a>\r\n\t\t\t<\/div>\r\n<\/div>\r\n\t<\/div>\r\n\r\n\r\n\t\t\r\n\r\n<\/div>\r\n\r\n<div class=\"sh-column sh-column-4db900a214a485680d87f7bf9d12b2e6 fw-col-xs-12 fw-col-sm-6 arrow-right\" >\r\n\r\n\t\r\n\t<div class=\"sh-column-wrapper\">\r\n\t\t\r\n<div id=\"button-420a629085b535e5610eaa43082563c3\" class=\"sh-button-container  sh-button-style-3\">\r\n\t<div class=\"sh-element-margin\">\r\n\t\t<a href=\"https:\/\/www.translationstreet.pl\/wydawnictwa\/\" target=\"_self\" class=\"sh-button sh-button-xlarge sh-button-icon-right\">\r\n\r\n\t\t\t\t\t\t\t<span class=\"sh-button-icon\">\r\n\t\t\t\t\t<i class=\"ti-angle-right\"><\/i>\r\n\t\t\t\t<\/span>\r\n\t\t\t\r\n\t\t\t\r\n\t\t\t\r\n\t\t<\/a>\r\n\t\t\t<\/div>\r\n<\/div>\r\n\t<\/div>\r\n\r\n\r\n\t\t\r\n\r\n<\/div>\r\n<\/div>\n\n\t<\/div>\r\n<\/section>\r\n\n","protected":false},"excerpt":{"rendered":"<p>Marketing Die Welt ver\u00e4ndert sich und damit ver\u00e4ndert sich auch Ihre Firma. Innovationen sind ein untrennbarer Bestandteil Ihres Lebens, des Lebens Ihrer Mitarbeiter und Kunden. Wir helfen Ihnen, dar\u00fcber zu erz\u00e4hlen. Jedem.Unseren Partnern bieten wir \u00dcbersetzungen in alle Sprachen der Erde,darunter auch exotische.Wir bieten au\u00dferdem&#8230;<\/p>\n","protected":false},"author":2,"featured_media":0,"parent":0,"menu_order":0,"comment_status":"closed","ping_status":"closed","template":"","meta":{"_acf_changed":false,"footnotes":""},"class_list":["post-8935","page","type-page","status-publish","hentry"],"acf":[],"yoast_head":"<!-- This site is optimized with the Yoast SEO plugin v27.3 - https:\/\/yoast.com\/product\/yoast-seo-wordpress\/ -->\n<title>Marketing - Translation Street Krak\u00f3w<\/title>\n<meta name=\"description\" content=\"Marketing Die Welt ver\u00e4ndert sich und damit ver\u00e4ndert sich auch Ihre Firma. Innovationen sind ein untrennbarer Bestandteil Ihres Lebens, des Lebens Ihrer\" \/>\n<meta name=\"robots\" content=\"index, follow, max-snippet:-1, max-image-preview:large, max-video-preview:-1\" \/>\n<link rel=\"canonical\" href=\"https:\/\/www.translationstreet.pl\/de\/marketing\/\" \/>\n<meta property=\"og:locale\" content=\"de_DE\" \/>\n<meta property=\"og:type\" content=\"article\" \/>\n<meta property=\"og:title\" content=\"Marketing - Translation Street Krak\u00f3w\" \/>\n<meta property=\"og:description\" content=\"Marketing Die Welt ver\u00e4ndert sich und damit ver\u00e4ndert sich auch Ihre Firma. Innovationen sind ein untrennbarer Bestandteil Ihres Lebens, des Lebens Ihrer\" \/>\n<meta property=\"og:url\" content=\"https:\/\/www.translationstreet.pl\/de\/marketing\/\" \/>\n<meta property=\"og:site_name\" content=\"Translation Street Krak\u00f3w\" \/>\n<meta property=\"article:modified_time\" content=\"2019-12-16T13:25:04+00:00\" \/>\n<meta name=\"twitter:card\" content=\"summary_large_image\" \/>\n<meta name=\"twitter:label1\" content=\"Gesch\u00e4tzte Lesezeit\" \/>\n\t<meta name=\"twitter:data1\" content=\"1\u00a0Minute\" \/>\n<script type=\"application\/ld+json\" class=\"yoast-schema-graph\">{\"@context\":\"https:\\\/\\\/schema.org\",\"@graph\":[{\"@type\":\"WebPage\",\"@id\":\"https:\\\/\\\/www.translationstreet.pl\\\/de\\\/marketing\\\/\",\"url\":\"https:\\\/\\\/www.translationstreet.pl\\\/de\\\/marketing\\\/\",\"name\":\"Marketing - Translation Street Krak\u00f3w\",\"isPartOf\":{\"@id\":\"https:\\\/\\\/www.translationstreet.pl\\\/de\\\/#website\"},\"datePublished\":\"2016-10-31T10:09:09+00:00\",\"dateModified\":\"2019-12-16T13:25:04+00:00\",\"description\":\"Marketing Die Welt ver\u00e4ndert sich und damit ver\u00e4ndert sich auch Ihre Firma. Innovationen sind ein untrennbarer Bestandteil Ihres Lebens, des Lebens Ihrer\",\"breadcrumb\":{\"@id\":\"https:\\\/\\\/www.translationstreet.pl\\\/de\\\/marketing\\\/#breadcrumb\"},\"inLanguage\":\"de\",\"potentialAction\":[{\"@type\":\"ReadAction\",\"target\":[\"https:\\\/\\\/www.translationstreet.pl\\\/de\\\/marketing\\\/\"]}]},{\"@type\":\"BreadcrumbList\",\"@id\":\"https:\\\/\\\/www.translationstreet.pl\\\/de\\\/marketing\\\/#breadcrumb\",\"itemListElement\":[{\"@type\":\"ListItem\",\"position\":1,\"name\":\"Strona g\u0142\u00f3wna\",\"item\":\"https:\\\/\\\/www.translationstreet.pl\\\/de\\\/\"},{\"@type\":\"ListItem\",\"position\":2,\"name\":\"Marketing\"}]},{\"@type\":\"WebSite\",\"@id\":\"https:\\\/\\\/www.translationstreet.pl\\\/de\\\/#website\",\"url\":\"https:\\\/\\\/www.translationstreet.pl\\\/de\\\/\",\"name\":\"Translation Street Krak\u00f3w\",\"description\":\"Przygotowujemy profesjonalne t\u0142umaczenia pisemne we wszystkich j\u0119zykach \u015bwiata i dostosowujemy ich rodzaj do potrzeb klient\u00f3w.  Translation Street. Terminowo. S\u0142owo.\",\"publisher\":{\"@id\":\"https:\\\/\\\/www.translationstreet.pl\\\/de\\\/#organization\"},\"potentialAction\":[{\"@type\":\"SearchAction\",\"target\":{\"@type\":\"EntryPoint\",\"urlTemplate\":\"https:\\\/\\\/www.translationstreet.pl\\\/de\\\/?s={search_term_string}\"},\"query-input\":{\"@type\":\"PropertyValueSpecification\",\"valueRequired\":true,\"valueName\":\"search_term_string\"}}],\"inLanguage\":\"de\"},{\"@type\":\"Organization\",\"@id\":\"https:\\\/\\\/www.translationstreet.pl\\\/de\\\/#organization\",\"name\":\"Translation Street Krak\u00f3w\",\"url\":\"https:\\\/\\\/www.translationstreet.pl\\\/de\\\/\",\"logo\":{\"@type\":\"ImageObject\",\"inLanguage\":\"de\",\"@id\":\"https:\\\/\\\/www.translationstreet.pl\\\/de\\\/#\\\/schema\\\/logo\\\/image\\\/\",\"url\":\"https:\\\/\\\/www.translationstreet.pl\\\/wp-content\\\/uploads\\\/2016\\\/11\\\/logoColor2.png\",\"contentUrl\":\"https:\\\/\\\/www.translationstreet.pl\\\/wp-content\\\/uploads\\\/2016\\\/11\\\/logoColor2.png\",\"width\":409,\"height\":46,\"caption\":\"Translation Street Krak\u00f3w\"},\"image\":{\"@id\":\"https:\\\/\\\/www.translationstreet.pl\\\/de\\\/#\\\/schema\\\/logo\\\/image\\\/\"}}]}<\/script>\n<!-- \/ Yoast SEO plugin. -->","yoast_head_json":{"title":"Marketing - Translation Street Krak\u00f3w","description":"Marketing Die Welt ver\u00e4ndert sich und damit ver\u00e4ndert sich auch Ihre Firma. Innovationen sind ein untrennbarer Bestandteil Ihres Lebens, des Lebens Ihrer","robots":{"index":"index","follow":"follow","max-snippet":"max-snippet:-1","max-image-preview":"max-image-preview:large","max-video-preview":"max-video-preview:-1"},"canonical":"https:\/\/www.translationstreet.pl\/de\/marketing\/","og_locale":"de_DE","og_type":"article","og_title":"Marketing - Translation Street Krak\u00f3w","og_description":"Marketing Die Welt ver\u00e4ndert sich und damit ver\u00e4ndert sich auch Ihre Firma. Innovationen sind ein untrennbarer Bestandteil Ihres Lebens, des Lebens Ihrer","og_url":"https:\/\/www.translationstreet.pl\/de\/marketing\/","og_site_name":"Translation Street Krak\u00f3w","article_modified_time":"2019-12-16T13:25:04+00:00","twitter_card":"summary_large_image","twitter_misc":{"Gesch\u00e4tzte Lesezeit":"1\u00a0Minute"},"schema":{"@context":"https:\/\/schema.org","@graph":[{"@type":"WebPage","@id":"https:\/\/www.translationstreet.pl\/de\/marketing\/","url":"https:\/\/www.translationstreet.pl\/de\/marketing\/","name":"Marketing - Translation Street Krak\u00f3w","isPartOf":{"@id":"https:\/\/www.translationstreet.pl\/de\/#website"},"datePublished":"2016-10-31T10:09:09+00:00","dateModified":"2019-12-16T13:25:04+00:00","description":"Marketing Die Welt ver\u00e4ndert sich und damit ver\u00e4ndert sich auch Ihre Firma. Innovationen sind ein untrennbarer Bestandteil Ihres Lebens, des Lebens Ihrer","breadcrumb":{"@id":"https:\/\/www.translationstreet.pl\/de\/marketing\/#breadcrumb"},"inLanguage":"de","potentialAction":[{"@type":"ReadAction","target":["https:\/\/www.translationstreet.pl\/de\/marketing\/"]}]},{"@type":"BreadcrumbList","@id":"https:\/\/www.translationstreet.pl\/de\/marketing\/#breadcrumb","itemListElement":[{"@type":"ListItem","position":1,"name":"Strona g\u0142\u00f3wna","item":"https:\/\/www.translationstreet.pl\/de\/"},{"@type":"ListItem","position":2,"name":"Marketing"}]},{"@type":"WebSite","@id":"https:\/\/www.translationstreet.pl\/de\/#website","url":"https:\/\/www.translationstreet.pl\/de\/","name":"Translation Street Krak\u00f3w","description":"Przygotowujemy profesjonalne t\u0142umaczenia pisemne we wszystkich j\u0119zykach \u015bwiata i dostosowujemy ich rodzaj do potrzeb klient\u00f3w.  Translation Street. Terminowo. S\u0142owo.","publisher":{"@id":"https:\/\/www.translationstreet.pl\/de\/#organization"},"potentialAction":[{"@type":"SearchAction","target":{"@type":"EntryPoint","urlTemplate":"https:\/\/www.translationstreet.pl\/de\/?s={search_term_string}"},"query-input":{"@type":"PropertyValueSpecification","valueRequired":true,"valueName":"search_term_string"}}],"inLanguage":"de"},{"@type":"Organization","@id":"https:\/\/www.translationstreet.pl\/de\/#organization","name":"Translation Street Krak\u00f3w","url":"https:\/\/www.translationstreet.pl\/de\/","logo":{"@type":"ImageObject","inLanguage":"de","@id":"https:\/\/www.translationstreet.pl\/de\/#\/schema\/logo\/image\/","url":"https:\/\/www.translationstreet.pl\/wp-content\/uploads\/2016\/11\/logoColor2.png","contentUrl":"https:\/\/www.translationstreet.pl\/wp-content\/uploads\/2016\/11\/logoColor2.png","width":409,"height":46,"caption":"Translation Street Krak\u00f3w"},"image":{"@id":"https:\/\/www.translationstreet.pl\/de\/#\/schema\/logo\/image\/"}}]}},"_links":{"self":[{"href":"https:\/\/www.translationstreet.pl\/de\/wp-json\/wp\/v2\/pages\/8935","targetHints":{"allow":["GET"]}}],"collection":[{"href":"https:\/\/www.translationstreet.pl\/de\/wp-json\/wp\/v2\/pages"}],"about":[{"href":"https:\/\/www.translationstreet.pl\/de\/wp-json\/wp\/v2\/types\/page"}],"author":[{"embeddable":true,"href":"https:\/\/www.translationstreet.pl\/de\/wp-json\/wp\/v2\/users\/2"}],"replies":[{"embeddable":true,"href":"https:\/\/www.translationstreet.pl\/de\/wp-json\/wp\/v2\/comments?post=8935"}],"version-history":[{"count":2,"href":"https:\/\/www.translationstreet.pl\/de\/wp-json\/wp\/v2\/pages\/8935\/revisions"}],"predecessor-version":[{"id":9384,"href":"https:\/\/www.translationstreet.pl\/de\/wp-json\/wp\/v2\/pages\/8935\/revisions\/9384"}],"wp:attachment":[{"href":"https:\/\/www.translationstreet.pl\/de\/wp-json\/wp\/v2\/media?parent=8935"}],"curies":[{"name":"wp","href":"https:\/\/api.w.org\/{rel}","templated":true}]}}