{"id":8929,"date":"2016-10-31T11:07:06","date_gmt":"2016-10-31T10:07:06","guid":{"rendered":"http:\/\/www.translationstreet.pl\/it\/"},"modified":"2019-12-16T14:26:09","modified_gmt":"2019-12-16T13:26:09","slug":"branchen-it","status":"publish","type":"page","link":"https:\/\/www.translationstreet.pl\/de\/branchen-it\/","title":{"rendered":"IT"},"content":{"rendered":"\r\n<section class=\"sh-section sh-section-7eb85dac7b08863b23056b2350e1ee8d fw-main-row arrow-left-right sh-section-visibility-everywhere\">\r\n\t\r\n\t\r\n\t<div class=\"sh-section-container container section-justify-height\">\r\n\t\t<div class=\"fw-row\">\n\t\r\n<div class=\"sh-column sh-column-e5c78df53a75ef7454e2e9a5a17b9b87 fw-col-xs-12\" >\r\n\r\n\t\r\n\t<div class=\"sh-column-wrapper\">\r\n\t\t\r\n<div class=\"sh-heading  \" id=\"heading-8b61777b462d219f82a13c8ba4d63dd9\">\r\n\t<div class=\"sh-element-margin\">\r\n\r\n\t\t\r\n\t\t\t<h1 class=\"sh-heading-content size-xxxl text-left\">\r\n\t\t\t\tIT\t\t\t<\/h1>\r\n\r\n\t\t\r\n\t<\/div>\r\n<\/div>\r\n\t<\/div>\r\n\r\n\r\n\t\t\r\n\r\n<\/div>\r\n<\/div>\n\n<div class=\"fw-row\">\n\t\r\n<div class=\"sh-column sh-column-0b5864603f42cbec045699e2fdaf12c7 fw-col-xs-12 fw-col-sm-6\" >\r\n\r\n\t\r\n\t<div class=\"sh-column-wrapper\">\r\n\t\t\t<\/div>\r\n\r\n\r\n\t\t\r\n\r\n<\/div>\r\n\r\n<div class=\"sh-column sh-column-08f2d0f93da3ea2f172dbd60a4a113da fw-col-xs-12 fw-col-sm-6\" >\r\n\r\n\t\r\n\t<div class=\"sh-column-wrapper\">\r\n\t\t\r\n<div id=\"text-block-3486c8bbc7f480625092ad2902a78c7c\" class=\"sh-text-block\">\r\n\t<p>Intelligente Ger\u00e4te haben unser Leben einfacher gemacht. Dank des Informationsflusses liegt die Welt in Reichweite. Applikationen erleichtern den Alltag. In einem gewissen Ma\u00dfe auch dank uns.<\/p><p>Wenn Sie Ihr Auto dank einer virtuellen Landkarte parken, dann nutzen Sie unsere \u00dcbersetzungen. Wir haben Instruktionen f\u00fcr die Hersteller von Smartphone-Apps \u00fcbersetzt und \u2026 f\u00fcr den gr\u00f6\u00dften Konkurrenten des Smartphones.<\/p><p><strong>Unser Kunde war die gr\u00f6\u00dfte Suchmaschine der Welt,<\/strong><\/p><p>deren Geschichte in einer amerikanischen Garage begonnen hat.<\/p><p>Wir haben f\u00fcr einen Konzern der Mobilfunkbranche \u00fcbersetzt, der, obwohl er aus einem kleinen skandinavischen Land stammt, alle Kontinente erobert hat. Wir f\u00fchlen uns als Teil des ungeheuren Erfolgs dieser Firmen und k\u00f6nnen mit Zufriedenheit behaupten: Wir verbinden Menschen durch \u00dcbersetzung.<\/p><p>Unsere \u00dcbersetzer sind haupts\u00e4chlich junge, aktive Profis, die sich kein Leben ohne High-tech vorstellen k\u00f6nnen. Deshalb k\u00f6nnen Sie sicher sein, dass<\/p><p><strong>die Texte, die Sie uns anvertrauen, mit Leidenschaft und Sachverstand unter Verwendung der korrekten Fachterminologie \u00fcbersetzt werden.<\/strong><\/p><p>\u00c4hnlich sieht es mit Dolmetscherdiensten aus \u2013 auf Konferenzen oder beim Brainstorming gew\u00e4hrleisten wir Pr\u00e4zision und halten die kreative Atmosph\u00e4re aufrecht. So wie\u00a0 IT-Technologien keine Grenzen kennen, so<\/p><p><strong>stellen auch wir keine Barrieren auf, was die Sprachen anbelangt, mit und in denen wir arbeiten.<\/strong><\/p><p>Wir haben sogar ins Kiswahili \u00fcbersetzt! Wir sind dabei zuverl\u00e4ssig wie ein Algorithmus und arbeiten mit Lichtgeschwindigkeit. Wenn Sie ein Start-up sind, k\u00f6nnen Sie uns Ihre Idee ohne Z\u00f6gern anvertrauen \u2013 alle unsere \u00dcbersetzer und Redakteure haben eine Vertraulichkeitsklausel unterschrieben. Und wenn Sie sich blitzschnell mit einem Investor verabreden wollen, beauftragen Sie uns mit der \u00dcbersetzung Ihres Projekts. Immer termingerecht. Echt.<\/p><\/div>\r\n\t<\/div>\r\n\r\n\r\n\t\t\r\n\r\n<\/div>\r\n<\/div>\n\n<div class=\"fw-row\">\n\t\r\n<div class=\"sh-column sh-column-cd975ff18cc86efa54c8f3b626a823be fw-col-xs-12 fw-col-sm-6 arrow-left\" >\r\n\r\n\t\r\n\t<div class=\"sh-column-wrapper\">\r\n\t\t\r\n<div id=\"button-c8c250798498486595fbb00c3ad5e51a\" class=\"sh-button-container  sh-button-style-3\">\r\n\t<div class=\"sh-element-margin\">\r\n\t\t<a href=\"https:\/\/www.translationstreet.pl\/finanse\/\" target=\"_self\" class=\"sh-button sh-button-xlarge sh-button-icon-left\">\r\n\r\n\t\t\t\t\t\t\t<span class=\"sh-button-icon\">\r\n\t\t\t\t\t<i class=\"ti-angle-left\"><\/i>\r\n\t\t\t\t<\/span>\r\n\t\t\t\r\n\t\t\t\r\n\t\t\t\r\n\t\t<\/a>\r\n\t\t\t<\/div>\r\n<\/div>\r\n\t<\/div>\r\n\r\n\r\n\t\t\r\n\r\n<\/div>\r\n\r\n<div class=\"sh-column sh-column-4db900a214a485680d87f7bf9d12b2e6 fw-col-xs-12 fw-col-sm-6 arrow-right\" >\r\n\r\n\t\r\n\t<div class=\"sh-column-wrapper\">\r\n\t\t\r\n<div id=\"button-420a629085b535e5610eaa43082563c3\" class=\"sh-button-container  sh-button-style-3\">\r\n\t<div class=\"sh-element-margin\">\r\n\t\t<a href=\"https:\/\/www.translationstreet.pl\/medycyna\/\" target=\"_self\" class=\"sh-button sh-button-xlarge sh-button-icon-right\">\r\n\r\n\t\t\t\t\t\t\t<span class=\"sh-button-icon\">\r\n\t\t\t\t\t<i class=\"ti-angle-right\"><\/i>\r\n\t\t\t\t<\/span>\r\n\t\t\t\r\n\t\t\t\r\n\t\t\t\r\n\t\t<\/a>\r\n\t\t\t<\/div>\r\n<\/div>\r\n\t<\/div>\r\n\r\n\r\n\t\t\r\n\r\n<\/div>\r\n<\/div>\n\n\t<\/div>\r\n<\/section>\r\n\n","protected":false},"excerpt":{"rendered":"<p>IT Intelligente Ger\u00e4te haben unser Leben einfacher gemacht. Dank des Informationsflusses liegt die Welt in Reichweite. Applikationen erleichtern den Alltag. In einem gewissen Ma\u00dfe auch dank uns.Wenn Sie Ihr Auto dank einer virtuellen Landkarte parken, dann nutzen Sie unsere \u00dcbersetzungen. Wir haben Instruktionen f\u00fcr die&#8230;<\/p>\n","protected":false},"author":2,"featured_media":0,"parent":0,"menu_order":0,"comment_status":"closed","ping_status":"closed","template":"","meta":{"_acf_changed":false,"footnotes":""},"class_list":["post-8929","page","type-page","status-publish","hentry"],"acf":[],"yoast_head":"<!-- This site is optimized with the Yoast SEO plugin v27.3 - https:\/\/yoast.com\/product\/yoast-seo-wordpress\/ -->\n<title>IT - Translation Street Krak\u00f3w<\/title>\n<meta name=\"description\" content=\"IT Intelligente Ger\u00e4te haben unser Leben einfacher gemacht. Dank des Informationsflusses liegt die Welt in Reichweite. Applikationen erleichtern den\" \/>\n<meta name=\"robots\" content=\"index, follow, max-snippet:-1, max-image-preview:large, max-video-preview:-1\" \/>\n<link rel=\"canonical\" href=\"https:\/\/www.translationstreet.pl\/de\/branchen-it\/\" \/>\n<meta property=\"og:locale\" content=\"de_DE\" \/>\n<meta property=\"og:type\" content=\"article\" \/>\n<meta property=\"og:title\" content=\"IT - Translation Street Krak\u00f3w\" \/>\n<meta property=\"og:description\" content=\"IT Intelligente Ger\u00e4te haben unser Leben einfacher gemacht. Dank des Informationsflusses liegt die Welt in Reichweite. Applikationen erleichtern den\" \/>\n<meta property=\"og:url\" content=\"https:\/\/www.translationstreet.pl\/de\/branchen-it\/\" \/>\n<meta property=\"og:site_name\" content=\"Translation Street Krak\u00f3w\" \/>\n<meta property=\"article:modified_time\" content=\"2019-12-16T13:26:09+00:00\" \/>\n<meta name=\"twitter:card\" content=\"summary_large_image\" \/>\n<meta name=\"twitter:label1\" content=\"Gesch\u00e4tzte Lesezeit\" \/>\n\t<meta name=\"twitter:data1\" content=\"1\u00a0Minute\" \/>\n<script type=\"application\/ld+json\" class=\"yoast-schema-graph\">{\"@context\":\"https:\\\/\\\/schema.org\",\"@graph\":[{\"@type\":\"WebPage\",\"@id\":\"https:\\\/\\\/www.translationstreet.pl\\\/de\\\/branchen-it\\\/\",\"url\":\"https:\\\/\\\/www.translationstreet.pl\\\/de\\\/branchen-it\\\/\",\"name\":\"IT - Translation Street Krak\u00f3w\",\"isPartOf\":{\"@id\":\"https:\\\/\\\/www.translationstreet.pl\\\/de\\\/#website\"},\"datePublished\":\"2016-10-31T10:07:06+00:00\",\"dateModified\":\"2019-12-16T13:26:09+00:00\",\"description\":\"IT Intelligente Ger\u00e4te haben unser Leben einfacher gemacht. Dank des Informationsflusses liegt die Welt in Reichweite. Applikationen erleichtern den\",\"breadcrumb\":{\"@id\":\"https:\\\/\\\/www.translationstreet.pl\\\/de\\\/branchen-it\\\/#breadcrumb\"},\"inLanguage\":\"de\",\"potentialAction\":[{\"@type\":\"ReadAction\",\"target\":[\"https:\\\/\\\/www.translationstreet.pl\\\/de\\\/branchen-it\\\/\"]}]},{\"@type\":\"BreadcrumbList\",\"@id\":\"https:\\\/\\\/www.translationstreet.pl\\\/de\\\/branchen-it\\\/#breadcrumb\",\"itemListElement\":[{\"@type\":\"ListItem\",\"position\":1,\"name\":\"Strona g\u0142\u00f3wna\",\"item\":\"https:\\\/\\\/www.translationstreet.pl\\\/de\\\/\"},{\"@type\":\"ListItem\",\"position\":2,\"name\":\"IT\"}]},{\"@type\":\"WebSite\",\"@id\":\"https:\\\/\\\/www.translationstreet.pl\\\/de\\\/#website\",\"url\":\"https:\\\/\\\/www.translationstreet.pl\\\/de\\\/\",\"name\":\"Translation Street Krak\u00f3w\",\"description\":\"Przygotowujemy profesjonalne t\u0142umaczenia pisemne we wszystkich j\u0119zykach \u015bwiata i dostosowujemy ich rodzaj do potrzeb klient\u00f3w.  Translation Street. Terminowo. S\u0142owo.\",\"publisher\":{\"@id\":\"https:\\\/\\\/www.translationstreet.pl\\\/de\\\/#organization\"},\"potentialAction\":[{\"@type\":\"SearchAction\",\"target\":{\"@type\":\"EntryPoint\",\"urlTemplate\":\"https:\\\/\\\/www.translationstreet.pl\\\/de\\\/?s={search_term_string}\"},\"query-input\":{\"@type\":\"PropertyValueSpecification\",\"valueRequired\":true,\"valueName\":\"search_term_string\"}}],\"inLanguage\":\"de\"},{\"@type\":\"Organization\",\"@id\":\"https:\\\/\\\/www.translationstreet.pl\\\/de\\\/#organization\",\"name\":\"Translation Street Krak\u00f3w\",\"url\":\"https:\\\/\\\/www.translationstreet.pl\\\/de\\\/\",\"logo\":{\"@type\":\"ImageObject\",\"inLanguage\":\"de\",\"@id\":\"https:\\\/\\\/www.translationstreet.pl\\\/de\\\/#\\\/schema\\\/logo\\\/image\\\/\",\"url\":\"https:\\\/\\\/www.translationstreet.pl\\\/wp-content\\\/uploads\\\/2016\\\/11\\\/logoColor2.png\",\"contentUrl\":\"https:\\\/\\\/www.translationstreet.pl\\\/wp-content\\\/uploads\\\/2016\\\/11\\\/logoColor2.png\",\"width\":409,\"height\":46,\"caption\":\"Translation Street Krak\u00f3w\"},\"image\":{\"@id\":\"https:\\\/\\\/www.translationstreet.pl\\\/de\\\/#\\\/schema\\\/logo\\\/image\\\/\"}}]}<\/script>\n<!-- \/ Yoast SEO plugin. -->","yoast_head_json":{"title":"IT - Translation Street Krak\u00f3w","description":"IT Intelligente Ger\u00e4te haben unser Leben einfacher gemacht. Dank des Informationsflusses liegt die Welt in Reichweite. Applikationen erleichtern den","robots":{"index":"index","follow":"follow","max-snippet":"max-snippet:-1","max-image-preview":"max-image-preview:large","max-video-preview":"max-video-preview:-1"},"canonical":"https:\/\/www.translationstreet.pl\/de\/branchen-it\/","og_locale":"de_DE","og_type":"article","og_title":"IT - Translation Street Krak\u00f3w","og_description":"IT Intelligente Ger\u00e4te haben unser Leben einfacher gemacht. Dank des Informationsflusses liegt die Welt in Reichweite. Applikationen erleichtern den","og_url":"https:\/\/www.translationstreet.pl\/de\/branchen-it\/","og_site_name":"Translation Street Krak\u00f3w","article_modified_time":"2019-12-16T13:26:09+00:00","twitter_card":"summary_large_image","twitter_misc":{"Gesch\u00e4tzte Lesezeit":"1\u00a0Minute"},"schema":{"@context":"https:\/\/schema.org","@graph":[{"@type":"WebPage","@id":"https:\/\/www.translationstreet.pl\/de\/branchen-it\/","url":"https:\/\/www.translationstreet.pl\/de\/branchen-it\/","name":"IT - Translation Street Krak\u00f3w","isPartOf":{"@id":"https:\/\/www.translationstreet.pl\/de\/#website"},"datePublished":"2016-10-31T10:07:06+00:00","dateModified":"2019-12-16T13:26:09+00:00","description":"IT Intelligente Ger\u00e4te haben unser Leben einfacher gemacht. Dank des Informationsflusses liegt die Welt in Reichweite. Applikationen erleichtern den","breadcrumb":{"@id":"https:\/\/www.translationstreet.pl\/de\/branchen-it\/#breadcrumb"},"inLanguage":"de","potentialAction":[{"@type":"ReadAction","target":["https:\/\/www.translationstreet.pl\/de\/branchen-it\/"]}]},{"@type":"BreadcrumbList","@id":"https:\/\/www.translationstreet.pl\/de\/branchen-it\/#breadcrumb","itemListElement":[{"@type":"ListItem","position":1,"name":"Strona g\u0142\u00f3wna","item":"https:\/\/www.translationstreet.pl\/de\/"},{"@type":"ListItem","position":2,"name":"IT"}]},{"@type":"WebSite","@id":"https:\/\/www.translationstreet.pl\/de\/#website","url":"https:\/\/www.translationstreet.pl\/de\/","name":"Translation Street Krak\u00f3w","description":"Przygotowujemy profesjonalne t\u0142umaczenia pisemne we wszystkich j\u0119zykach \u015bwiata i dostosowujemy ich rodzaj do potrzeb klient\u00f3w.  Translation Street. Terminowo. S\u0142owo.","publisher":{"@id":"https:\/\/www.translationstreet.pl\/de\/#organization"},"potentialAction":[{"@type":"SearchAction","target":{"@type":"EntryPoint","urlTemplate":"https:\/\/www.translationstreet.pl\/de\/?s={search_term_string}"},"query-input":{"@type":"PropertyValueSpecification","valueRequired":true,"valueName":"search_term_string"}}],"inLanguage":"de"},{"@type":"Organization","@id":"https:\/\/www.translationstreet.pl\/de\/#organization","name":"Translation Street Krak\u00f3w","url":"https:\/\/www.translationstreet.pl\/de\/","logo":{"@type":"ImageObject","inLanguage":"de","@id":"https:\/\/www.translationstreet.pl\/de\/#\/schema\/logo\/image\/","url":"https:\/\/www.translationstreet.pl\/wp-content\/uploads\/2016\/11\/logoColor2.png","contentUrl":"https:\/\/www.translationstreet.pl\/wp-content\/uploads\/2016\/11\/logoColor2.png","width":409,"height":46,"caption":"Translation Street Krak\u00f3w"},"image":{"@id":"https:\/\/www.translationstreet.pl\/de\/#\/schema\/logo\/image\/"}}]}},"_links":{"self":[{"href":"https:\/\/www.translationstreet.pl\/de\/wp-json\/wp\/v2\/pages\/8929","targetHints":{"allow":["GET"]}}],"collection":[{"href":"https:\/\/www.translationstreet.pl\/de\/wp-json\/wp\/v2\/pages"}],"about":[{"href":"https:\/\/www.translationstreet.pl\/de\/wp-json\/wp\/v2\/types\/page"}],"author":[{"embeddable":true,"href":"https:\/\/www.translationstreet.pl\/de\/wp-json\/wp\/v2\/users\/2"}],"replies":[{"embeddable":true,"href":"https:\/\/www.translationstreet.pl\/de\/wp-json\/wp\/v2\/comments?post=8929"}],"version-history":[{"count":2,"href":"https:\/\/www.translationstreet.pl\/de\/wp-json\/wp\/v2\/pages\/8929\/revisions"}],"predecessor-version":[{"id":8961,"href":"https:\/\/www.translationstreet.pl\/de\/wp-json\/wp\/v2\/pages\/8929\/revisions\/8961"}],"wp:attachment":[{"href":"https:\/\/www.translationstreet.pl\/de\/wp-json\/wp\/v2\/media?parent=8929"}],"curies":[{"name":"wp","href":"https:\/\/api.w.org\/{rel}","templated":true}]}}