{"id":8923,"date":"2016-05-23T17:21:39","date_gmt":"2016-05-23T14:21:39","guid":{"rendered":"http:\/\/www.translationstreet.pl\/industry\/"},"modified":"2019-12-16T14:31:35","modified_gmt":"2019-12-16T13:31:35","slug":"industrie","status":"publish","type":"page","link":"https:\/\/www.translationstreet.pl\/de\/industrie\/","title":{"rendered":"Industrie"},"content":{"rendered":"\r\n<section class=\"sh-section sh-section-7eb85dac7b08863b23056b2350e1ee8d fw-main-row arrow-left-right sh-section-visibility-everywhere\">\r\n\t\r\n\t\r\n\t<div class=\"sh-section-container container section-justify-height\">\r\n\t\t<div class=\"fw-row\">\n\t\r\n<div class=\"sh-column sh-column-e5c78df53a75ef7454e2e9a5a17b9b87 fw-col-xs-12\" >\r\n\r\n\t\r\n\t<div class=\"sh-column-wrapper\">\r\n\t\t\r\n<div class=\"sh-heading  \" id=\"heading-8b61777b462d219f82a13c8ba4d63dd9\">\r\n\t<div class=\"sh-element-margin\">\r\n\r\n\t\t\r\n\t\t\t<h1 class=\"sh-heading-content size-xxxl text-left\">\r\n\t\t\t\tIndustrie\t\t\t<\/h1>\r\n\r\n\t\t\r\n\t<\/div>\r\n<\/div>\r\n\t<\/div>\r\n\r\n\r\n\t\t\r\n\r\n<\/div>\r\n<\/div>\n\n<div class=\"fw-row\">\n\t\r\n<div class=\"sh-column sh-column-0b5864603f42cbec045699e2fdaf12c7 fw-col-xs-12 fw-col-sm-6\" >\r\n\r\n\t\r\n\t<div class=\"sh-column-wrapper\">\r\n\t\t\t<\/div>\r\n\r\n\r\n\t\t\r\n\r\n<\/div>\r\n\r\n<div class=\"sh-column sh-column-08f2d0f93da3ea2f172dbd60a4a113da fw-col-xs-12 fw-col-sm-6\" >\r\n\r\n\t\r\n\t<div class=\"sh-column-wrapper\">\r\n\t\t\r\n<div id=\"text-block-3486c8bbc7f480625092ad2902a78c7c\" class=\"sh-text-block\">\r\n\t<p>Blicken Sie sich um. Uns umgeben W\u00f6rter, die eine neue Wirklichkeit kreieren. Innovationen ver\u00e4ndern die Welt und wir haben unseren Anteil daran. Wir bieten \u00dcbersetzungen von h\u00f6chster Qualit\u00e4t, damit die Entwicklung keine Grenzen kennt.<\/p><p><strong>Seit Jahren unterst\u00fctzen wir die Industrie mit unseren \u00dcbersetzungen.<\/strong><\/p><p>Wir verf\u00fcgen \u00fcber eine Gruppe erfahrener technischer \u00dcbersetzer, die die Sprache ihrer Branche \u2013 jeder Branche \u2013 fehlerfrei beherrschen. Wir arbeiten in beliebigen Sprachkombinationen. Dadurch kann die ganze Welt Ihr Angebot kennenlernen. Wir sind gnadenlos pr\u00e4zis und unnachgiebig p\u00fcnktlich. Alle unsere \u00dcbersetzer haben eine Vertraulichkeitsklausel unterschrieben, weshalb Sie sicher sein k\u00f6nnen, dass Ihre Projekte sicher sind.<\/p><p><strong>Wir arbeiten f\u00fcr die Luftfahrtbranche<\/strong><\/p><p>sowie f\u00fchrende Hersteller von Eisenbahnwaggons, Fahrzeugen des \u00f6ffentlichen Personenverkehrs und Lastkraftwagen.<\/p><p><strong>Wir \u00fcbersetzen f\u00fcr die gr\u00f6\u00dften Akteure<\/strong><\/p><p>auf dem Elektrizit\u00e4ts- und Fernw\u00e4rmemarkt sowie im Bereich der Erd\u00f6lf\u00f6rderung und -verarbeitung. Wir haben mit Kernforschungsinstituten zusammengearbeitet und mit technischen Hochschulen, an denen die Zukunft der Industrie geboren wird. Wir haben vielb\u00e4ndige Instruktionen f\u00fcr Jagdflugzeuge \u00fcbersetzt. Unsere \u00dcbersetzungsdienste f\u00fcr f\u00fchrende polnische Waggon- und Autobushersteller haben mit dazu beigetragen, dass ihre Produkte in Westeuropa bestens bekannt geworden und gesch\u00e4tzt sind.<\/p><p>Das Vertrauen, das uns unsere Kunden entgegenbringen, bringt Zinsen. Mit Stolz verfolgen wir, wie Firmen, mit denen wir zusammenarbeiten, neue M\u00e4rkte erobern.<\/p><p><strong>Die Welt ver\u00e4ndert sich dank der Industrie. Die Welt ver\u00e4ndert sich dank unserer \u00dcbersetzungen.<\/strong><\/p><\/div>\r\n\t<\/div>\r\n\r\n\r\n\t\t\r\n\r\n<\/div>\r\n<\/div>\n\n<div class=\"fw-row\">\n\t\r\n<div class=\"sh-column sh-column-cd975ff18cc86efa54c8f3b626a823be fw-col-xs-12 fw-col-sm-6 arrow-left\" >\r\n\r\n\t\r\n\t<div class=\"sh-column-wrapper\">\r\n\t\t\r\n<div id=\"button-c8c250798498486595fbb00c3ad5e51a\" class=\"sh-button-container  sh-button-style-3\">\r\n\t<div class=\"sh-element-margin\">\r\n\t\t<a href=\"https:\/\/www.translationstreet.pl\/wydawnictwa\/\" target=\"_self\" class=\"sh-button sh-button-xlarge sh-button-icon-left\">\r\n\r\n\t\t\t\t\t\t\t<span class=\"sh-button-icon\">\r\n\t\t\t\t\t<i class=\"ti-angle-left\"><\/i>\r\n\t\t\t\t<\/span>\r\n\t\t\t\r\n\t\t\t\r\n\t\t\t\r\n\t\t<\/a>\r\n\t\t\t<\/div>\r\n<\/div>\r\n\t<\/div>\r\n\r\n\r\n\t\t\r\n\r\n<\/div>\r\n\r\n<div class=\"sh-column sh-column-4db900a214a485680d87f7bf9d12b2e6 fw-col-xs-12 fw-col-sm-6 arrow-right\" >\r\n\r\n\t\r\n\t<div class=\"sh-column-wrapper\">\r\n\t\t\r\n<div id=\"button-420a629085b535e5610eaa43082563c3\" class=\"sh-button-container  sh-button-style-3\">\r\n\t<div class=\"sh-element-margin\">\r\n\t\t<a href=\"https:\/\/www.translationstreet.pl\/finanse\/\" target=\"_self\" class=\"sh-button sh-button-xlarge sh-button-icon-right\">\r\n\r\n\t\t\t\t\t\t\t<span class=\"sh-button-icon\">\r\n\t\t\t\t\t<i class=\"ti-angle-right\"><\/i>\r\n\t\t\t\t<\/span>\r\n\t\t\t\r\n\t\t\t\r\n\t\t\t\r\n\t\t<\/a>\r\n\t\t\t<\/div>\r\n<\/div>\r\n\t<\/div>\r\n\r\n\r\n\t\t\r\n\r\n<\/div>\r\n<\/div>\n\n\t<\/div>\r\n<\/section>\r\n\n","protected":false},"excerpt":{"rendered":"<p>Industrie Blicken Sie sich um. Uns umgeben W\u00f6rter, die eine neue Wirklichkeit kreieren. Innovationen ver\u00e4ndern die Welt und wir haben unseren Anteil daran. Wir bieten \u00dcbersetzungen von h\u00f6chster Qualit\u00e4t, damit die Entwicklung keine Grenzen kennt.Seit Jahren unterst\u00fctzen wir die Industrie mit unseren \u00dcbersetzungen.Wir verf\u00fcgen \u00fcber&#8230;<\/p>\n","protected":false},"author":1,"featured_media":0,"parent":0,"menu_order":0,"comment_status":"closed","ping_status":"closed","template":"","meta":{"_acf_changed":false,"footnotes":""},"class_list":["post-8923","page","type-page","status-publish","hentry"],"acf":[],"yoast_head":"<!-- This site is optimized with the Yoast SEO plugin v27.3 - https:\/\/yoast.com\/product\/yoast-seo-wordpress\/ -->\n<title>Industrie - Translation Street Krak\u00f3w<\/title>\n<meta name=\"description\" content=\"Industrie Blicken Sie sich um. Uns umgeben W\u00f6rter, die eine neue Wirklichkeit kreieren. Innovationen ver\u00e4ndern die Welt und wir haben unseren Anteil\" \/>\n<meta name=\"robots\" content=\"index, follow, max-snippet:-1, max-image-preview:large, max-video-preview:-1\" \/>\n<link rel=\"canonical\" href=\"https:\/\/www.translationstreet.pl\/de\/industrie\/\" \/>\n<meta property=\"og:locale\" content=\"de_DE\" \/>\n<meta property=\"og:type\" content=\"article\" \/>\n<meta property=\"og:title\" content=\"Industrie - Translation Street Krak\u00f3w\" \/>\n<meta property=\"og:description\" content=\"Industrie Blicken Sie sich um. Uns umgeben W\u00f6rter, die eine neue Wirklichkeit kreieren. Innovationen ver\u00e4ndern die Welt und wir haben unseren Anteil\" \/>\n<meta property=\"og:url\" content=\"https:\/\/www.translationstreet.pl\/de\/industrie\/\" \/>\n<meta property=\"og:site_name\" content=\"Translation Street Krak\u00f3w\" \/>\n<meta property=\"article:modified_time\" content=\"2019-12-16T13:31:35+00:00\" \/>\n<meta name=\"twitter:card\" content=\"summary_large_image\" \/>\n<meta name=\"twitter:label1\" content=\"Gesch\u00e4tzte Lesezeit\" \/>\n\t<meta name=\"twitter:data1\" content=\"1\u00a0Minute\" \/>\n<script type=\"application\/ld+json\" class=\"yoast-schema-graph\">{\"@context\":\"https:\\\/\\\/schema.org\",\"@graph\":[{\"@type\":\"WebPage\",\"@id\":\"https:\\\/\\\/www.translationstreet.pl\\\/de\\\/industrie\\\/\",\"url\":\"https:\\\/\\\/www.translationstreet.pl\\\/de\\\/industrie\\\/\",\"name\":\"Industrie - Translation Street Krak\u00f3w\",\"isPartOf\":{\"@id\":\"https:\\\/\\\/www.translationstreet.pl\\\/de\\\/#website\"},\"datePublished\":\"2016-05-23T14:21:39+00:00\",\"dateModified\":\"2019-12-16T13:31:35+00:00\",\"description\":\"Industrie Blicken Sie sich um. Uns umgeben W\u00f6rter, die eine neue Wirklichkeit kreieren. Innovationen ver\u00e4ndern die Welt und wir haben unseren Anteil\",\"breadcrumb\":{\"@id\":\"https:\\\/\\\/www.translationstreet.pl\\\/de\\\/industrie\\\/#breadcrumb\"},\"inLanguage\":\"de\",\"potentialAction\":[{\"@type\":\"ReadAction\",\"target\":[\"https:\\\/\\\/www.translationstreet.pl\\\/de\\\/industrie\\\/\"]}]},{\"@type\":\"BreadcrumbList\",\"@id\":\"https:\\\/\\\/www.translationstreet.pl\\\/de\\\/industrie\\\/#breadcrumb\",\"itemListElement\":[{\"@type\":\"ListItem\",\"position\":1,\"name\":\"Strona g\u0142\u00f3wna\",\"item\":\"https:\\\/\\\/www.translationstreet.pl\\\/de\\\/\"},{\"@type\":\"ListItem\",\"position\":2,\"name\":\"Industrie\"}]},{\"@type\":\"WebSite\",\"@id\":\"https:\\\/\\\/www.translationstreet.pl\\\/de\\\/#website\",\"url\":\"https:\\\/\\\/www.translationstreet.pl\\\/de\\\/\",\"name\":\"Translation Street Krak\u00f3w\",\"description\":\"Przygotowujemy profesjonalne t\u0142umaczenia pisemne we wszystkich j\u0119zykach \u015bwiata i dostosowujemy ich rodzaj do potrzeb klient\u00f3w.  Translation Street. Terminowo. S\u0142owo.\",\"publisher\":{\"@id\":\"https:\\\/\\\/www.translationstreet.pl\\\/de\\\/#organization\"},\"potentialAction\":[{\"@type\":\"SearchAction\",\"target\":{\"@type\":\"EntryPoint\",\"urlTemplate\":\"https:\\\/\\\/www.translationstreet.pl\\\/de\\\/?s={search_term_string}\"},\"query-input\":{\"@type\":\"PropertyValueSpecification\",\"valueRequired\":true,\"valueName\":\"search_term_string\"}}],\"inLanguage\":\"de\"},{\"@type\":\"Organization\",\"@id\":\"https:\\\/\\\/www.translationstreet.pl\\\/de\\\/#organization\",\"name\":\"Translation Street Krak\u00f3w\",\"url\":\"https:\\\/\\\/www.translationstreet.pl\\\/de\\\/\",\"logo\":{\"@type\":\"ImageObject\",\"inLanguage\":\"de\",\"@id\":\"https:\\\/\\\/www.translationstreet.pl\\\/de\\\/#\\\/schema\\\/logo\\\/image\\\/\",\"url\":\"https:\\\/\\\/www.translationstreet.pl\\\/wp-content\\\/uploads\\\/2016\\\/11\\\/logoColor2.png\",\"contentUrl\":\"https:\\\/\\\/www.translationstreet.pl\\\/wp-content\\\/uploads\\\/2016\\\/11\\\/logoColor2.png\",\"width\":409,\"height\":46,\"caption\":\"Translation Street Krak\u00f3w\"},\"image\":{\"@id\":\"https:\\\/\\\/www.translationstreet.pl\\\/de\\\/#\\\/schema\\\/logo\\\/image\\\/\"}}]}<\/script>\n<!-- \/ Yoast SEO plugin. -->","yoast_head_json":{"title":"Industrie - Translation Street Krak\u00f3w","description":"Industrie Blicken Sie sich um. Uns umgeben W\u00f6rter, die eine neue Wirklichkeit kreieren. Innovationen ver\u00e4ndern die Welt und wir haben unseren Anteil","robots":{"index":"index","follow":"follow","max-snippet":"max-snippet:-1","max-image-preview":"max-image-preview:large","max-video-preview":"max-video-preview:-1"},"canonical":"https:\/\/www.translationstreet.pl\/de\/industrie\/","og_locale":"de_DE","og_type":"article","og_title":"Industrie - Translation Street Krak\u00f3w","og_description":"Industrie Blicken Sie sich um. Uns umgeben W\u00f6rter, die eine neue Wirklichkeit kreieren. Innovationen ver\u00e4ndern die Welt und wir haben unseren Anteil","og_url":"https:\/\/www.translationstreet.pl\/de\/industrie\/","og_site_name":"Translation Street Krak\u00f3w","article_modified_time":"2019-12-16T13:31:35+00:00","twitter_card":"summary_large_image","twitter_misc":{"Gesch\u00e4tzte Lesezeit":"1\u00a0Minute"},"schema":{"@context":"https:\/\/schema.org","@graph":[{"@type":"WebPage","@id":"https:\/\/www.translationstreet.pl\/de\/industrie\/","url":"https:\/\/www.translationstreet.pl\/de\/industrie\/","name":"Industrie - Translation Street Krak\u00f3w","isPartOf":{"@id":"https:\/\/www.translationstreet.pl\/de\/#website"},"datePublished":"2016-05-23T14:21:39+00:00","dateModified":"2019-12-16T13:31:35+00:00","description":"Industrie Blicken Sie sich um. Uns umgeben W\u00f6rter, die eine neue Wirklichkeit kreieren. Innovationen ver\u00e4ndern die Welt und wir haben unseren Anteil","breadcrumb":{"@id":"https:\/\/www.translationstreet.pl\/de\/industrie\/#breadcrumb"},"inLanguage":"de","potentialAction":[{"@type":"ReadAction","target":["https:\/\/www.translationstreet.pl\/de\/industrie\/"]}]},{"@type":"BreadcrumbList","@id":"https:\/\/www.translationstreet.pl\/de\/industrie\/#breadcrumb","itemListElement":[{"@type":"ListItem","position":1,"name":"Strona g\u0142\u00f3wna","item":"https:\/\/www.translationstreet.pl\/de\/"},{"@type":"ListItem","position":2,"name":"Industrie"}]},{"@type":"WebSite","@id":"https:\/\/www.translationstreet.pl\/de\/#website","url":"https:\/\/www.translationstreet.pl\/de\/","name":"Translation Street Krak\u00f3w","description":"Przygotowujemy profesjonalne t\u0142umaczenia pisemne we wszystkich j\u0119zykach \u015bwiata i dostosowujemy ich rodzaj do potrzeb klient\u00f3w.  Translation Street. Terminowo. S\u0142owo.","publisher":{"@id":"https:\/\/www.translationstreet.pl\/de\/#organization"},"potentialAction":[{"@type":"SearchAction","target":{"@type":"EntryPoint","urlTemplate":"https:\/\/www.translationstreet.pl\/de\/?s={search_term_string}"},"query-input":{"@type":"PropertyValueSpecification","valueRequired":true,"valueName":"search_term_string"}}],"inLanguage":"de"},{"@type":"Organization","@id":"https:\/\/www.translationstreet.pl\/de\/#organization","name":"Translation Street Krak\u00f3w","url":"https:\/\/www.translationstreet.pl\/de\/","logo":{"@type":"ImageObject","inLanguage":"de","@id":"https:\/\/www.translationstreet.pl\/de\/#\/schema\/logo\/image\/","url":"https:\/\/www.translationstreet.pl\/wp-content\/uploads\/2016\/11\/logoColor2.png","contentUrl":"https:\/\/www.translationstreet.pl\/wp-content\/uploads\/2016\/11\/logoColor2.png","width":409,"height":46,"caption":"Translation Street Krak\u00f3w"},"image":{"@id":"https:\/\/www.translationstreet.pl\/de\/#\/schema\/logo\/image\/"}}]}},"_links":{"self":[{"href":"https:\/\/www.translationstreet.pl\/de\/wp-json\/wp\/v2\/pages\/8923","targetHints":{"allow":["GET"]}}],"collection":[{"href":"https:\/\/www.translationstreet.pl\/de\/wp-json\/wp\/v2\/pages"}],"about":[{"href":"https:\/\/www.translationstreet.pl\/de\/wp-json\/wp\/v2\/types\/page"}],"author":[{"embeddable":true,"href":"https:\/\/www.translationstreet.pl\/de\/wp-json\/wp\/v2\/users\/1"}],"replies":[{"embeddable":true,"href":"https:\/\/www.translationstreet.pl\/de\/wp-json\/wp\/v2\/comments?post=8923"}],"version-history":[{"count":2,"href":"https:\/\/www.translationstreet.pl\/de\/wp-json\/wp\/v2\/pages\/8923\/revisions"}],"predecessor-version":[{"id":8959,"href":"https:\/\/www.translationstreet.pl\/de\/wp-json\/wp\/v2\/pages\/8923\/revisions\/8959"}],"wp:attachment":[{"href":"https:\/\/www.translationstreet.pl\/de\/wp-json\/wp\/v2\/media?parent=8923"}],"curies":[{"name":"wp","href":"https:\/\/api.w.org\/{rel}","templated":true}]}}