{"id":8920,"date":"2016-10-30T10:09:24","date_gmt":"2016-10-30T09:09:24","guid":{"rendered":"http:\/\/www.translationstreet.pl\/editing\/"},"modified":"2019-04-04T17:06:16","modified_gmt":"2019-04-04T15:06:16","slug":"lektorat","status":"publish","type":"page","link":"https:\/\/www.translationstreet.pl\/de\/lektorat\/","title":{"rendered":"Lektorat"},"content":{"rendered":"\r\n<section class=\"sh-section sh-section-7eb85dac7b08863b23056b2350e1ee8d fw-main-row arrow-left-right sh-section-visibility-everywhere\">\r\n\t\r\n\t\r\n\t<div class=\"sh-section-container container section-justify-height\">\r\n\t\t<div class=\"fw-row\">\n\t\r\n<div class=\"sh-column sh-column-e5c78df53a75ef7454e2e9a5a17b9b87 fw-col-xs-12\" >\r\n\r\n\t\r\n\t<div class=\"sh-column-wrapper\">\r\n\t\t\r\n<div class=\"sh-heading  \" id=\"heading-8b61777b462d219f82a13c8ba4d63dd9\">\r\n\t<div class=\"sh-element-margin\">\r\n\r\n\t\t\r\n\t\t\t<h1 class=\"sh-heading-content size-xxxl text-left\">\r\n\t\t\t\tLektorat\t\t\t<\/h1>\r\n\r\n\t\t\r\n\t<\/div>\r\n<\/div>\r\n\t<\/div>\r\n\r\n\r\n\t\t\r\n\r\n<\/div>\r\n<\/div>\n\n<div class=\"fw-row\">\n\t\r\n<div class=\"sh-column sh-column-0b5864603f42cbec045699e2fdaf12c7 fw-col-xs-12 fw-col-sm-6\" >\r\n\r\n\t\r\n\t<div class=\"sh-column-wrapper\">\r\n\t\t\t<\/div>\r\n\r\n\r\n\t\t\r\n\r\n<\/div>\r\n\r\n<div class=\"sh-column sh-column-08f2d0f93da3ea2f172dbd60a4a113da fw-col-xs-12 fw-col-sm-6\" >\r\n\r\n\t\r\n\t<div class=\"sh-column-wrapper\">\r\n\t\t\r\n<div id=\"text-block-3486c8bbc7f480625092ad2902a78c7c\" class=\"sh-text-block\">\r\n\t<p>Lektoren achten auf die absolute sprachliche und stilistische Korrektheit der \u00dcbersetzung. Unsere Lektoren sind Philologen und Muttersprachler, die professionell mit der Sprache der \u00dcbersetzung vertraut sind und \u00fcber ein absolutes Geh\u00f6r f\u00fcr sprachliche Nuancen und Sprachsch\u00f6nheit verf\u00fcgen. Wenn Sie sich f\u00fcr diese Option entscheiden, k\u00f6nnen Sie sicher sein, dass das \u00fcbersetzte Material nicht nur fehlerfrei ist, sondern sich auch gut liest.<\/p><p><strong>Das Lektorat ist die beste Wahl<\/strong> etwa bei Werbe- und Marketingtexten. Es verleiht ihnen \u00c4sthetik und Fl\u00fcssigkeit, bewirkt, dass die Botschaft noch \u00fcberzeugender r\u00fcberkommt und das Image Ihrer Marke noch besser getroffen wird als in einfachen \u00dcbersetzungen. Das Lektorat in der Fremdsprache erm\u00f6glicht eine Anpassung des Materials an die Vorlieben und Gewohnheiten der Empf\u00e4nger im jeweiligen Land. \u00a0Unsere Lektoren im In- und Ausland sind hochklassige Spezialisten, die mit renommierten Verlagen und Kulturinstituten kooperieren. Ihre Texte geben wir stets in beste H\u00e4nde.<strong> Und immer termingerecht. Echt.<\/strong><\/p><\/div>\r\n\t<\/div>\r\n\r\n\r\n\t\t\r\n\r\n<\/div>\r\n<\/div>\n\n<div class=\"fw-row\">\n\t\r\n<div class=\"sh-column sh-column-cd975ff18cc86efa54c8f3b626a823be fw-col-xs-12 fw-col-sm-6 arrow-left\" >\r\n\r\n\t\r\n\t<div class=\"sh-column-wrapper\">\r\n\t\t\r\n<div id=\"button-c8c250798498486595fbb00c3ad5e51a\" class=\"sh-button-container  sh-button-style-3\">\r\n\t<div class=\"sh-element-margin\">\r\n\t\t<a href=\"https:\/\/www.translationstreet.pl\/tlumaczenia-ustne\/\" target=\"_self\" class=\"sh-button sh-button-xlarge sh-button-icon-left\">\r\n\r\n\t\t\t\t\t\t\t<span class=\"sh-button-icon\">\r\n\t\t\t\t\t<i class=\"ti-angle-left\"><\/i>\r\n\t\t\t\t<\/span>\r\n\t\t\t\r\n\t\t\t\r\n\t\t\t\r\n\t\t<\/a>\r\n\t\t\t<\/div>\r\n<\/div>\r\n\t<\/div>\r\n\r\n\r\n\t\t\r\n\r\n<\/div>\r\n\r\n<div class=\"sh-column sh-column-4db900a214a485680d87f7bf9d12b2e6 fw-col-xs-12 fw-col-sm-6 arrow-right\" >\r\n\r\n\t\r\n\t<div class=\"sh-column-wrapper\">\r\n\t\t\r\n<div id=\"button-420a629085b535e5610eaa43082563c3\" class=\"sh-button-container  sh-button-style-3\">\r\n\t<div class=\"sh-element-margin\">\r\n\t\t<a href=\"https:\/\/www.translationstreet.pl\/lokalizacja\/\" target=\"_self\" class=\"sh-button sh-button-xlarge sh-button-icon-right\">\r\n\r\n\t\t\t\t\t\t\t<span class=\"sh-button-icon\">\r\n\t\t\t\t\t<i class=\"ti-angle-right\"><\/i>\r\n\t\t\t\t<\/span>\r\n\t\t\t\r\n\t\t\t\r\n\t\t\t\r\n\t\t<\/a>\r\n\t\t\t<\/div>\r\n<\/div>\r\n\t<\/div>\r\n\r\n\r\n\t\t\r\n\r\n<\/div>\r\n<\/div>\n\n\t<\/div>\r\n<\/section>\r\n\n","protected":false},"excerpt":{"rendered":"<p>Lektorat Lektoren achten auf die absolute sprachliche und stilistische Korrektheit der \u00dcbersetzung. Unsere Lektoren sind Philologen und Muttersprachler, die professionell mit der Sprache der \u00dcbersetzung vertraut sind und \u00fcber ein absolutes Geh\u00f6r f\u00fcr sprachliche Nuancen und Sprachsch\u00f6nheit verf\u00fcgen. Wenn Sie sich f\u00fcr diese Option entscheiden,&#8230;<\/p>\n","protected":false},"author":2,"featured_media":0,"parent":0,"menu_order":0,"comment_status":"closed","ping_status":"closed","template":"","meta":{"_acf_changed":false,"footnotes":""},"class_list":["post-8920","page","type-page","status-publish","hentry"],"acf":[],"yoast_head":"<!-- This site is optimized with the Yoast SEO plugin v27.3 - https:\/\/yoast.com\/product\/yoast-seo-wordpress\/ -->\n<title>Lektorat - Translation Street Krak\u00f3w<\/title>\n<meta name=\"description\" content=\"Lektorat Lektoren achten auf die absolute sprachliche und stilistische Korrektheit der \u00dcbersetzung. Unsere Lektoren sind Philologen und Muttersprachler,\" \/>\n<meta name=\"robots\" content=\"index, follow, max-snippet:-1, max-image-preview:large, max-video-preview:-1\" \/>\n<link rel=\"canonical\" href=\"https:\/\/www.translationstreet.pl\/de\/lektorat\/\" \/>\n<meta property=\"og:locale\" content=\"de_DE\" \/>\n<meta property=\"og:type\" content=\"article\" \/>\n<meta property=\"og:title\" content=\"Lektorat - Translation Street Krak\u00f3w\" \/>\n<meta property=\"og:description\" content=\"Lektorat Lektoren achten auf die absolute sprachliche und stilistische Korrektheit der \u00dcbersetzung. Unsere Lektoren sind Philologen und Muttersprachler,\" \/>\n<meta property=\"og:url\" content=\"https:\/\/www.translationstreet.pl\/de\/lektorat\/\" \/>\n<meta property=\"og:site_name\" content=\"Translation Street Krak\u00f3w\" \/>\n<meta property=\"article:modified_time\" content=\"2019-04-04T15:06:16+00:00\" \/>\n<meta name=\"twitter:card\" content=\"summary_large_image\" \/>\n<meta name=\"twitter:label1\" content=\"Gesch\u00e4tzte Lesezeit\" \/>\n\t<meta name=\"twitter:data1\" content=\"1\u00a0Minute\" \/>\n<script type=\"application\/ld+json\" class=\"yoast-schema-graph\">{\"@context\":\"https:\\\/\\\/schema.org\",\"@graph\":[{\"@type\":\"WebPage\",\"@id\":\"https:\\\/\\\/www.translationstreet.pl\\\/de\\\/lektorat\\\/\",\"url\":\"https:\\\/\\\/www.translationstreet.pl\\\/de\\\/lektorat\\\/\",\"name\":\"Lektorat - Translation Street Krak\u00f3w\",\"isPartOf\":{\"@id\":\"https:\\\/\\\/www.translationstreet.pl\\\/de\\\/#website\"},\"datePublished\":\"2016-10-30T09:09:24+00:00\",\"dateModified\":\"2019-04-04T15:06:16+00:00\",\"description\":\"Lektorat Lektoren achten auf die absolute sprachliche und stilistische Korrektheit der \u00dcbersetzung. Unsere Lektoren sind Philologen und Muttersprachler,\",\"breadcrumb\":{\"@id\":\"https:\\\/\\\/www.translationstreet.pl\\\/de\\\/lektorat\\\/#breadcrumb\"},\"inLanguage\":\"de\",\"potentialAction\":[{\"@type\":\"ReadAction\",\"target\":[\"https:\\\/\\\/www.translationstreet.pl\\\/de\\\/lektorat\\\/\"]}]},{\"@type\":\"BreadcrumbList\",\"@id\":\"https:\\\/\\\/www.translationstreet.pl\\\/de\\\/lektorat\\\/#breadcrumb\",\"itemListElement\":[{\"@type\":\"ListItem\",\"position\":1,\"name\":\"Strona g\u0142\u00f3wna\",\"item\":\"https:\\\/\\\/www.translationstreet.pl\\\/de\\\/\"},{\"@type\":\"ListItem\",\"position\":2,\"name\":\"Lektorat\"}]},{\"@type\":\"WebSite\",\"@id\":\"https:\\\/\\\/www.translationstreet.pl\\\/de\\\/#website\",\"url\":\"https:\\\/\\\/www.translationstreet.pl\\\/de\\\/\",\"name\":\"Translation Street Krak\u00f3w\",\"description\":\"Przygotowujemy profesjonalne t\u0142umaczenia pisemne we wszystkich j\u0119zykach \u015bwiata i dostosowujemy ich rodzaj do potrzeb klient\u00f3w.  Translation Street. Terminowo. S\u0142owo.\",\"publisher\":{\"@id\":\"https:\\\/\\\/www.translationstreet.pl\\\/de\\\/#organization\"},\"potentialAction\":[{\"@type\":\"SearchAction\",\"target\":{\"@type\":\"EntryPoint\",\"urlTemplate\":\"https:\\\/\\\/www.translationstreet.pl\\\/de\\\/?s={search_term_string}\"},\"query-input\":{\"@type\":\"PropertyValueSpecification\",\"valueRequired\":true,\"valueName\":\"search_term_string\"}}],\"inLanguage\":\"de\"},{\"@type\":\"Organization\",\"@id\":\"https:\\\/\\\/www.translationstreet.pl\\\/de\\\/#organization\",\"name\":\"Translation Street Krak\u00f3w\",\"url\":\"https:\\\/\\\/www.translationstreet.pl\\\/de\\\/\",\"logo\":{\"@type\":\"ImageObject\",\"inLanguage\":\"de\",\"@id\":\"https:\\\/\\\/www.translationstreet.pl\\\/de\\\/#\\\/schema\\\/logo\\\/image\\\/\",\"url\":\"https:\\\/\\\/www.translationstreet.pl\\\/wp-content\\\/uploads\\\/2016\\\/11\\\/logoColor2.png\",\"contentUrl\":\"https:\\\/\\\/www.translationstreet.pl\\\/wp-content\\\/uploads\\\/2016\\\/11\\\/logoColor2.png\",\"width\":409,\"height\":46,\"caption\":\"Translation Street Krak\u00f3w\"},\"image\":{\"@id\":\"https:\\\/\\\/www.translationstreet.pl\\\/de\\\/#\\\/schema\\\/logo\\\/image\\\/\"}}]}<\/script>\n<!-- \/ Yoast SEO plugin. -->","yoast_head_json":{"title":"Lektorat - Translation Street Krak\u00f3w","description":"Lektorat Lektoren achten auf die absolute sprachliche und stilistische Korrektheit der \u00dcbersetzung. Unsere Lektoren sind Philologen und Muttersprachler,","robots":{"index":"index","follow":"follow","max-snippet":"max-snippet:-1","max-image-preview":"max-image-preview:large","max-video-preview":"max-video-preview:-1"},"canonical":"https:\/\/www.translationstreet.pl\/de\/lektorat\/","og_locale":"de_DE","og_type":"article","og_title":"Lektorat - Translation Street Krak\u00f3w","og_description":"Lektorat Lektoren achten auf die absolute sprachliche und stilistische Korrektheit der \u00dcbersetzung. Unsere Lektoren sind Philologen und Muttersprachler,","og_url":"https:\/\/www.translationstreet.pl\/de\/lektorat\/","og_site_name":"Translation Street Krak\u00f3w","article_modified_time":"2019-04-04T15:06:16+00:00","twitter_card":"summary_large_image","twitter_misc":{"Gesch\u00e4tzte Lesezeit":"1\u00a0Minute"},"schema":{"@context":"https:\/\/schema.org","@graph":[{"@type":"WebPage","@id":"https:\/\/www.translationstreet.pl\/de\/lektorat\/","url":"https:\/\/www.translationstreet.pl\/de\/lektorat\/","name":"Lektorat - Translation Street Krak\u00f3w","isPartOf":{"@id":"https:\/\/www.translationstreet.pl\/de\/#website"},"datePublished":"2016-10-30T09:09:24+00:00","dateModified":"2019-04-04T15:06:16+00:00","description":"Lektorat Lektoren achten auf die absolute sprachliche und stilistische Korrektheit der \u00dcbersetzung. Unsere Lektoren sind Philologen und Muttersprachler,","breadcrumb":{"@id":"https:\/\/www.translationstreet.pl\/de\/lektorat\/#breadcrumb"},"inLanguage":"de","potentialAction":[{"@type":"ReadAction","target":["https:\/\/www.translationstreet.pl\/de\/lektorat\/"]}]},{"@type":"BreadcrumbList","@id":"https:\/\/www.translationstreet.pl\/de\/lektorat\/#breadcrumb","itemListElement":[{"@type":"ListItem","position":1,"name":"Strona g\u0142\u00f3wna","item":"https:\/\/www.translationstreet.pl\/de\/"},{"@type":"ListItem","position":2,"name":"Lektorat"}]},{"@type":"WebSite","@id":"https:\/\/www.translationstreet.pl\/de\/#website","url":"https:\/\/www.translationstreet.pl\/de\/","name":"Translation Street Krak\u00f3w","description":"Przygotowujemy profesjonalne t\u0142umaczenia pisemne we wszystkich j\u0119zykach \u015bwiata i dostosowujemy ich rodzaj do potrzeb klient\u00f3w.  Translation Street. Terminowo. S\u0142owo.","publisher":{"@id":"https:\/\/www.translationstreet.pl\/de\/#organization"},"potentialAction":[{"@type":"SearchAction","target":{"@type":"EntryPoint","urlTemplate":"https:\/\/www.translationstreet.pl\/de\/?s={search_term_string}"},"query-input":{"@type":"PropertyValueSpecification","valueRequired":true,"valueName":"search_term_string"}}],"inLanguage":"de"},{"@type":"Organization","@id":"https:\/\/www.translationstreet.pl\/de\/#organization","name":"Translation Street Krak\u00f3w","url":"https:\/\/www.translationstreet.pl\/de\/","logo":{"@type":"ImageObject","inLanguage":"de","@id":"https:\/\/www.translationstreet.pl\/de\/#\/schema\/logo\/image\/","url":"https:\/\/www.translationstreet.pl\/wp-content\/uploads\/2016\/11\/logoColor2.png","contentUrl":"https:\/\/www.translationstreet.pl\/wp-content\/uploads\/2016\/11\/logoColor2.png","width":409,"height":46,"caption":"Translation Street Krak\u00f3w"},"image":{"@id":"https:\/\/www.translationstreet.pl\/de\/#\/schema\/logo\/image\/"}}]}},"_links":{"self":[{"href":"https:\/\/www.translationstreet.pl\/de\/wp-json\/wp\/v2\/pages\/8920","targetHints":{"allow":["GET"]}}],"collection":[{"href":"https:\/\/www.translationstreet.pl\/de\/wp-json\/wp\/v2\/pages"}],"about":[{"href":"https:\/\/www.translationstreet.pl\/de\/wp-json\/wp\/v2\/types\/page"}],"author":[{"embeddable":true,"href":"https:\/\/www.translationstreet.pl\/de\/wp-json\/wp\/v2\/users\/2"}],"replies":[{"embeddable":true,"href":"https:\/\/www.translationstreet.pl\/de\/wp-json\/wp\/v2\/comments?post=8920"}],"version-history":[{"count":2,"href":"https:\/\/www.translationstreet.pl\/de\/wp-json\/wp\/v2\/pages\/8920\/revisions"}],"predecessor-version":[{"id":8966,"href":"https:\/\/www.translationstreet.pl\/de\/wp-json\/wp\/v2\/pages\/8920\/revisions\/8966"}],"wp:attachment":[{"href":"https:\/\/www.translationstreet.pl\/de\/wp-json\/wp\/v2\/media?parent=8920"}],"curies":[{"name":"wp","href":"https:\/\/api.w.org\/{rel}","templated":true}]}}